{"id":8463,"date":"2024-08-06T19:52:50","date_gmt":"2024-08-06T16:52:50","guid":{"rendered":"https:\/\/erkanelibol.com.tr\/leylison\/?page_id=8463"},"modified":"2024-08-06T20:13:42","modified_gmt":"2024-08-06T17:13:42","slug":"ekibimiz","status":"publish","type":"page","link":"https:\/\/erkanelibol.com.tr\/leylison\/siyah-e-dergi\/ekibimiz\/","title":{"rendered":"EK\u0130B\u0130M\u0130Z"},"content":{"rendered":"\t\t<div data-elementor-type=\"wp-page\" data-elementor-id=\"8463\" class=\"elementor elementor-8463\">\n\t\t\t\t\t\t<section class=\"elementor-section elementor-top-section elementor-element elementor-element-58a86eb elementor-section-boxed elementor-section-height-default elementor-section-height-default wpr-particle-no wpr-jarallax-no wpr-parallax-no wpr-sticky-section-no\" data-id=\"58a86eb\" data-element_type=\"section\">\n\t\t\t\t\t\t<div class=\"elementor-container elementor-column-gap-default\">\n\t\t\t\t\t<div class=\"elementor-column elementor-col-100 elementor-top-column elementor-element elementor-element-e65de32\" data-id=\"e65de32\" data-element_type=\"column\">\n\t\t\t<div class=\"elementor-widget-wrap elementor-element-populated\">\n\t\t\t\t\n\t\t<div class=\"elementor-element elementor-element-4710570 elementor-widget elementor-widget-heading\" data-id=\"4710570\" data-element_type=\"widget\" data-widget_type=\"heading.default\">\n\t\t\t\t<div class=\"elementor-widget-container\">\n\t\t\t<style>\/*! elementor - v3.23.0 - 05-08-2024 *\/\n.elementor-heading-title{padding:0;margin:0;line-height:1}.elementor-widget-heading .elementor-heading-title[class*=elementor-size-]>a{color:inherit;font-size:inherit;line-height:inherit}.elementor-widget-heading .elementor-heading-title.elementor-size-small{font-size:15px}.elementor-widget-heading .elementor-heading-title.elementor-size-medium{font-size:19px}.elementor-widget-heading .elementor-heading-title.elementor-size-large{font-size:29px}.elementor-widget-heading .elementor-heading-title.elementor-size-xl{font-size:39px}.elementor-widget-heading .elementor-heading-title.elementor-size-xxl{font-size:59px}<\/style><h2 class=\"elementor-heading-title elementor-size-default\">Ekibimiz<\/h2>\t\t<\/div>\n\t\t\t\t<\/div>\n\t\t\t\t\t<\/div>\n\t\t<\/div>\n\t\t\t\t\t<\/div>\n\t\t<\/section>\n\t\t<div class=\"elementor-element elementor-element-0c29459 e-flex e-con-boxed wpr-particle-no wpr-jarallax-no wpr-parallax-no wpr-sticky-section-no e-con e-parent\" data-id=\"0c29459\" data-element_type=\"container\">\n\t\t\t\t\t<div class=\"e-con-inner\">\n\t\t<div class=\"elementor-element elementor-element-550a2dd e-con-full e-flex wpr-particle-no wpr-jarallax-no wpr-parallax-no wpr-sticky-section-no e-con e-child\" data-id=\"550a2dd\" data-element_type=\"container\">\n\t\t<div class=\"elementor-element elementor-element-c3cd9a8 e-con-full e-flex wpr-particle-no wpr-jarallax-no wpr-parallax-no wpr-sticky-section-no e-con e-child\" data-id=\"c3cd9a8\" data-element_type=\"container\">\n\t\t\t\t<div class=\"elementor-element elementor-element-fa98f22 eael-team-align-centered elementor-widget elementor-widget-eael-team-member\" data-id=\"fa98f22\" data-element_type=\"widget\" data-widget_type=\"eael-team-member.default\">\n\t\t\t\t<div class=\"elementor-widget-container\">\n\t\t\t\n\n\t<div id=\"eael-team-member-fa98f22\" class=\"eael-team-item eael-team-members-simple \">\n\t\t<div class=\"eael-team-item-inner\">\n\t\t\t<div class=\"eael-team-image\">\n\t\t\t\t<figure>\n\t\t\t\t\t<img decoding=\"async\" src=\"\" alt=\"\">\n\t\t\t\t<\/figure>\n\t\t\t\t\n\t\t\t\t\n\t\t\t<\/div>\n\n\t\t\t<div class=\"eael-team-content\">\n\t\t\t\t<h2 class=\"eael-team-member-name\">Aysel Nazl\u0131 \u00c7omu<\/h2>\n\t\t\t\t<h3 class=\"eael-team-member-position\"><\/h3>\n\n\t\t\t\t\t\t\t\t\t\t\t\t\t\t<p class=\"eael-team-text\">1995 do\u011fumlu Aysel Nazl\u0131 \u00c7omu, Hacettepe \u00dcniversitesi Eczac\u0131l\u0131k Fak\u00fcltesi\u2019nden mezun oldu. Likya Yolu sevdal\u0131s\u0131 olan Aysel, y\u00fcr\u00fcmeyi ve tiyatroya gitmeyi seviyor. \u015eu anda \u0130stanbul\u2019da ya\u015f\u0131yor ve hayali bir sahil kasabas\u0131na eczane a\u00e7mak.<\/p>\n\t\t\t\t\t\t\t<\/div>\n\t\t<\/div>\n\t<\/div>\n\t\t\t<\/div>\n\t\t\t\t<\/div>\n\t\t\t\t<\/div>\n\t\t\t\t<\/div>\n\t\t<div class=\"elementor-element elementor-element-5f7c051 e-con-full e-flex wpr-particle-no wpr-jarallax-no wpr-parallax-no wpr-sticky-section-no e-con e-child\" data-id=\"5f7c051\" data-element_type=\"container\">\n\t\t<div class=\"elementor-element elementor-element-c028915 e-con-full e-flex wpr-particle-no wpr-jarallax-no wpr-parallax-no wpr-sticky-section-no e-con e-child\" data-id=\"c028915\" data-element_type=\"container\">\n\t\t\t\t<div class=\"elementor-element elementor-element-af6de3f eael-team-align-centered elementor-widget elementor-widget-eael-team-member\" data-id=\"af6de3f\" data-element_type=\"widget\" data-widget_type=\"eael-team-member.default\">\n\t\t\t\t<div class=\"elementor-widget-container\">\n\t\t\t\n\n\t<div id=\"eael-team-member-af6de3f\" class=\"eael-team-item eael-team-members-simple \">\n\t\t<div class=\"eael-team-item-inner\">\n\t\t\t<div class=\"eael-team-image\">\n\t\t\t\t<figure>\n\t\t\t\t\t<img decoding=\"async\" src=\"\" alt=\"\">\n\t\t\t\t<\/figure>\n\t\t\t\t\n\t\t\t\t\n\t\t\t<\/div>\n\n\t\t\t<div class=\"eael-team-content\">\n\t\t\t\t<h2 class=\"eael-team-member-name\">Cannur Sayyi\u011fit<\/h2>\n\t\t\t\t<h3 class=\"eael-team-member-position\"><\/h3>\n\n\t\t\t\t\t\t\t\t\t\t\t\t\t\t<p class=\"eael-team-text\">1999 do\u011fumlu Cannur Sayyi\u011fit, Mimar Sinan G\u00fczel Sanatlar \u00dcniversitesi Mimarl\u0131k b\u00f6l\u00fcm\u00fc \u00f6\u011frencisidir. \u0130stanbul\u2019da ya\u015f\u0131yor ve Siyah E-Dergi\u2019nin g\u00f6n\u00fcll\u00fc i\u00e7erik yazar\u0131d\u0131r.<\/p>\n\t\t\t\t\t\t\t<\/div>\n\t\t<\/div>\n\t<\/div>\n\t\t\t<\/div>\n\t\t\t\t<\/div>\n\t\t\t\t<\/div>\n\t\t\t\t<\/div>\n\t\t<div class=\"elementor-element elementor-element-4d5cf1a e-con-full e-flex wpr-particle-no wpr-jarallax-no wpr-parallax-no wpr-sticky-section-no e-con e-child\" data-id=\"4d5cf1a\" data-element_type=\"container\">\n\t\t<div class=\"elementor-element elementor-element-17df42c e-con-full e-flex wpr-particle-no wpr-jarallax-no wpr-parallax-no wpr-sticky-section-no e-con e-child\" data-id=\"17df42c\" data-element_type=\"container\">\n\t\t\t\t<div class=\"elementor-element elementor-element-50202f3 eael-team-align-centered elementor-widget elementor-widget-eael-team-member\" data-id=\"50202f3\" data-element_type=\"widget\" data-widget_type=\"eael-team-member.default\">\n\t\t\t\t<div class=\"elementor-widget-container\">\n\t\t\t\n\n\t<div id=\"eael-team-member-50202f3\" class=\"eael-team-item eael-team-members-simple \">\n\t\t<div class=\"eael-team-item-inner\">\n\t\t\t<div class=\"eael-team-image\">\n\t\t\t\t<figure>\n\t\t\t\t\t<img decoding=\"async\" src=\"\" alt=\"\">\n\t\t\t\t<\/figure>\n\t\t\t\t\n\t\t\t\t\n\t\t\t<\/div>\n\n\t\t\t<div class=\"eael-team-content\">\n\t\t\t\t<h2 class=\"eael-team-member-name\">Hamdiye B\u00fc\u015fra G\u00fcll\u00fco\u011flu<\/h2>\n\t\t\t\t<h3 class=\"eael-team-member-position\"><\/h3>\n\n\t\t\t\t\t\t\t\t\t\t\t\t\t\t<p class=\"eael-team-text\">1996 y\u0131l\u0131nda Ankara\u2019da d\u00fcnyaya gelen Hamdiye B\u00fc\u015fra G\u00fcll\u00fco\u011flu, anaokulu ve birinci s\u0131n\u0131f\u0131 \u0130stanbul\u2019da okudu. Zonguldak\u2019\u0131n Ere\u011fli il\u00e7esinde be\u015f y\u0131l ya\u015fad\u0131ktan sonra \u0130stanbul\u2019a geri d\u00f6nd\u00fc. Lise e\u011fitimini Emlak Konut Mimarsinan Anadolu Lisesi\u2019nde tamamlad\u0131. \u0130stanbul \u00dcniversitesi \u00c7a\u011fda\u015f T\u00fcrk Dili ve Leh\u00e7eleri b\u00f6l\u00fcm\u00fcnden mezun oldu ve \u015fu anda ayn\u0131 \u00fcniversitede Gazetecilik okumaktad\u0131r.<\/p>\n\t\t\t\t\t\t\t<\/div>\n\t\t<\/div>\n\t<\/div>\n\t\t\t<\/div>\n\t\t\t\t<\/div>\n\t\t\t\t<\/div>\n\t\t\t\t<\/div>\n\t\t<div class=\"elementor-element elementor-element-1fe3e52 e-con-full e-flex wpr-particle-no wpr-jarallax-no wpr-parallax-no wpr-sticky-section-no e-con e-child\" data-id=\"1fe3e52\" data-element_type=\"container\">\n\t\t<div class=\"elementor-element elementor-element-c356f9b e-con-full e-flex wpr-particle-no wpr-jarallax-no wpr-parallax-no wpr-sticky-section-no e-con e-child\" data-id=\"c356f9b\" data-element_type=\"container\">\n\t\t\t\t<div class=\"elementor-element elementor-element-6030a5d eael-team-align-centered elementor-widget elementor-widget-eael-team-member\" data-id=\"6030a5d\" data-element_type=\"widget\" data-widget_type=\"eael-team-member.default\">\n\t\t\t\t<div class=\"elementor-widget-container\">\n\t\t\t\n\n\t<div id=\"eael-team-member-6030a5d\" class=\"eael-team-item eael-team-members-simple \">\n\t\t<div class=\"eael-team-item-inner\">\n\t\t\t<div class=\"eael-team-image\">\n\t\t\t\t<figure>\n\t\t\t\t\t<img decoding=\"async\" src=\"\" alt=\"\">\n\t\t\t\t<\/figure>\n\t\t\t\t\n\t\t\t\t\n\t\t\t<\/div>\n\n\t\t\t<div class=\"eael-team-content\">\n\t\t\t\t<h2 class=\"eael-team-member-name\">Nuray Sezen<\/h2>\n\t\t\t\t<h3 class=\"eael-team-member-position\"><\/h3>\n\n\t\t\t\t\t\t\t\t\t\t\t\t\t\t<p class=\"eael-team-text\">1977, \u0130stanbul do\u011fumlu Nuray Sezen, A\u00e7\u0131k\u00f6\u011fretim Fak\u00fcltesi Halkla \u0130li\u015fkiler mezunudur. \u0130stanbul \u00dcniversitesi Yarat\u0131c\u0131 Drama E\u011fitmenlik E\u011fitimi program\u0131n\u0131 tamamlad\u0131 ve \u015fu anda Atat\u00fcrk \u00dcniversitesi Radyo ve Televizyon Programc\u0131l\u0131\u011f\u0131 b\u00f6l\u00fcm\u00fcnde \u00f6\u011frencili\u011fini s\u00fcrd\u00fcr\u00fcyor. \u00d6zel tiyatrolarda \u00e7ocuk oyunlar\u0131nda rol ald\u0131 ve 2022 y\u0131l\u0131nda kendi yazd\u0131\u011f\u0131 oyununu sahneledi. \u00c7e\u015fitli k\u00fclt\u00fcr, sanat ve edebiyat dergilerinde yaz\u0131lar\u0131 yay\u0131mlanmaktad\u0131r.<\/p>\n\t\t\t\t\t\t\t<\/div>\n\t\t<\/div>\n\t<\/div>\n\t\t\t<\/div>\n\t\t\t\t<\/div>\n\t\t\t\t<\/div>\n\t\t\t\t<\/div>\n\t\t<div class=\"elementor-element elementor-element-6f34542 e-con-full e-flex wpr-particle-no wpr-jarallax-no wpr-parallax-no wpr-sticky-section-no e-con e-child\" data-id=\"6f34542\" data-element_type=\"container\">\n\t\t<div class=\"elementor-element elementor-element-6209018 e-con-full e-flex wpr-particle-no wpr-jarallax-no wpr-parallax-no wpr-sticky-section-no e-con e-child\" data-id=\"6209018\" data-element_type=\"container\">\n\t\t\t\t<div class=\"elementor-element elementor-element-21d6730 eael-team-align-centered elementor-widget elementor-widget-eael-team-member\" data-id=\"21d6730\" data-element_type=\"widget\" data-widget_type=\"eael-team-member.default\">\n\t\t\t\t<div class=\"elementor-widget-container\">\n\t\t\t\n\n\t<div id=\"eael-team-member-21d6730\" class=\"eael-team-item eael-team-members-simple \">\n\t\t<div class=\"eael-team-item-inner\">\n\t\t\t<div class=\"eael-team-image\">\n\t\t\t\t<figure>\n\t\t\t\t\t<img decoding=\"async\" src=\"\" alt=\"\">\n\t\t\t\t<\/figure>\n\t\t\t\t\n\t\t\t\t\n\t\t\t<\/div>\n\n\t\t\t<div class=\"eael-team-content\">\n\t\t\t\t<h2 class=\"eael-team-member-name\">\u015eevin Semiz<\/h2>\n\t\t\t\t<h3 class=\"eael-team-member-position\"><\/h3>\n\n\t\t\t\t\t\t\t\t\t\t\t\t\t\t<p class=\"eael-team-text\">1995, Van do\u011fumlu \u015eevin Semiz, 2017-2021 y\u0131llar\u0131 aras\u0131nda Celal Bayar \u00dcniversitesi T\u00fcrk Dili ve Edebiyat\u0131 b\u00f6l\u00fcm\u00fcnden mezun oldu. 2021-2022 y\u0131llar\u0131nda Van Y\u00fcz\u00fcnc\u00fc Y\u0131l \u00dcniversitesi\u2019nde Pedagojik Formasyon e\u011fitimi ald\u0131 ve bir y\u0131l boyunca edebiyat \u00f6\u011fretmeni olarak staj yapt\u0131. \u00c7e\u015fitli projelerde edit\u00f6rl\u00fck yapan \u015eevin, \u015fu anda \u0130stanbul\u2019da ya\u015f\u0131yor ve yabanc\u0131 \u00f6\u011frencilere T\u00fcrk\u00e7e dersi veriyor. Ayn\u0131 zamanda kendi yazd\u0131\u011f\u0131 \u201cKad\u0131na \u015eiddete Y\u00f6nelik K\u0131sa Animasyon Film Senaryo Projesi\u201d \u00fczerinde \u00e7al\u0131\u015f\u0131yor.<\/p>\n\t\t\t\t\t\t\t<\/div>\n\t\t<\/div>\n\t<\/div>\n\t\t\t<\/div>\n\t\t\t\t<\/div>\n\t\t\t\t<\/div>\n\t\t\t\t<\/div>\n\t\t<div class=\"elementor-element elementor-element-a2cdf47 e-con-full e-flex wpr-particle-no wpr-jarallax-no wpr-parallax-no wpr-sticky-section-no e-con e-child\" data-id=\"a2cdf47\" data-element_type=\"container\">\n\t\t<div class=\"elementor-element elementor-element-91e9740 e-con-full e-flex wpr-particle-no wpr-jarallax-no wpr-parallax-no wpr-sticky-section-no e-con e-child\" data-id=\"91e9740\" data-element_type=\"container\">\n\t\t\t\t<div class=\"elementor-element elementor-element-56216ce eael-team-align-centered elementor-widget elementor-widget-eael-team-member\" data-id=\"56216ce\" data-element_type=\"widget\" data-widget_type=\"eael-team-member.default\">\n\t\t\t\t<div class=\"elementor-widget-container\">\n\t\t\t\n\n\t<div id=\"eael-team-member-56216ce\" class=\"eael-team-item eael-team-members-simple \">\n\t\t<div class=\"eael-team-item-inner\">\n\t\t\t<div class=\"eael-team-image\">\n\t\t\t\t<figure>\n\t\t\t\t\t<img decoding=\"async\" src=\"\" alt=\"\">\n\t\t\t\t<\/figure>\n\t\t\t\t\n\t\t\t\t\n\t\t\t<\/div>\n\n\t\t\t<div class=\"eael-team-content\">\n\t\t\t\t<h2 class=\"eael-team-member-name\">Yasemin Yelter<\/h2>\n\t\t\t\t<h3 class=\"eael-team-member-position\"><\/h3>\n\n\t\t\t\t\t\t\t\t\t\t\t\t\t\t<p class=\"eael-team-text\">1988 Mersin do\u011fumlu Yasemin Yelter, \u0130zmir\u2019de b\u00fcy\u00fcd\u00fc ve e\u011fitim hayat\u0131n\u0131n b\u00fcy\u00fck bir k\u0131sm\u0131n\u0131 \u0130zmir\u2019de ge\u00e7irdi. \u0130lk deneme yaz\u0131lar\u0131n\u0131 ilkokulda yazd\u0131 ve daha sonra k\u0131sa hikayeler yazmaya ba\u015flad\u0131. D\u00f6rt y\u0131l \u00f6nce \u201cGece Vapuru\u201d adl\u0131 ilk \u00f6yk\u00fc kitab\u0131n\u0131 yazd\u0131 ve yay\u0131mlad\u0131. Tasar\u0131m ve Foto\u011fraf\u00e7\u0131l\u0131k alan\u0131nda lisans e\u011fitimini tamamlayan Yasemin, sanat\u0131n bir\u00e7ok alan\u0131nda kendi bak\u0131\u015f a\u00e7\u0131s\u0131n\u0131 yans\u0131tmaktan geri durmad\u0131. D\u00fc\u015f\u00fcnmeye, sormaya, sorgulamaya ve cevap aramaya devam ederek yazmaya devam ediyor.\n<\/p>\n\t\t\t\t\t\t\t<\/div>\n\t\t<\/div>\n\t<\/div>\n\t\t\t<\/div>\n\t\t\t\t<\/div>\n\t\t\t\t<\/div>\n\t\t\t\t<\/div>\n\t\t\t\t\t<\/div>\n\t\t\t\t<\/div>\n\t\t\t\t<\/div>\n\t\t","protected":false},"excerpt":{"rendered":"<p>Ekibimiz Aysel Nazl\u0131 \u00c7omu 1995 do\u011fumlu Aysel Nazl\u0131 \u00c7omu, Hacettepe \u00dcniversitesi Eczac\u0131l\u0131k Fak\u00fcltesi\u2019nden mezun oldu. Likya Yolu sevdal\u0131s\u0131 olan Aysel, y\u00fcr\u00fcmeyi ve tiyatroya gitmeyi seviyor. \u015eu anda \u0130stanbul\u2019da ya\u015f\u0131yor ve hayali bir sahil kasabas\u0131na eczane a\u00e7mak. Cannur Sayyi\u011fit 1999 do\u011fumlu Cannur Sayyi\u011fit, Mimar Sinan G\u00fczel Sanatlar \u00dcniversitesi Mimarl\u0131k b\u00f6l\u00fcm\u00fc \u00f6\u011frencisidir. \u0130stanbul\u2019da ya\u015f\u0131yor ve Siyah E-Dergi\u2019nin g\u00f6n\u00fcll\u00fc i\u00e7erik yazar\u0131d\u0131r. Hamdiye B\u00fc\u015fra G\u00fcll\u00fco\u011flu 1996 y\u0131l\u0131nda Ankara\u2019da d\u00fcnyaya gelen Hamdiye B\u00fc\u015fra G\u00fcll\u00fco\u011flu, anaokulu ve birinci s\u0131n\u0131f\u0131 \u0130stanbul\u2019da okudu. Zonguldak\u2019\u0131n Ere\u011fli il\u00e7esinde be\u015f y\u0131l ya\u015fad\u0131ktan sonra \u0130stanbul\u2019a geri d\u00f6nd\u00fc. Lise e\u011fitimini Emlak Konut Mimarsinan Anadolu Lisesi\u2019nde tamamlad\u0131. \u0130stanbul \u00dcniversitesi \u00c7a\u011fda\u015f T\u00fcrk Dili ve Leh\u00e7eleri b\u00f6l\u00fcm\u00fcnden mezun oldu ve \u015fu anda ayn\u0131 \u00fcniversitede Gazetecilik okumaktad\u0131r. Nuray Sezen 1977, \u0130stanbul do\u011fumlu Nuray Sezen, A\u00e7\u0131k\u00f6\u011fretim Fak\u00fcltesi Halkla \u0130li\u015fkiler mezunudur. \u0130stanbul \u00dcniversitesi Yarat\u0131c\u0131 Drama E\u011fitmenlik E\u011fitimi program\u0131n\u0131 tamamlad\u0131 ve \u015fu anda Atat\u00fcrk \u00dcniversitesi Radyo ve Televizyon Programc\u0131l\u0131\u011f\u0131 b\u00f6l\u00fcm\u00fcnde \u00f6\u011frencili\u011fini s\u00fcrd\u00fcr\u00fcyor. \u00d6zel tiyatrolarda \u00e7ocuk oyunlar\u0131nda rol ald\u0131 ve 2022 y\u0131l\u0131nda kendi yazd\u0131\u011f\u0131 oyununu sahneledi. \u00c7e\u015fitli k\u00fclt\u00fcr, sanat ve edebiyat dergilerinde yaz\u0131lar\u0131 yay\u0131mlanmaktad\u0131r. \u015eevin Semiz 1995, Van do\u011fumlu \u015eevin Semiz, 2017-2021 y\u0131llar\u0131 aras\u0131nda Celal Bayar \u00dcniversitesi T\u00fcrk Dili ve Edebiyat\u0131 b\u00f6l\u00fcm\u00fcnden mezun oldu. 2021-2022 y\u0131llar\u0131nda Van Y\u00fcz\u00fcnc\u00fc Y\u0131l \u00dcniversitesi\u2019nde Pedagojik Formasyon e\u011fitimi ald\u0131 ve bir y\u0131l boyunca edebiyat \u00f6\u011fretmeni olarak staj yapt\u0131. \u00c7e\u015fitli projelerde edit\u00f6rl\u00fck yapan \u015eevin, \u015fu anda \u0130stanbul\u2019da ya\u015f\u0131yor ve yabanc\u0131 \u00f6\u011frencilere T\u00fcrk\u00e7e dersi veriyor. Ayn\u0131 zamanda kendi yazd\u0131\u011f\u0131 \u201cKad\u0131na \u015eiddete Y\u00f6nelik K\u0131sa Animasyon Film Senaryo Projesi\u201d \u00fczerinde \u00e7al\u0131\u015f\u0131yor. Yasemin Yelter 1988 Mersin do\u011fumlu Yasemin Yelter, \u0130zmir\u2019de b\u00fcy\u00fcd\u00fc ve e\u011fitim hayat\u0131n\u0131n b\u00fcy\u00fck bir k\u0131sm\u0131n\u0131 \u0130zmir\u2019de ge\u00e7irdi. \u0130lk deneme yaz\u0131lar\u0131n\u0131 ilkokulda yazd\u0131 ve daha sonra k\u0131sa hikayeler yazmaya ba\u015flad\u0131. D\u00f6rt y\u0131l \u00f6nce \u201cGece Vapuru\u201d adl\u0131 ilk \u00f6yk\u00fc kitab\u0131n\u0131 yazd\u0131 ve yay\u0131mlad\u0131. Tasar\u0131m ve Foto\u011fraf\u00e7\u0131l\u0131k alan\u0131nda lisans e\u011fitimini tamamlayan Yasemin, sanat\u0131n bir\u00e7ok alan\u0131nda kendi bak\u0131\u015f a\u00e7\u0131s\u0131n\u0131 yans\u0131tmaktan geri durmad\u0131. D\u00fc\u015f\u00fcnmeye, sormaya, sorgulamaya ve cevap aramaya devam ederek yazmaya devam ediyor.<\/p>\n","protected":false},"author":1,"featured_media":0,"parent":3585,"menu_order":0,"comment_status":"closed","ping_status":"closed","template":"elementor_header_footer","meta":{"_piecal_is_event":false,"_piecal_start_date":"","_piecal_end_date":"","_piecal_is_allday":false,"footnotes":""},"class_list":["post-8463","page","type-page","status-publish","hentry"],"jetpack_sharing_enabled":true,"rttpg_featured_image_url":null,"rttpg_author":{"display_name":"Leyli Sanat Derne\u011fi","author_link":"https:\/\/erkanelibol.com.tr\/leylison\/author\/superadmin\/"},"rttpg_comment":0,"rttpg_category":" <a href=\"https:\/\/erkanelibol.com.tr\/leylison\/\" rel=\"tag\">T\u00fcrk\u00e7e<\/a>","rttpg_excerpt":"Ekibimiz Aysel Nazl\u0131 \u00c7omu 1995 do\u011fumlu Aysel Nazl\u0131 \u00c7omu, Hacettepe \u00dcniversitesi Eczac\u0131l\u0131k Fak\u00fcltesi\u2019nden mezun oldu. Likya Yolu sevdal\u0131s\u0131 olan Aysel, y\u00fcr\u00fcmeyi ve tiyatroya gitmeyi seviyor. \u015eu anda \u0130stanbul\u2019da ya\u015f\u0131yor ve hayali bir sahil kasabas\u0131na eczane a\u00e7mak. Cannur Sayyi\u011fit 1999 do\u011fumlu Cannur Sayyi\u011fit, Mimar Sinan G\u00fczel Sanatlar \u00dcniversitesi Mimarl\u0131k b\u00f6l\u00fcm\u00fc \u00f6\u011frencisidir. \u0130stanbul\u2019da ya\u015f\u0131yor ve Siyah E-Dergi\u2019nin&hellip;","_links":{"self":[{"href":"https:\/\/erkanelibol.com.tr\/leylison\/wp-json\/wp\/v2\/pages\/8463","targetHints":{"allow":["GET"]}}],"collection":[{"href":"https:\/\/erkanelibol.com.tr\/leylison\/wp-json\/wp\/v2\/pages"}],"about":[{"href":"https:\/\/erkanelibol.com.tr\/leylison\/wp-json\/wp\/v2\/types\/page"}],"author":[{"embeddable":true,"href":"https:\/\/erkanelibol.com.tr\/leylison\/wp-json\/wp\/v2\/users\/1"}],"replies":[{"embeddable":true,"href":"https:\/\/erkanelibol.com.tr\/leylison\/wp-json\/wp\/v2\/comments?post=8463"}],"version-history":[{"count":5,"href":"https:\/\/erkanelibol.com.tr\/leylison\/wp-json\/wp\/v2\/pages\/8463\/revisions"}],"predecessor-version":[{"id":8472,"href":"https:\/\/erkanelibol.com.tr\/leylison\/wp-json\/wp\/v2\/pages\/8463\/revisions\/8472"}],"up":[{"embeddable":true,"href":"https:\/\/erkanelibol.com.tr\/leylison\/wp-json\/wp\/v2\/pages\/3585"}],"wp:attachment":[{"href":"https:\/\/erkanelibol.com.tr\/leylison\/wp-json\/wp\/v2\/media?parent=8463"}],"curies":[{"name":"wp","href":"https:\/\/api.w.org\/{rel}","templated":true}]}}