{"id":7600,"date":"2024-07-13T05:53:40","date_gmt":"2024-07-13T02:53:40","guid":{"rendered":"https:\/\/erkanelibol.com.tr\/leylison\/?page_id=7600"},"modified":"2024-07-23T05:43:43","modified_gmt":"2024-07-23T02:43:43","slug":"gonderim-kurallari","status":"publish","type":"page","link":"https:\/\/erkanelibol.com.tr\/leylison\/siyah-e-dergi\/gonderim-kurallari\/","title":{"rendered":"G\u00f6nderim Kurallar\u0131"},"content":{"rendered":"\t\t<div data-elementor-type=\"wp-page\" data-elementor-id=\"7600\" class=\"elementor elementor-7600\">\n\t\t\t\t\t\t<section class=\"elementor-section elementor-top-section elementor-element elementor-element-e9ef306 elementor-section-stretched elementor-section-boxed elementor-section-height-default elementor-section-height-default wpr-particle-no wpr-jarallax-no wpr-parallax-no wpr-sticky-section-no\" data-id=\"e9ef306\" data-element_type=\"section\" data-settings=\"{&quot;stretch_section&quot;:&quot;section-stretched&quot;,&quot;background_background&quot;:&quot;classic&quot;}\">\n\t\t\t\t\t\t\t<div class=\"elementor-background-overlay\"><\/div>\n\t\t\t\t\t\t\t<div class=\"elementor-container elementor-column-gap-no\">\n\t\t\t\t\t<div class=\"elementor-column elementor-col-100 elementor-top-column elementor-element elementor-element-5369442\" data-id=\"5369442\" data-element_type=\"column\" data-settings=\"{&quot;background_background&quot;:&quot;classic&quot;}\">\n\t\t\t<div class=\"elementor-widget-wrap elementor-element-populated\">\n\t\t\t\t\n\t\t<div class=\"elementor-element elementor-element-9cf020d elementor-widget elementor-widget-ova_heading\" data-id=\"9cf020d\" data-element_type=\"widget\" data-widget_type=\"ova_heading.default\">\n\t\t\t\t<div class=\"elementor-widget-container\">\n\t\t\t\t\t<div class=\"ova-heading\">\n\t\t\t\n\t\t\t\t\t\t\t<h3 class=\"title second_font\">Siyah E-Dergi \u0130\u00e7erik G\u00f6nderim Kurallar\u0131<\/h3>\n\t\t\t\n\t\t\t\n\t\t<\/div>\n\t\t\t\t<\/div>\n\t\t\t\t<\/div>\n\t\t\t\t\t<\/div>\n\t\t<\/div>\n\t\t\t\t\t<\/div>\n\t\t<\/section>\n\t\t\t\t<section class=\"elementor-section elementor-top-section elementor-element elementor-element-568e0cd elementor-section-stretched elementor-section-boxed elementor-section-height-default elementor-section-height-default wpr-particle-no wpr-jarallax-no wpr-parallax-no wpr-sticky-section-no\" data-id=\"568e0cd\" data-element_type=\"section\" data-settings=\"{&quot;stretch_section&quot;:&quot;section-stretched&quot;,&quot;background_background&quot;:&quot;classic&quot;}\">\n\t\t\t\t\t\t<div class=\"elementor-container elementor-column-gap-wide\">\n\t\t\t\t\t<div class=\"elementor-column elementor-col-50 elementor-top-column elementor-element elementor-element-4fb588f3\" data-id=\"4fb588f3\" data-element_type=\"column\">\n\t\t\t<div class=\"elementor-widget-wrap elementor-element-populated\">\n\t\t\t\t\t\t<div class=\"elementor-element elementor-element-69c2fa3c wpr-promo-box-style-cover elementor-widget elementor-widget-wpr-promo-box\" data-id=\"69c2fa3c\" data-element_type=\"widget\" data-widget_type=\"wpr-promo-box.default\">\n\t\t\t\t<div class=\"elementor-widget-container\">\n\t\t\t\n\t\t<div class=\"wpr-promo-box wpr-animation-wrap\">\n\n\t\t\t\t\t\t\t\n\t\t\t\t\t\t\t<div class=\"wpr-promo-box-image\">\n\t\t\t\t\t<div class=\"wpr-promo-box-bg-image wpr-bg-anim-zoom-in wpr-anim-timing-ease-default\" style=\"background-image:url(https:\/\/erkanelibol.com.tr\/leylison\/wp-content\/uploads\/2024\/07\/business-approve-certificate-concept-confirmation-business-marketing-document-permit-certified-stamping-signing-business-partner-paper-success-concept-attorney-insurance-scaled.jpg);\"><\/div>\n\t\t\t\t\t<div class=\"wpr-promo-box-bg-overlay wpr-border-anim-jazz\"><\/div>\n\t\t\t\t<\/div>\n\t\t\t\t\t\t\n\t\t\t<div class=\"wpr-promo-box-content\">\n\n\t\t\t\t\t\t\t\t<div class=\"wpr-promo-box-icon\">\n\t\t\t\t\t\t\t\t\t<\/div>\n\t\t\t\t\n\t\t\t\t\n\t\t\t\t\n\t\t\t\t\t\t\t<\/div>\n\n\t\t\t\t\t<\/div>\n\n\t\t\t\t<\/div>\n\t\t\t\t<\/div>\n\t\t\t\t\t<\/div>\n\t\t<\/div>\n\t\t\t\t<div class=\"elementor-column elementor-col-50 elementor-top-column elementor-element elementor-element-2479b4cc\" data-id=\"2479b4cc\" data-element_type=\"column\">\n\t\t\t<div class=\"elementor-widget-wrap elementor-element-populated\">\n\t\t\t\t\t\t<div class=\"elementor-element elementor-element-529a8f41 elementor-widget-divider--view-line elementor-widget elementor-widget-divider\" data-id=\"529a8f41\" data-element_type=\"widget\" data-widget_type=\"divider.default\">\n\t\t\t\t<div class=\"elementor-widget-container\">\n\t\t\t<style>\/*! elementor - v3.23.0 - 05-08-2024 *\/\n.elementor-widget-divider{--divider-border-style:none;--divider-border-width:1px;--divider-color:#0c0d0e;--divider-icon-size:20px;--divider-element-spacing:10px;--divider-pattern-height:24px;--divider-pattern-size:20px;--divider-pattern-url:none;--divider-pattern-repeat:repeat-x}.elementor-widget-divider .elementor-divider{display:flex}.elementor-widget-divider .elementor-divider__text{font-size:15px;line-height:1;max-width:95%}.elementor-widget-divider .elementor-divider__element{margin:0 var(--divider-element-spacing);flex-shrink:0}.elementor-widget-divider .elementor-icon{font-size:var(--divider-icon-size)}.elementor-widget-divider .elementor-divider-separator{display:flex;margin:0;direction:ltr}.elementor-widget-divider--view-line_icon .elementor-divider-separator,.elementor-widget-divider--view-line_text .elementor-divider-separator{align-items:center}.elementor-widget-divider--view-line_icon .elementor-divider-separator:after,.elementor-widget-divider--view-line_icon .elementor-divider-separator:before,.elementor-widget-divider--view-line_text .elementor-divider-separator:after,.elementor-widget-divider--view-line_text .elementor-divider-separator:before{display:block;content:\"\";border-block-end:0;flex-grow:1;border-block-start:var(--divider-border-width) var(--divider-border-style) var(--divider-color)}.elementor-widget-divider--element-align-left .elementor-divider .elementor-divider-separator>.elementor-divider__svg:first-of-type{flex-grow:0;flex-shrink:100}.elementor-widget-divider--element-align-left .elementor-divider-separator:before{content:none}.elementor-widget-divider--element-align-left .elementor-divider__element{margin-left:0}.elementor-widget-divider--element-align-right .elementor-divider .elementor-divider-separator>.elementor-divider__svg:last-of-type{flex-grow:0;flex-shrink:100}.elementor-widget-divider--element-align-right .elementor-divider-separator:after{content:none}.elementor-widget-divider--element-align-right .elementor-divider__element{margin-right:0}.elementor-widget-divider--element-align-start .elementor-divider .elementor-divider-separator>.elementor-divider__svg:first-of-type{flex-grow:0;flex-shrink:100}.elementor-widget-divider--element-align-start .elementor-divider-separator:before{content:none}.elementor-widget-divider--element-align-start .elementor-divider__element{margin-inline-start:0}.elementor-widget-divider--element-align-end .elementor-divider .elementor-divider-separator>.elementor-divider__svg:last-of-type{flex-grow:0;flex-shrink:100}.elementor-widget-divider--element-align-end .elementor-divider-separator:after{content:none}.elementor-widget-divider--element-align-end .elementor-divider__element{margin-inline-end:0}.elementor-widget-divider:not(.elementor-widget-divider--view-line_text):not(.elementor-widget-divider--view-line_icon) .elementor-divider-separator{border-block-start:var(--divider-border-width) var(--divider-border-style) var(--divider-color)}.elementor-widget-divider--separator-type-pattern{--divider-border-style:none}.elementor-widget-divider--separator-type-pattern.elementor-widget-divider--view-line .elementor-divider-separator,.elementor-widget-divider--separator-type-pattern:not(.elementor-widget-divider--view-line) .elementor-divider-separator:after,.elementor-widget-divider--separator-type-pattern:not(.elementor-widget-divider--view-line) .elementor-divider-separator:before,.elementor-widget-divider--separator-type-pattern:not([class*=elementor-widget-divider--view]) .elementor-divider-separator{width:100%;min-height:var(--divider-pattern-height);-webkit-mask-size:var(--divider-pattern-size) 100%;mask-size:var(--divider-pattern-size) 100%;-webkit-mask-repeat:var(--divider-pattern-repeat);mask-repeat:var(--divider-pattern-repeat);background-color:var(--divider-color);-webkit-mask-image:var(--divider-pattern-url);mask-image:var(--divider-pattern-url)}.elementor-widget-divider--no-spacing{--divider-pattern-size:auto}.elementor-widget-divider--bg-round{--divider-pattern-repeat:round}.rtl .elementor-widget-divider .elementor-divider__text{direction:rtl}.e-con-inner>.elementor-widget-divider,.e-con>.elementor-widget-divider{width:var(--container-widget-width,100%);--flex-grow:var(--container-widget-flex-grow)}<\/style>\t\t<div class=\"elementor-divider\">\n\t\t\t<span class=\"elementor-divider-separator\">\n\t\t\t\t\t\t<\/span>\n\t\t<\/div>\n\t\t\t\t<\/div>\n\t\t\t\t<\/div>\n\t\t\t\t<div class=\"elementor-element elementor-element-132c50e3 elementor-icon-list--layout-traditional elementor-list-item-link-full_width elementor-widget elementor-widget-icon-list\" data-id=\"132c50e3\" data-element_type=\"widget\" data-widget_type=\"icon-list.default\">\n\t\t\t\t<div class=\"elementor-widget-container\">\n\t\t\t<link rel=\"stylesheet\" href=\"https:\/\/erkanelibol.com.tr\/leylison\/wp-content\/plugins\/elementor\/assets\/css\/widget-icon-list.min.css\">\t\t<ul class=\"elementor-icon-list-items\">\n\t\t\t\t\t\t\t<li class=\"elementor-icon-list-item\">\n\t\t\t\t\t\t\t\t\t\t\t<span class=\"elementor-icon-list-icon\">\n\t\t\t\t\t\t\t<svg aria-hidden=\"true\" class=\"e-font-icon-svg e-fas-check\" viewBox=\"0 0 512 512\" xmlns=\"http:\/\/www.w3.org\/2000\/svg\"><path d=\"M173.898 439.404l-166.4-166.4c-9.997-9.997-9.997-26.206 0-36.204l36.203-36.204c9.997-9.998 26.207-9.998 36.204 0L192 312.69 432.095 72.596c9.997-9.997 26.207-9.997 36.204 0l36.203 36.204c9.997 9.997 9.997 26.206 0 36.204l-294.4 294.401c-9.998 9.997-26.207 9.997-36.204-.001z\"><\/path><\/svg>\t\t\t\t\t\t<\/span>\n\t\t\t\t\t\t\t\t\t\t<span class=\"elementor-icon-list-text\">Herhangi bir ki\u015finin veya grubun dil, din, \u0131rk, cinsiyet kimli\u011fi, cinsel y\u00f6nelim, ya\u015f, engellilik, etnik kimli\u011fine y\u00f6nelik ayr\u0131mc\u0131 ve nefret i\u00e7eren s\u00f6ylemlere yer vermeyen; bir propaganda amac\u0131 g\u00fctmeyen i\u00e7eriklere dergimize kabul edilecektir.<\/span>\n\t\t\t\t\t\t\t\t\t<\/li>\n\t\t\t\t\t\t\t\t<li class=\"elementor-icon-list-item\">\n\t\t\t\t\t\t\t\t\t\t\t<span class=\"elementor-icon-list-icon\">\n\t\t\t\t\t\t\t<svg aria-hidden=\"true\" class=\"e-font-icon-svg e-fas-check\" viewBox=\"0 0 512 512\" xmlns=\"http:\/\/www.w3.org\/2000\/svg\"><path d=\"M173.898 439.404l-166.4-166.4c-9.997-9.997-9.997-26.206 0-36.204l36.203-36.204c9.997-9.998 26.207-9.998 36.204 0L192 312.69 432.095 72.596c9.997-9.997 26.207-9.997 36.204 0l36.203 36.204c9.997 9.997 9.997 26.206 0 36.204l-294.4 294.401c-9.998 9.997-26.207 9.997-36.204-.001z\"><\/path><\/svg>\t\t\t\t\t\t<\/span>\n\t\t\t\t\t\t\t\t\t\t<span class=\"elementor-icon-list-text\">Metin t\u00fcr\u00fcnde g\u00f6nderilen i\u00e7eriklerde yaz\u0131m ve noktalama kurallar\u0131na uyulmal\u0131d\u0131r. Editoryal d\u00fczenleme edit\u00f6r ekibimiz taraf\u0131ndan sa\u011flanacakt\u0131r, ancak temel kurallar\u0131n yazarlar taraf\u0131ndan dikkate al\u0131nmas\u0131 beklenmektedir. <\/span>\n\t\t\t\t\t\t\t\t\t<\/li>\n\t\t\t\t\t\t\t\t<li class=\"elementor-icon-list-item\">\n\t\t\t\t\t\t\t\t\t\t\t<span class=\"elementor-icon-list-icon\">\n\t\t\t\t\t\t\t<svg aria-hidden=\"true\" class=\"e-font-icon-svg e-fas-check\" viewBox=\"0 0 512 512\" xmlns=\"http:\/\/www.w3.org\/2000\/svg\"><path d=\"M173.898 439.404l-166.4-166.4c-9.997-9.997-9.997-26.206 0-36.204l36.203-36.204c9.997-9.998 26.207-9.998 36.204 0L192 312.69 432.095 72.596c9.997-9.997 26.207-9.997 36.204 0l36.203 36.204c9.997 9.997 9.997 26.206 0 36.204l-294.4 294.401c-9.998 9.997-26.207 9.997-36.204-.001z\"><\/path><\/svg>\t\t\t\t\t\t<\/span>\n\t\t\t\t\t\t\t\t\t\t<span class=\"elementor-icon-list-text\">Metin i\u00e7erikleri Word dosyas\u0131 ile, 12 punto ve Times News Roman yaz\u0131 stiliyle ve en fazla 1500 karakter olacak bi\u00e7imde g\u00f6nderilmelidir.<\/span>\n\t\t\t\t\t\t\t\t\t<\/li>\n\t\t\t\t\t\t\t\t<li class=\"elementor-icon-list-item\">\n\t\t\t\t\t\t\t\t\t\t\t<span class=\"elementor-icon-list-icon\">\n\t\t\t\t\t\t\t<svg aria-hidden=\"true\" class=\"e-font-icon-svg e-fas-check\" viewBox=\"0 0 512 512\" xmlns=\"http:\/\/www.w3.org\/2000\/svg\"><path d=\"M173.898 439.404l-166.4-166.4c-9.997-9.997-9.997-26.206 0-36.204l36.203-36.204c9.997-9.998 26.207-9.998 36.204 0L192 312.69 432.095 72.596c9.997-9.997 26.207-9.997 36.204 0l36.203 36.204c9.997 9.997 9.997 26.206 0 36.204l-294.4 294.401c-9.998 9.997-26.207 9.997-36.204-.001z\"><\/path><\/svg>\t\t\t\t\t\t<\/span>\n\t\t\t\t\t\t\t\t\t\t<span class=\"elementor-icon-list-text\">G\u00f6rsel i\u00e7erikler, karikat\u00fcrler, ill\u00fcstrasyonlar vb. JPG\/PNG format\u0131nda dergimize kabul edilecektir. Y\u00fcksek \u00e7\u00f6z\u00fcn\u00fcrl\u00fckl\u00fc g\u00f6nderilmesini \u00f6nemle rica olunur.<\/span>\n\t\t\t\t\t\t\t\t\t<\/li>\n\t\t\t\t\t\t\t\t<li class=\"elementor-icon-list-item\">\n\t\t\t\t\t\t\t\t\t\t\t<span class=\"elementor-icon-list-icon\">\n\t\t\t\t\t\t\t<svg aria-hidden=\"true\" class=\"e-font-icon-svg e-fas-check\" viewBox=\"0 0 512 512\" xmlns=\"http:\/\/www.w3.org\/2000\/svg\"><path d=\"M173.898 439.404l-166.4-166.4c-9.997-9.997-9.997-26.206 0-36.204l36.203-36.204c9.997-9.998 26.207-9.998 36.204 0L192 312.69 432.095 72.596c9.997-9.997 26.207-9.997 36.204 0l36.203 36.204c9.997 9.997 9.997 26.206 0 36.204l-294.4 294.401c-9.998 9.997-26.207 9.997-36.204-.001z\"><\/path><\/svg>\t\t\t\t\t\t<\/span>\n\t\t\t\t\t\t\t\t\t\t<span class=\"elementor-icon-list-text\">\u0130\u00e7erik g\u00f6nderen ki\u015filer, k\u0131saca kendilerini tan\u0131tmal\u0131 ve tercih ediliyorsa takma isimlerini de payla\u015fmal\u0131d\u0131r.<\/span>\n\t\t\t\t\t\t\t\t\t<\/li>\n\t\t\t\t\t\t\t\t<li class=\"elementor-icon-list-item\">\n\t\t\t\t\t\t\t\t\t\t\t<span class=\"elementor-icon-list-icon\">\n\t\t\t\t\t\t\t<svg aria-hidden=\"true\" class=\"e-font-icon-svg e-fas-check\" viewBox=\"0 0 512 512\" xmlns=\"http:\/\/www.w3.org\/2000\/svg\"><path d=\"M173.898 439.404l-166.4-166.4c-9.997-9.997-9.997-26.206 0-36.204l36.203-36.204c9.997-9.998 26.207-9.998 36.204 0L192 312.69 432.095 72.596c9.997-9.997 26.207-9.997 36.204 0l36.203 36.204c9.997 9.997 9.997 26.206 0 36.204l-294.4 294.401c-9.998 9.997-26.207 9.997-36.204-.001z\"><\/path><\/svg>\t\t\t\t\t\t<\/span>\n\t\t\t\t\t\t\t\t\t\t<span class=\"elementor-icon-list-text\">T\u00fcm i\u00e7erik t\u00fcrleri bir ba\u015fl\u0131k\/isim ile g\u00f6nderilmelidir.<\/span>\n\t\t\t\t\t\t\t\t\t<\/li>\n\t\t\t\t\t\t\t\t<li class=\"elementor-icon-list-item\">\n\t\t\t\t\t\t\t\t\t\t\t<span class=\"elementor-icon-list-icon\">\n\t\t\t\t\t\t\t<svg aria-hidden=\"true\" class=\"e-font-icon-svg e-fas-check\" viewBox=\"0 0 512 512\" xmlns=\"http:\/\/www.w3.org\/2000\/svg\"><path d=\"M173.898 439.404l-166.4-166.4c-9.997-9.997-9.997-26.206 0-36.204l36.203-36.204c9.997-9.998 26.207-9.998 36.204 0L192 312.69 432.095 72.596c9.997-9.997 26.207-9.997 36.204 0l36.203 36.204c9.997 9.997 9.997 26.206 0 36.204l-294.4 294.401c-9.998 9.997-26.207 9.997-36.204-.001z\"><\/path><\/svg>\t\t\t\t\t\t<\/span>\n\t\t\t\t\t\t\t\t\t\t<span class=\"elementor-icon-list-text\">Dergimizin i\u00e7erik format\u0131na ve i\u00e7erik d\u00fczenine uygun i\u00e7erikler g\u00f6nderilmelidir. \u0130\u00e7erik g\u00f6nderim formunda i\u00e7erik t\u00fcr\u00fc mutlaka belirtilmelidir.<\/span>\n\t\t\t\t\t\t\t\t\t<\/li>\n\t\t\t\t\t\t\t\t<li class=\"elementor-icon-list-item\">\n\t\t\t\t\t\t\t\t\t\t\t<span class=\"elementor-icon-list-icon\">\n\t\t\t\t\t\t\t<svg aria-hidden=\"true\" class=\"e-font-icon-svg e-fas-check\" viewBox=\"0 0 512 512\" xmlns=\"http:\/\/www.w3.org\/2000\/svg\"><path d=\"M173.898 439.404l-166.4-166.4c-9.997-9.997-9.997-26.206 0-36.204l36.203-36.204c9.997-9.998 26.207-9.998 36.204 0L192 312.69 432.095 72.596c9.997-9.997 26.207-9.997 36.204 0l36.203 36.204c9.997 9.997 9.997 26.206 0 36.204l-294.4 294.401c-9.998 9.997-26.207 9.997-36.204-.001z\"><\/path><\/svg>\t\t\t\t\t\t<\/span>\n\t\t\t\t\t\t\t\t\t\t<span class=\"elementor-icon-list-text\">Dergimiz, iki ayda bir say\u0131 yay\u0131mlayacakt\u0131r. Her say\u0131, iki ayl\u0131k s\u00fcre\u00e7te \u00f6ne \u00e7\u0131kan durumlar\u0131 kapsayan kavramlardan olu\u015fan temalara sahip olacakt\u0131r. T\u00fcm i\u00e7erikler, say\u0131n\u0131n temas\u0131na uygun olmal\u0131d\u0131r.<\/span>\n\t\t\t\t\t\t\t\t\t<\/li>\n\t\t\t\t\t\t\t\t<li class=\"elementor-icon-list-item\">\n\t\t\t\t\t\t\t\t\t\t\t<span class=\"elementor-icon-list-icon\">\n\t\t\t\t\t\t\t<svg aria-hidden=\"true\" class=\"e-font-icon-svg e-fas-check\" viewBox=\"0 0 512 512\" xmlns=\"http:\/\/www.w3.org\/2000\/svg\"><path d=\"M173.898 439.404l-166.4-166.4c-9.997-9.997-9.997-26.206 0-36.204l36.203-36.204c9.997-9.998 26.207-9.998 36.204 0L192 312.69 432.095 72.596c9.997-9.997 26.207-9.997 36.204 0l36.203 36.204c9.997 9.997 9.997 26.206 0 36.204l-294.4 294.401c-9.998 9.997-26.207 9.997-36.204-.001z\"><\/path><\/svg>\t\t\t\t\t\t<\/span>\n\t\t\t\t\t\t\t\t\t\t<span class=\"elementor-icon-list-text\">Siyah E-Dergi\u2019de yay\u0131mlanmas\u0131 ad\u0131na yaz\u0131lar\u0131n\u0131 bu platforma g\u00f6nderen yazarlar, g\u00f6nderdikleri i\u00e7eriklerin ba\u015fka mecrada yay\u0131mlanmad\u0131\u011f\u0131n\u0131 ve yay\u0131mlanmayaca\u011f\u0131n\u0131 taahh\u00fct eder.<\/span>\n\t\t\t\t\t\t\t\t\t<\/li>\n\t\t\t\t\t\t\t\t<li class=\"elementor-icon-list-item\">\n\t\t\t\t\t\t\t\t\t\t\t<span class=\"elementor-icon-list-icon\">\n\t\t\t\t\t\t\t<svg aria-hidden=\"true\" class=\"e-font-icon-svg e-fas-check\" viewBox=\"0 0 512 512\" xmlns=\"http:\/\/www.w3.org\/2000\/svg\"><path d=\"M173.898 439.404l-166.4-166.4c-9.997-9.997-9.997-26.206 0-36.204l36.203-36.204c9.997-9.998 26.207-9.998 36.204 0L192 312.69 432.095 72.596c9.997-9.997 26.207-9.997 36.204 0l36.203 36.204c9.997 9.997 9.997 26.206 0 36.204l-294.4 294.401c-9.998 9.997-26.207 9.997-36.204-.001z\"><\/path><\/svg>\t\t\t\t\t\t<\/span>\n\t\t\t\t\t\t\t\t\t\t<span class=\"elementor-icon-list-text\">\u0130\u00e7erik g\u00f6nderen ki\u015filerin dergimizin sahip oldu\u011fu temel de\u011ferleri dikkate almas\u0131 \u00f6nemle rica olunur. De\u011ferleri okumak i\u00e7in: https:\/\/leylisanat.org\/siyah-manifesto\/<\/span>\n\t\t\t\t\t\t\t\t\t<\/li>\n\t\t\t\t\t\t<\/ul>\n\t\t\t\t<\/div>\n\t\t\t\t<\/div>\n\t\t\t\t\t<\/div>\n\t\t<\/div>\n\t\t\t\t\t<\/div>\n\t\t<\/section>\n\t\t\t\t<\/div>\n\t\t","protected":false},"excerpt":{"rendered":"<p>Siyah E-Dergi \u0130\u00e7erik G\u00f6nderim Kurallar\u0131 &nbsp; Herhangi bir ki\u015finin veya grubun dil, din, \u0131rk, cinsiyet kimli\u011fi, cinsel y\u00f6nelim, ya\u015f, engellilik, etnik kimli\u011fine y\u00f6nelik ayr\u0131mc\u0131 ve nefret i\u00e7eren s\u00f6ylemlere yer vermeyen; bir propaganda amac\u0131 g\u00fctmeyen i\u00e7eriklere dergimize kabul edilecektir. Metin t\u00fcr\u00fcnde g\u00f6nderilen i\u00e7eriklerde yaz\u0131m ve noktalama kurallar\u0131na uyulmal\u0131d\u0131r. Editoryal d\u00fczenleme edit\u00f6r ekibimiz taraf\u0131ndan sa\u011flanacakt\u0131r, ancak temel kurallar\u0131n yazarlar taraf\u0131ndan dikkate al\u0131nmas\u0131 beklenmektedir. Metin i\u00e7erikleri Word dosyas\u0131 ile, 12 punto ve Times News Roman yaz\u0131 stiliyle ve en fazla 1500 karakter olacak bi\u00e7imde g\u00f6nderilmelidir. G\u00f6rsel i\u00e7erikler, karikat\u00fcrler, ill\u00fcstrasyonlar vb. JPG\/PNG format\u0131nda dergimize kabul edilecektir. Y\u00fcksek \u00e7\u00f6z\u00fcn\u00fcrl\u00fckl\u00fc g\u00f6nderilmesini \u00f6nemle rica olunur. \u0130\u00e7erik g\u00f6nderen ki\u015filer, k\u0131saca kendilerini tan\u0131tmal\u0131 ve tercih ediliyorsa takma isimlerini de payla\u015fmal\u0131d\u0131r. T\u00fcm i\u00e7erik t\u00fcrleri bir ba\u015fl\u0131k\/isim ile g\u00f6nderilmelidir. Dergimizin i\u00e7erik format\u0131na ve i\u00e7erik d\u00fczenine uygun i\u00e7erikler g\u00f6nderilmelidir. \u0130\u00e7erik g\u00f6nderim formunda i\u00e7erik t\u00fcr\u00fc mutlaka belirtilmelidir. Dergimiz, iki ayda bir say\u0131 yay\u0131mlayacakt\u0131r. Her say\u0131, iki ayl\u0131k s\u00fcre\u00e7te \u00f6ne \u00e7\u0131kan durumlar\u0131 kapsayan kavramlardan olu\u015fan temalara sahip olacakt\u0131r. T\u00fcm i\u00e7erikler, say\u0131n\u0131n temas\u0131na uygun olmal\u0131d\u0131r. Siyah E-Dergi\u2019de yay\u0131mlanmas\u0131 ad\u0131na yaz\u0131lar\u0131n\u0131 bu platforma g\u00f6nderen yazarlar, g\u00f6nderdikleri i\u00e7eriklerin ba\u015fka mecrada yay\u0131mlanmad\u0131\u011f\u0131n\u0131 ve yay\u0131mlanmayaca\u011f\u0131n\u0131 taahh\u00fct eder. \u0130\u00e7erik g\u00f6nderen ki\u015filerin dergimizin sahip oldu\u011fu temel de\u011ferleri dikkate almas\u0131 \u00f6nemle rica olunur. De\u011ferleri okumak i\u00e7in: https:\/\/leylisanat.org\/siyah-manifesto\/<\/p>\n","protected":false},"author":1,"featured_media":0,"parent":3585,"menu_order":0,"comment_status":"closed","ping_status":"closed","template":"elementor_header_footer","meta":{"_piecal_is_event":false,"_piecal_start_date":"","_piecal_end_date":"","_piecal_is_allday":false,"footnotes":""},"class_list":["post-7600","page","type-page","status-publish","hentry"],"jetpack_sharing_enabled":true,"rttpg_featured_image_url":null,"rttpg_author":{"display_name":"Leyli Sanat Derne\u011fi","author_link":"https:\/\/erkanelibol.com.tr\/leylison\/author\/superadmin\/"},"rttpg_comment":0,"rttpg_category":" <a href=\"https:\/\/erkanelibol.com.tr\/leylison\/\" rel=\"tag\">T\u00fcrk\u00e7e<\/a>","rttpg_excerpt":"Siyah E-Dergi \u0130\u00e7erik G\u00f6nderim Kurallar\u0131 &nbsp; Herhangi bir ki\u015finin veya grubun dil, din, \u0131rk, cinsiyet kimli\u011fi, cinsel y\u00f6nelim, ya\u015f, engellilik, etnik kimli\u011fine y\u00f6nelik ayr\u0131mc\u0131 ve nefret i\u00e7eren s\u00f6ylemlere yer vermeyen; bir propaganda amac\u0131 g\u00fctmeyen i\u00e7eriklere dergimize kabul edilecektir. Metin t\u00fcr\u00fcnde g\u00f6nderilen i\u00e7eriklerde yaz\u0131m ve noktalama kurallar\u0131na uyulmal\u0131d\u0131r. Editoryal d\u00fczenleme edit\u00f6r ekibimiz taraf\u0131ndan sa\u011flanacakt\u0131r, ancak temel&hellip;","_links":{"self":[{"href":"https:\/\/erkanelibol.com.tr\/leylison\/wp-json\/wp\/v2\/pages\/7600","targetHints":{"allow":["GET"]}}],"collection":[{"href":"https:\/\/erkanelibol.com.tr\/leylison\/wp-json\/wp\/v2\/pages"}],"about":[{"href":"https:\/\/erkanelibol.com.tr\/leylison\/wp-json\/wp\/v2\/types\/page"}],"author":[{"embeddable":true,"href":"https:\/\/erkanelibol.com.tr\/leylison\/wp-json\/wp\/v2\/users\/1"}],"replies":[{"embeddable":true,"href":"https:\/\/erkanelibol.com.tr\/leylison\/wp-json\/wp\/v2\/comments?post=7600"}],"version-history":[{"count":21,"href":"https:\/\/erkanelibol.com.tr\/leylison\/wp-json\/wp\/v2\/pages\/7600\/revisions"}],"predecessor-version":[{"id":8034,"href":"https:\/\/erkanelibol.com.tr\/leylison\/wp-json\/wp\/v2\/pages\/7600\/revisions\/8034"}],"up":[{"embeddable":true,"href":"https:\/\/erkanelibol.com.tr\/leylison\/wp-json\/wp\/v2\/pages\/3585"}],"wp:attachment":[{"href":"https:\/\/erkanelibol.com.tr\/leylison\/wp-json\/wp\/v2\/media?parent=7600"}],"curies":[{"name":"wp","href":"https:\/\/api.w.org\/{rel}","templated":true}]}}