{"id":7486,"date":"2024-07-13T00:23:04","date_gmt":"2024-07-12T21:23:04","guid":{"rendered":"https:\/\/erkanelibol.com.tr\/leylison\/?page_id=7486"},"modified":"2024-07-23T05:44:30","modified_gmt":"2024-07-23T02:44:30","slug":"siir","status":"publish","type":"page","link":"https:\/\/erkanelibol.com.tr\/leylison\/siyah-e-dergi\/siir\/","title":{"rendered":"\u015eiir"},"content":{"rendered":"\t\t<div data-elementor-type=\"wp-page\" data-elementor-id=\"7486\" class=\"elementor elementor-7486\">\n\t\t\t\t<div class=\"elementor-element elementor-element-08f981b e-con-full e-flex wpr-particle-no wpr-jarallax-no wpr-parallax-no wpr-sticky-section-no e-con e-parent\" data-id=\"08f981b\" data-element_type=\"container\" data-settings=\"{&quot;background_background&quot;:&quot;classic&quot;}\">\n\t\t\n\t\t<div class=\"elementor-element elementor-element-0b288c6 elementor-widget elementor-widget-heading\" data-id=\"0b288c6\" data-element_type=\"widget\" data-widget_type=\"heading.default\">\n\t\t\t\t<div class=\"elementor-widget-container\">\n\t\t\t<style>\/*! elementor - v3.23.0 - 05-08-2024 *\/\n.elementor-heading-title{padding:0;margin:0;line-height:1}.elementor-widget-heading .elementor-heading-title[class*=elementor-size-]>a{color:inherit;font-size:inherit;line-height:inherit}.elementor-widget-heading .elementor-heading-title.elementor-size-small{font-size:15px}.elementor-widget-heading .elementor-heading-title.elementor-size-medium{font-size:19px}.elementor-widget-heading .elementor-heading-title.elementor-size-large{font-size:29px}.elementor-widget-heading .elementor-heading-title.elementor-size-xl{font-size:39px}.elementor-widget-heading .elementor-heading-title.elementor-size-xxl{font-size:59px}<\/style><h2 class=\"elementor-heading-title elementor-size-default\">\u015eiir<\/h2>\t\t<\/div>\n\t\t\t\t<\/div>\n\t\t\t\t<\/div>\n\t\t<div class=\"elementor-element elementor-element-07bb0f3 e-flex e-con-boxed wpr-particle-no wpr-jarallax-no wpr-parallax-no wpr-sticky-section-no e-con e-parent\" data-id=\"07bb0f3\" data-element_type=\"container\">\n\t\t\t\t\t<div class=\"e-con-inner\">\n\t\t\t\t<div class=\"elementor-element elementor-element-f673ea6 meta-visibility-show title_position_default title_hover_border_default title-default img_hover_animation_default meta_position_default tpg-category-position-default readmore-btn-default-style grid-hover-overlay-type-always tpg-el-box-border-enable tpg-border-bottom-disable elementor-widget elementor-widget-tpg-list-layout\" data-id=\"f673ea6\" data-element_type=\"widget\" data-widget_type=\"tpg-list-layout.default\">\n\t\t\t\t<div class=\"elementor-widget-container\">\n\t\t\t\n\t\t<div class=\"rt-container-fluid rt-tpg-container tpg-el-main-wrapper list-layout1-main \"\n\t\t\t data-sc-id=\"elementor\"\n\t\t\t id=\"rt-tpg-container-2060000798\"\n\t\t\t data-layout=\"list-layout1\"\n\t\t\t data-grid-style=\"tpg-even\"\n\t\t\t data-el-settings=''\n\t\t\t data-el-query=''\n\t\t\t data-el-path=''\n\t\t>\n\t\t\t\t\t\t<div class='tpg-header-wrapper '>\n\t\t\t\t\t\t\t<\/div>\n\n\t\t\t<div data-title=\"Loading ...\" class=\"rt-row rt-content-loader list-layout1 tpg-even list-behaviour list-layout-wrapper\">\n\t\t\t\t\n<div class=\"rt-col-md-12 rt-col-sm-12 rt-col-xs-12 default rt-list-item rt-grid-item\" data-id=\"7502\">\n\t<div class=\"rt-holder tpg-post-holder\">\n\t\t<div class=\"rt-detail rt-el-content-wrapper\">\n\t\t\t\t\t\t\t<div class=\"rt-img-holder tpg-el-image-wrap has-thumbnail\">\n\t\t\t\t\t<a data-id=\"7502\" href=\"https:\/\/erkanelibol.com.tr\/leylison\/insanliga-yakaris\/\" class=\"tpg-post-link\" target=\"_self\">\t\t\t\t\t\t<img fetchpriority=\"high\" decoding=\"async\" src=\"https:\/\/erkanelibol.com.tr\/leylison\/wp-content\/uploads\/2024\/07\/insanlig\u0306a-yakaris\u0327-768x432.jpg\"\n\t\t\t\t\t\t\t class=\"rt-img-responsive\"\n\t\t\t\t\t\t\t width=\"768\"\n\t\t\t\t\t\t\t height=\"432\"\n\t\t\t\t\t\t\t alt=\"\u0130nsanl\u0131\u011fa Yakar\u0131\u015f\">\n\t\t\t\t\t\t\n\t\t\t\t\t\t\t\n\t\t<\/a>\n\t\t\t\t<div class=\"overlay grid-hover-content\"><\/div>\n\t\t\t\t\t\t<\/div>\n\t\t\t\n\t\t\t<div class=\"post-right-content\">\n\t\t\t\t<div class=\"entry-title-wrapper\"><h3 class=\"entry-title\"><a data-id=\"7502\" href=\"https:\/\/erkanelibol.com.tr\/leylison\/insanliga-yakaris\/\" class=\"tpg-post-link\" target=\"_self\">\u0130nsanl\u0131\u011fa Yakar\u0131\u015f<\/a><\/h3><\/div>\n\t\t\t\t\t\t\t\t\t<div class=\"post-meta-tags rt-el-post-meta\">\n\t\t\t\t\t\t\t\t\t<span class='date'>\n\t\t\t\t<i class='far fa-calendar-alt '><\/i>\t\t\t\t<a href=\"https:\/\/erkanelibol.com.tr\/leylison\/2024\/07\/13\/\">\n\t\t\t\t\t13 Temmuz 2024\t\t\t\t<\/a>\n\t\t\t<\/span>\n\t\t\t\t\t\t<span class='categories-links'>\n\t\t\t\t<i class='fas fa-folder-open '><\/i><a class=\"siir\" href=\"https:\/\/erkanelibol.com.tr\/leylison\/category\/siir\/\">\u015eiir<\/a>\n\t\t\t<\/span>\n\t\t\t\t\t\t\t\t<\/div>\n\t\t\t\t\n\t\t\t\t\t\t\t\t\t<div class=\"tpg-excerpt tpg-el-excerpt\">\n\t\t\t\t\t\t\t\t\t\t\t\t\t<div class=\"tpg-excerpt-inner\">\n\t\t\t\t\t\t\t\t\u0130nsanl\u0131\u011fa Yakar\u0131\u015f Sana bir \u201cs\u0131r\u201d vereyim ama sakl\u0131 tut \u00e7ocukSonra defterine yaz ama tez unut...\t\t\t\t\t\t\t<\/div>\n\t\t\t\t\t\t\t\t\t\t\t\t\t\t\t\t\t<\/div>\n\t\t\t\t\n\t\t\t\t\t\t<div class=\"post-footer\">\n\t\t\t<div class=\"post-footer\">\n\t\t\t\t<div class=\"read-more\">\n\t\t\t\t\t<a data-id=\"7502\" href=\"https:\/\/erkanelibol.com.tr\/leylison\/insanliga-yakaris\/\" class=\"tpg-post-link\" target=\"_self\">Devam\u0131<\/a>\t\t\t\t<\/div>\n\t\t\t<\/div>\n\t\t<\/div>\n\t\t\t\t\t<\/div>\n\t\t<\/div>\n\t<\/div>\n<\/div>\n\n<div class=\"rt-col-md-12 rt-col-sm-12 rt-col-xs-12 default rt-list-item rt-grid-item\" data-id=\"7463\">\n\t<div class=\"rt-holder tpg-post-holder\">\n\t\t<div class=\"rt-detail rt-el-content-wrapper\">\n\t\t\t\t\t\t\t<div class=\"rt-img-holder tpg-el-image-wrap has-thumbnail\">\n\t\t\t\t\t<a data-id=\"7463\" href=\"https:\/\/erkanelibol.com.tr\/leylison\/vah-sevim-semiz\/\" class=\"tpg-post-link\" target=\"_self\">\t\t\t\t\t\t<img decoding=\"async\" src=\"https:\/\/erkanelibol.com.tr\/leylison\/wp-content\/uploads\/2024\/07\/vah-s\u0327evinzemiz-768x432.jpg\"\n\t\t\t\t\t\t\t class=\"rt-img-responsive\"\n\t\t\t\t\t\t\t width=\"768\"\n\t\t\t\t\t\t\t height=\"432\"\n\t\t\t\t\t\t\t alt=\"Vah &#8211; \u015eevim Semiz\">\n\t\t\t\t\t\t\n\t\t\t\t\t\t\t\n\t\t<\/a>\n\t\t\t\t<div class=\"overlay grid-hover-content\"><\/div>\n\t\t\t\t\t\t<\/div>\n\t\t\t\n\t\t\t<div class=\"post-right-content\">\n\t\t\t\t<div class=\"entry-title-wrapper\"><h3 class=\"entry-title\"><a data-id=\"7463\" href=\"https:\/\/erkanelibol.com.tr\/leylison\/vah-sevim-semiz\/\" class=\"tpg-post-link\" target=\"_self\">Vah &#8211; \u015eevim Semiz<\/a><\/h3><\/div>\n\t\t\t\t\t\t\t\t\t<div class=\"post-meta-tags rt-el-post-meta\">\n\t\t\t\t\t\t\t\t\t<span class='date'>\n\t\t\t\t<i class='far fa-calendar-alt '><\/i>\t\t\t\t<a href=\"https:\/\/erkanelibol.com.tr\/leylison\/2024\/07\/12\/\">\n\t\t\t\t\t12 Temmuz 2024\t\t\t\t<\/a>\n\t\t\t<\/span>\n\t\t\t\t\t\t<span class='categories-links'>\n\t\t\t\t<i class='fas fa-folder-open '><\/i><a class=\"siir\" href=\"https:\/\/erkanelibol.com.tr\/leylison\/category\/siir\/\">\u015eiir<\/a>\n\t\t\t<\/span>\n\t\t\t\t\t\t\t\t<\/div>\n\t\t\t\t\n\t\t\t\t\t\t\t\t\t<div class=\"tpg-excerpt tpg-el-excerpt\">\n\t\t\t\t\t\t\t\t\t\t\t\t\t<div class=\"tpg-excerpt-inner\">\n\t\t\t\t\t\t\t\tVAH Ba\u015f\u0131na d\u00fc\u015fen bir ta\u015f par\u00e7as\u0131 gibidir hayat Ya \u00f6l\u00fcs\u00fcnd\u00fcr ya diri Bir saniyene h\u00fckmedemeyecek...\t\t\t\t\t\t\t<\/div>\n\t\t\t\t\t\t\t\t\t\t\t\t\t\t\t\t\t<\/div>\n\t\t\t\t\n\t\t\t\t\t\t<div class=\"post-footer\">\n\t\t\t<div class=\"post-footer\">\n\t\t\t\t<div class=\"read-more\">\n\t\t\t\t\t<a data-id=\"7463\" href=\"https:\/\/erkanelibol.com.tr\/leylison\/vah-sevim-semiz\/\" class=\"tpg-post-link\" target=\"_self\">Devam\u0131<\/a>\t\t\t\t<\/div>\n\t\t\t<\/div>\n\t\t<\/div>\n\t\t\t\t\t<\/div>\n\t\t<\/div>\n\t<\/div>\n<\/div>\n\t\t\t<\/div>\n\n\t\t\t\n\t\t<\/div>\n\t\t\t\t<\/div>\n\t\t\t\t<\/div>\n\t\t\t\t\t<\/div>\n\t\t\t\t<\/div>\n\t\t\t\t<\/div>\n\t\t","protected":false},"excerpt":{"rendered":"<p>\u015eiir \u0130nsanl\u0131\u011fa Yakar\u0131\u015f 13 Temmuz 2024 \u015eiir \u0130nsanl\u0131\u011fa Yakar\u0131\u015f Sana bir \u201cs\u0131r\u201d vereyim ama sakl\u0131 tut \u00e7ocukSonra defterine yaz ama tez unut&#8230; Devam\u0131 \u015eiir Deneme 2 13 Temmuz 2024 \u015eiir VAH Ba\u015f\u0131na d\u00fc\u015fen bir ta\u015f par\u00e7as\u0131 gibidir hayat Ya \u00f6l\u00fcs\u00fcnd\u00fcr ya diri Bir saniyene h\u00fckmedemeyecek&#8230; Devam\u0131 \u015eiir Deneme 3 13 Temmuz 2024 \u015eiir VAH Ba\u015f\u0131na d\u00fc\u015fen bir ta\u015f par\u00e7as\u0131 gibidir hayat Ya \u00f6l\u00fcs\u00fcnd\u00fcr ya diri Bir saniyene h\u00fckmedemeyecek&#8230; Devam\u0131 Vah \u2013 \u015eevim Semiz 12 Temmuz 2024 \u015eiir VAH Ba\u015f\u0131na d\u00fc\u015fen bir ta\u015f par\u00e7as\u0131 gibidir hayat Ya \u00f6l\u00fcs\u00fcnd\u00fcr ya diri Bir saniyene h\u00fckmedemeyecek&#8230; Devam\u0131<\/p>\n","protected":false},"author":1,"featured_media":0,"parent":3585,"menu_order":0,"comment_status":"closed","ping_status":"closed","template":"","meta":{"_piecal_is_event":false,"_piecal_start_date":"","_piecal_end_date":"","_piecal_is_allday":false,"footnotes":""},"class_list":["post-7486","page","type-page","status-publish","hentry","category-siir"],"jetpack_sharing_enabled":true,"rttpg_featured_image_url":null,"rttpg_author":{"display_name":"Leyli Sanat Derne\u011fi","author_link":"https:\/\/erkanelibol.com.tr\/leylison\/author\/superadmin\/"},"rttpg_comment":0,"rttpg_category":"","rttpg_excerpt":"\u015eiir \u0130nsanl\u0131\u011fa Yakar\u0131\u015f 13 Temmuz 2024 \u015eiir \u0130nsanl\u0131\u011fa Yakar\u0131\u015f Sana bir \u201cs\u0131r\u201d vereyim ama sakl\u0131 tut \u00e7ocukSonra defterine yaz ama tez unut&#8230; Devam\u0131 \u015eiir Deneme 2 13 Temmuz 2024 \u015eiir VAH Ba\u015f\u0131na d\u00fc\u015fen bir ta\u015f par\u00e7as\u0131 gibidir hayat Ya \u00f6l\u00fcs\u00fcnd\u00fcr ya diri Bir saniyene h\u00fckmedemeyecek&#8230; Devam\u0131 \u015eiir Deneme 3 13 Temmuz 2024 \u015eiir VAH Ba\u015f\u0131na&hellip;","_links":{"self":[{"href":"https:\/\/erkanelibol.com.tr\/leylison\/wp-json\/wp\/v2\/pages\/7486","targetHints":{"allow":["GET"]}}],"collection":[{"href":"https:\/\/erkanelibol.com.tr\/leylison\/wp-json\/wp\/v2\/pages"}],"about":[{"href":"https:\/\/erkanelibol.com.tr\/leylison\/wp-json\/wp\/v2\/types\/page"}],"author":[{"embeddable":true,"href":"https:\/\/erkanelibol.com.tr\/leylison\/wp-json\/wp\/v2\/users\/1"}],"replies":[{"embeddable":true,"href":"https:\/\/erkanelibol.com.tr\/leylison\/wp-json\/wp\/v2\/comments?post=7486"}],"version-history":[{"count":8,"href":"https:\/\/erkanelibol.com.tr\/leylison\/wp-json\/wp\/v2\/pages\/7486\/revisions"}],"predecessor-version":[{"id":8036,"href":"https:\/\/erkanelibol.com.tr\/leylison\/wp-json\/wp\/v2\/pages\/7486\/revisions\/8036"}],"up":[{"embeddable":true,"href":"https:\/\/erkanelibol.com.tr\/leylison\/wp-json\/wp\/v2\/pages\/3585"}],"wp:attachment":[{"href":"https:\/\/erkanelibol.com.tr\/leylison\/wp-json\/wp\/v2\/media?parent=7486"}],"curies":[{"name":"wp","href":"https:\/\/api.w.org\/{rel}","templated":true}]}}