{"id":6933,"date":"2024-07-07T15:07:10","date_gmt":"2024-07-07T12:07:10","guid":{"rendered":"https:\/\/erkanelibol.com.tr\/leylison\/?page_id=6933"},"modified":"2024-07-13T00:11:33","modified_gmt":"2024-07-12T21:11:33","slug":"aylik-toplantilar","status":"publish","type":"page","link":"https:\/\/erkanelibol.com.tr\/leylison\/aylik-toplantilar\/","title":{"rendered":"Ayl\u0131k Toplant\u0131lar"},"content":{"rendered":"\t\t<div data-elementor-type=\"wp-page\" data-elementor-id=\"6933\" class=\"elementor elementor-6933\">\n\t\t\t\t<div class=\"elementor-element elementor-element-8f9aefe e-con-full e-flex wpr-particle-no wpr-jarallax-no wpr-parallax-no wpr-sticky-section-no e-con e-parent\" data-id=\"8f9aefe\" data-element_type=\"container\" data-settings=\"{&quot;background_background&quot;:&quot;classic&quot;}\">\n\t\t\n\t\t<div class=\"elementor-element elementor-element-a38a72e elementor-widget elementor-widget-heading\" data-id=\"a38a72e\" data-element_type=\"widget\" data-widget_type=\"heading.default\">\n\t\t\t\t<div class=\"elementor-widget-container\">\n\t\t\t<style>\/*! elementor - v3.23.0 - 05-08-2024 *\/\n.elementor-heading-title{padding:0;margin:0;line-height:1}.elementor-widget-heading .elementor-heading-title[class*=elementor-size-]>a{color:inherit;font-size:inherit;line-height:inherit}.elementor-widget-heading .elementor-heading-title.elementor-size-small{font-size:15px}.elementor-widget-heading .elementor-heading-title.elementor-size-medium{font-size:19px}.elementor-widget-heading .elementor-heading-title.elementor-size-large{font-size:29px}.elementor-widget-heading .elementor-heading-title.elementor-size-xl{font-size:39px}.elementor-widget-heading .elementor-heading-title.elementor-size-xxl{font-size:59px}<\/style><h2 class=\"elementor-heading-title elementor-size-default\">Ayl\u0131k Toplant\u0131lar<\/h2>\t\t<\/div>\n\t\t\t\t<\/div>\n\t\t\t\t<\/div>\n\t\t<div class=\"elementor-element elementor-element-a0e8985 e-flex e-con-boxed wpr-particle-no wpr-jarallax-no wpr-parallax-no wpr-sticky-section-no e-con e-parent\" data-id=\"a0e8985\" data-element_type=\"container\">\n\t\t\t\t\t<div class=\"e-con-inner\">\n\t\t<div class=\"elementor-element elementor-element-5d0c0e9 e-con-full e-flex wpr-particle-no wpr-jarallax-no wpr-parallax-no wpr-sticky-section-no e-con e-child\" data-id=\"5d0c0e9\" data-element_type=\"container\">\n\t\t\t\t<div class=\"elementor-element elementor-element-dfd7ae2 elementor-widget elementor-widget-image\" data-id=\"dfd7ae2\" data-element_type=\"widget\" data-widget_type=\"image.default\">\n\t\t\t\t<div class=\"elementor-widget-container\">\n\t\t\t<style>\/*! elementor - v3.23.0 - 05-08-2024 *\/\n.elementor-widget-image{text-align:center}.elementor-widget-image a{display:inline-block}.elementor-widget-image a img[src$=\".svg\"]{width:48px}.elementor-widget-image img{vertical-align:middle;display:inline-block}<\/style>\t\t\t\t\t\t\t\t\t\t<img fetchpriority=\"high\" decoding=\"async\" width=\"768\" height=\"768\" src=\"https:\/\/erkanelibol.com.tr\/leylison\/wp-content\/uploads\/2024\/07\/438060240_18024612587037383_1106520889089511875_n-768x768.jpg\" class=\"attachment-medium_large size-medium_large wp-image-7193\" alt=\"\" \/>\t\t\t\t\t\t\t\t\t\t\t\t\t<\/div>\n\t\t\t\t<\/div>\n\t\t\t\t<div class=\"elementor-element elementor-element-fe7f4e6 elementor-widget elementor-widget-image\" data-id=\"fe7f4e6\" data-element_type=\"widget\" data-widget_type=\"image.default\">\n\t\t\t\t<div class=\"elementor-widget-container\">\n\t\t\t\t\t\t\t\t\t\t\t\t\t<img decoding=\"async\" width=\"1024\" height=\"768\" src=\"https:\/\/erkanelibol.com.tr\/leylison\/wp-content\/uploads\/2024\/07\/431116779_18020274830037383_2682880970941369753_n-1024x768.jpg\" class=\"attachment-large size-large wp-image-7194\" alt=\"\" \/>\t\t\t\t\t\t\t\t\t\t\t\t\t<\/div>\n\t\t\t\t<\/div>\n\t\t\t\t<\/div>\n\t\t<div class=\"elementor-element elementor-element-162f69d e-con-full e-flex wpr-particle-no wpr-jarallax-no wpr-parallax-no wpr-sticky-section-no e-con e-child\" data-id=\"162f69d\" data-element_type=\"container\">\n\t\t\t\t<div class=\"elementor-element elementor-element-9241579 elementor-widget elementor-widget-text-editor\" data-id=\"9241579\" data-element_type=\"widget\" data-widget_type=\"text-editor.default\">\n\t\t\t\t<div class=\"elementor-widget-container\">\n\t\t\t<style>\/*! elementor - v3.23.0 - 05-08-2024 *\/\n.elementor-widget-text-editor.elementor-drop-cap-view-stacked .elementor-drop-cap{background-color:#69727d;color:#fff}.elementor-widget-text-editor.elementor-drop-cap-view-framed .elementor-drop-cap{color:#69727d;border:3px solid;background-color:transparent}.elementor-widget-text-editor:not(.elementor-drop-cap-view-default) .elementor-drop-cap{margin-top:8px}.elementor-widget-text-editor:not(.elementor-drop-cap-view-default) .elementor-drop-cap-letter{width:1em;height:1em}.elementor-widget-text-editor .elementor-drop-cap{float:left;text-align:center;line-height:1;font-size:50px}.elementor-widget-text-editor .elementor-drop-cap-letter{display:inline-block}<\/style>\t\t\t\t<p><span style=\"font-weight: 400;\">Leyli Sanat Derne\u011fi, \u00fcyelerimiz, g\u00f6n\u00fcll\u00fclerimiz ve takip\u00e7ilerimiz aras\u0131nda g\u00fc\u00e7l\u00fc bir ba\u011f kuruyor ve herkese a\u00e7\u0131k ayl\u0131k toplant\u0131lar\u0131 ile \u201cGelin, birlikte \u00fcretelim!\u201d diyor. Bu toplant\u0131lar, derne\u011fimizin Kad\u0131k\u00f6y ofisinde ger\u00e7ekle\u015fiyor ve topluluk ruhunu g\u00fc\u00e7lendirerek, \u00e7o\u011fulcu kat\u0131l\u0131m\u0131 art\u0131rmay\u0131 hedefliyor.<\/span><\/p><p><span style=\"font-weight: 400;\">Ayl\u0131k toplant\u0131lar\u0131m\u0131z, buz k\u0131r\u0131c\u0131 oyunlarla ba\u015fl\u0131yor ve \u00fcyelerimizin birbirleriyle daha yak\u0131n ili\u015fkiler kurmalar\u0131n\u0131 sa\u011fl\u0131yor. Derne\u011fimizin mevcut g\u00fcndemleri \u00fczerinde konu\u015fulur; ayr\u0131ca, \u00f6n\u00fcm\u00fczdeki aylarda y\u00fcr\u00fct\u00fclecek etkinlikler planlan\u0131r ve kat\u0131l\u0131mc\u0131lar\u0131n \u00f6nerileriyle \u015fekillenir.<\/span><\/p><p><span style=\"font-weight: 400;\">Bu toplant\u0131lar, \u00fcyelerin derne\u011fin faaliyetlerine do\u011frudan kat\u0131l\u0131m\u0131n\u0131 te\u015fvik ederek, birlikte karar alma s\u00fcre\u00e7lerini destekler. Herkesin fikirlerini \u00f6zg\u00fcrce ifade edebilece\u011fi bu ortamda, derne\u011fimizin gelece\u011fi i\u00e7in \u00f6nemli ad\u0131mlar at\u0131l\u0131r.<\/span><\/p><p><span style=\"font-weight: 400;\">Derne\u011fimizin resmi \u00fcyesi olmak ve birlikte \u00fcretmek i\u00e7in merhaba@leylisanat.org e-posta adresinden bizimle ileti\u015fime ge\u00e7ebilirsiniz. Ayl\u0131k toplant\u0131lar\u0131m\u0131z hakk\u0131nda detayl\u0131 bilgi almak ve gelecek toplant\u0131 tarihlerini \u00f6\u011frenmek i\u00e7in Leyli Sanat Derne\u011fi web sitesini ziyaret edebilir, g\u00fcncel duyurular i\u00e7in sosyal medya hesaplar\u0131m\u0131z\u0131 takip edebilirsiniz.<\/span><\/p><p><span style=\"font-weight: 400;\">Birlikte daha g\u00fc\u00e7l\u00fc ve yarat\u0131c\u0131 bir topluluk olu\u015fturmak i\u00e7in hepinizi ayl\u0131k toplant\u0131lar\u0131m\u0131za bekliyoruz!<\/span><\/p>\t\t\t\t\t\t<\/div>\n\t\t\t\t<\/div>\n\t\t\t\t<\/div>\n\t\t\t\t\t<\/div>\n\t\t\t\t<\/div>\n\t\t<div class=\"elementor-element elementor-element-e30ead6 e-flex e-con-boxed wpr-particle-no wpr-jarallax-no wpr-parallax-no wpr-sticky-section-no e-con e-parent\" data-id=\"e30ead6\" data-element_type=\"container\">\n\t\t\t\t\t<div class=\"e-con-inner\">\n\t\t\t\t<div class=\"elementor-element elementor-element-2cc517a elementor-widget elementor-widget-image\" data-id=\"2cc517a\" data-element_type=\"widget\" data-widget_type=\"image.default\">\n\t\t\t\t<div class=\"elementor-widget-container\">\n\t\t\t\t\t\t\t\t\t\t\t\t\t<img decoding=\"async\" width=\"2048\" height=\"1536\" src=\"https:\/\/erkanelibol.com.tr\/leylison\/wp-content\/uploads\/2024\/07\/fotograf-1-scaled-1-2048x1536.jpeg\" class=\"attachment-2048x2048 size-2048x2048 wp-image-7192\" alt=\"\" \/>\t\t\t\t\t\t\t\t\t\t\t\t\t<\/div>\n\t\t\t\t<\/div>\n\t\t\t\t\t<\/div>\n\t\t\t\t<\/div>\n\t\t\t\t<\/div>\n\t\t","protected":false},"excerpt":{"rendered":"<p>Ayl\u0131k Toplant\u0131lar Leyli Sanat Derne\u011fi, \u00fcyelerimiz, g\u00f6n\u00fcll\u00fclerimiz ve takip\u00e7ilerimiz aras\u0131nda g\u00fc\u00e7l\u00fc bir ba\u011f kuruyor ve herkese a\u00e7\u0131k ayl\u0131k toplant\u0131lar\u0131 ile \u201cGelin, birlikte \u00fcretelim!\u201d diyor. Bu toplant\u0131lar, derne\u011fimizin Kad\u0131k\u00f6y ofisinde ger\u00e7ekle\u015fiyor ve topluluk ruhunu g\u00fc\u00e7lendirerek, \u00e7o\u011fulcu kat\u0131l\u0131m\u0131 art\u0131rmay\u0131 hedefliyor. Ayl\u0131k toplant\u0131lar\u0131m\u0131z, buz k\u0131r\u0131c\u0131 oyunlarla ba\u015fl\u0131yor ve \u00fcyelerimizin birbirleriyle daha yak\u0131n ili\u015fkiler kurmalar\u0131n\u0131 sa\u011fl\u0131yor. Derne\u011fimizin mevcut g\u00fcndemleri \u00fczerinde konu\u015fulur; ayr\u0131ca, \u00f6n\u00fcm\u00fczdeki aylarda y\u00fcr\u00fct\u00fclecek etkinlikler planlan\u0131r ve kat\u0131l\u0131mc\u0131lar\u0131n \u00f6nerileriyle \u015fekillenir. Bu toplant\u0131lar, \u00fcyelerin derne\u011fin faaliyetlerine do\u011frudan kat\u0131l\u0131m\u0131n\u0131 te\u015fvik ederek, birlikte karar alma s\u00fcre\u00e7lerini destekler. Herkesin fikirlerini \u00f6zg\u00fcrce ifade edebilece\u011fi bu ortamda, derne\u011fimizin gelece\u011fi i\u00e7in \u00f6nemli ad\u0131mlar at\u0131l\u0131r. Derne\u011fimizin resmi \u00fcyesi olmak ve birlikte \u00fcretmek i\u00e7in merhaba@leylisanat.org e-posta adresinden bizimle ileti\u015fime ge\u00e7ebilirsiniz. Ayl\u0131k toplant\u0131lar\u0131m\u0131z hakk\u0131nda detayl\u0131 bilgi almak ve gelecek toplant\u0131 tarihlerini \u00f6\u011frenmek i\u00e7in Leyli Sanat Derne\u011fi web sitesini ziyaret edebilir, g\u00fcncel duyurular i\u00e7in sosyal medya hesaplar\u0131m\u0131z\u0131 takip edebilirsiniz. Birlikte daha g\u00fc\u00e7l\u00fc ve yarat\u0131c\u0131 bir topluluk olu\u015fturmak i\u00e7in hepinizi ayl\u0131k toplant\u0131lar\u0131m\u0131za bekliyoruz!<\/p>\n","protected":false},"author":1,"featured_media":0,"parent":0,"menu_order":0,"comment_status":"closed","ping_status":"closed","template":"","meta":{"_piecal_is_event":false,"_piecal_start_date":"","_piecal_end_date":"","_piecal_is_allday":false,"footnotes":""},"class_list":["post-6933","page","type-page","status-publish","hentry"],"jetpack_sharing_enabled":true,"rttpg_featured_image_url":null,"rttpg_author":{"display_name":"Leyli Sanat Derne\u011fi","author_link":"https:\/\/erkanelibol.com.tr\/leylison\/author\/superadmin\/"},"rttpg_comment":0,"rttpg_category":" <a href=\"https:\/\/erkanelibol.com.tr\/leylison\/\" rel=\"tag\">T\u00fcrk\u00e7e<\/a>","rttpg_excerpt":"Ayl\u0131k Toplant\u0131lar Leyli Sanat Derne\u011fi, \u00fcyelerimiz, g\u00f6n\u00fcll\u00fclerimiz ve takip\u00e7ilerimiz aras\u0131nda g\u00fc\u00e7l\u00fc bir ba\u011f kuruyor ve herkese a\u00e7\u0131k ayl\u0131k toplant\u0131lar\u0131 ile \u201cGelin, birlikte \u00fcretelim!\u201d diyor. Bu toplant\u0131lar, derne\u011fimizin Kad\u0131k\u00f6y ofisinde ger\u00e7ekle\u015fiyor ve topluluk ruhunu g\u00fc\u00e7lendirerek, \u00e7o\u011fulcu kat\u0131l\u0131m\u0131 art\u0131rmay\u0131 hedefliyor. Ayl\u0131k toplant\u0131lar\u0131m\u0131z, buz k\u0131r\u0131c\u0131 oyunlarla ba\u015fl\u0131yor ve \u00fcyelerimizin birbirleriyle daha yak\u0131n ili\u015fkiler kurmalar\u0131n\u0131 sa\u011fl\u0131yor. Derne\u011fimizin mevcut g\u00fcndemleri&hellip;","_links":{"self":[{"href":"https:\/\/erkanelibol.com.tr\/leylison\/wp-json\/wp\/v2\/pages\/6933","targetHints":{"allow":["GET"]}}],"collection":[{"href":"https:\/\/erkanelibol.com.tr\/leylison\/wp-json\/wp\/v2\/pages"}],"about":[{"href":"https:\/\/erkanelibol.com.tr\/leylison\/wp-json\/wp\/v2\/types\/page"}],"author":[{"embeddable":true,"href":"https:\/\/erkanelibol.com.tr\/leylison\/wp-json\/wp\/v2\/users\/1"}],"replies":[{"embeddable":true,"href":"https:\/\/erkanelibol.com.tr\/leylison\/wp-json\/wp\/v2\/comments?post=6933"}],"version-history":[{"count":9,"href":"https:\/\/erkanelibol.com.tr\/leylison\/wp-json\/wp\/v2\/pages\/6933\/revisions"}],"predecessor-version":[{"id":7485,"href":"https:\/\/erkanelibol.com.tr\/leylison\/wp-json\/wp\/v2\/pages\/6933\/revisions\/7485"}],"wp:attachment":[{"href":"https:\/\/erkanelibol.com.tr\/leylison\/wp-json\/wp\/v2\/media?parent=6933"}],"curies":[{"name":"wp","href":"https:\/\/api.w.org\/{rel}","templated":true}]}}