{"id":6884,"date":"2024-07-07T14:05:33","date_gmt":"2024-07-07T11:05:33","guid":{"rendered":"https:\/\/erkanelibol.com.tr\/leylison\/?page_id=6884"},"modified":"2024-08-06T20:42:55","modified_gmt":"2024-08-06T17:42:55","slug":"soylesi-imza-gunleri","status":"publish","type":"page","link":"https:\/\/erkanelibol.com.tr\/leylison\/soylesi-imza-gunleri\/","title":{"rendered":"S\u00f6yle\u015fi &#038; \u0130mza G\u00fcnleri"},"content":{"rendered":"\t\t<div data-elementor-type=\"wp-page\" data-elementor-id=\"6884\" class=\"elementor elementor-6884\">\n\t\t\t\t<div class=\"elementor-element elementor-element-18a9710 e-con-full e-flex wpr-particle-no wpr-jarallax-no wpr-parallax-no wpr-sticky-section-no e-con e-parent\" data-id=\"18a9710\" data-element_type=\"container\">\n\t\t\n\t\t<div class=\"elementor-element elementor-element-3e89f36 elementor-widget elementor-widget-image\" data-id=\"3e89f36\" data-element_type=\"widget\" data-widget_type=\"image.default\">\n\t\t\t\t<div class=\"elementor-widget-container\">\n\t\t\t<style>\/*! elementor - v3.23.0 - 05-08-2024 *\/\n.elementor-widget-image{text-align:center}.elementor-widget-image a{display:inline-block}.elementor-widget-image a img[src$=\".svg\"]{width:48px}.elementor-widget-image img{vertical-align:middle;display:inline-block}<\/style>\t\t\t\t\t\t\t\t\t\t<img decoding=\"async\" src=\"https:\/\/erkanelibol.com.tr\/leylison\/wp-content\/uploads\/elementor\/thumbs\/back-school-study-break-ideas-1-scaled-qs2618jsp80jipacjxxs21p0pl9xiwaqjum7bgux7k.jpg\" title=\"Back to School: Study Break Ideas\" alt=\"Back to School: Study Break Ideas, Relaxation Techniques, Stress Relief Activities, Contemporary Style, Versatile Usage, Vibrant Colors, Clean Composition, High Resolution, Modern Stock Photography, Smartphone Camera, Portrait Mode, Slow Sync Flash, Natural Lighting. --ar 16:9 --stylize 300 Job ID: 5905a0c0-d482-46f2-8ea6-fe37f9949e25\" loading=\"lazy\" \/>\t\t\t\t\t\t\t\t\t\t\t\t\t<\/div>\n\t\t\t\t<\/div>\n\t\t\t\t<\/div>\n\t\t\t\t<section class=\"elementor-section elementor-top-section elementor-element elementor-element-e9ef306 elementor-section-stretched elementor-section-boxed elementor-section-height-default elementor-section-height-default wpr-particle-no wpr-jarallax-no wpr-parallax-no wpr-sticky-section-no\" data-id=\"e9ef306\" data-element_type=\"section\" data-settings=\"{&quot;stretch_section&quot;:&quot;section-stretched&quot;,&quot;background_background&quot;:&quot;classic&quot;}\">\n\t\t\t\t\t\t<div class=\"elementor-container elementor-column-gap-no\">\n\t\t\t\t\t<div class=\"elementor-column elementor-col-100 elementor-top-column elementor-element elementor-element-5369442\" data-id=\"5369442\" data-element_type=\"column\" data-settings=\"{&quot;background_background&quot;:&quot;classic&quot;}\">\n\t\t\t<div class=\"elementor-widget-wrap elementor-element-populated\">\n\t\t\t\t\t\t<div class=\"elementor-element elementor-element-9cf020d elementor-widget elementor-widget-ova_heading\" data-id=\"9cf020d\" data-element_type=\"widget\" data-widget_type=\"ova_heading.default\">\n\t\t\t\t<div class=\"elementor-widget-container\">\n\t\t\t\t\t<div class=\"ova-heading\">\n\t\t\t\n\t\t\t\t\t\t\t<h3 class=\"title second_font\">S\u00f6yle\u015fi & \u0130mza G\u00fcnleri<\/h3>\n\t\t\t\n\t\t\t\n\t\t<\/div>\n\t\t\t\t<\/div>\n\t\t\t\t<\/div>\n\t\t\t\t\t<\/div>\n\t\t<\/div>\n\t\t\t\t\t<\/div>\n\t\t<\/section>\n\t\t\t\t<section class=\"elementor-section elementor-top-section elementor-element elementor-element-8623e01 elementor-section-boxed elementor-section-height-default elementor-section-height-default wpr-particle-no wpr-jarallax-no wpr-parallax-no wpr-sticky-section-no\" data-id=\"8623e01\" data-element_type=\"section\" data-settings=\"{&quot;background_background&quot;:&quot;classic&quot;}\">\n\t\t\t\t\t\t<div class=\"elementor-container elementor-column-gap-default\">\n\t\t\t\t\t<div class=\"elementor-column elementor-col-50 elementor-top-column elementor-element elementor-element-7aa6200 egovt_stretch_column_left\" data-id=\"7aa6200\" data-element_type=\"column\" data-settings=\"{&quot;background_background&quot;:&quot;classic&quot;}\">\n\t\t\t<div class=\"elementor-widget-wrap\">\n\t\t\t\t\t\t\t<\/div>\n\t\t<\/div>\n\t\t\t\t<div class=\"elementor-column elementor-col-50 elementor-top-column elementor-element elementor-element-cb99764\" data-id=\"cb99764\" data-element_type=\"column\" data-settings=\"{&quot;background_background&quot;:&quot;classic&quot;}\">\n\t\t\t<div class=\"elementor-widget-wrap elementor-element-populated\">\n\t\t\t\t\t\t<div class=\"elementor-element elementor-element-34a86a6 elementor-widget elementor-widget-text-editor\" data-id=\"34a86a6\" data-element_type=\"widget\" data-widget_type=\"text-editor.default\">\n\t\t\t\t<div class=\"elementor-widget-container\">\n\t\t\t<style>\/*! elementor - v3.23.0 - 05-08-2024 *\/\n.elementor-widget-text-editor.elementor-drop-cap-view-stacked .elementor-drop-cap{background-color:#69727d;color:#fff}.elementor-widget-text-editor.elementor-drop-cap-view-framed .elementor-drop-cap{color:#69727d;border:3px solid;background-color:transparent}.elementor-widget-text-editor:not(.elementor-drop-cap-view-default) .elementor-drop-cap{margin-top:8px}.elementor-widget-text-editor:not(.elementor-drop-cap-view-default) .elementor-drop-cap-letter{width:1em;height:1em}.elementor-widget-text-editor .elementor-drop-cap{float:left;text-align:center;line-height:1;font-size:50px}.elementor-widget-text-editor .elementor-drop-cap-letter{display:inline-block}<\/style>\t\t\t\t<p><span style=\"font-weight: 400;\">Leyli Sanat Derne\u011fi olarak, edebiyat d\u00fcnyas\u0131na ad\u0131m atan yazarlar\u0131 desteklemek ve ifade \u00f6zg\u00fcrl\u00fc\u011f\u00fcne katk\u0131da bulunmak amac\u0131yla d\u00fczenledi\u011fimiz S\u00f6yle\u015fi ve \u0130mza G\u00fcnleri etkinliklerine ayda bir kez olmak \u00fczere devam ediyoruz.\u00a0<\/span><\/p><p><span style=\"font-weight: 400;\">Etkinliklerimizde \u00f6zellikle ilk kitab\u0131n\u0131 yay\u0131mlayan yazarlara \u00f6ncelik veriyoruz. Bu bulu\u015fmalar, yazarlar\u0131n eserlerini tan\u0131tmalar\u0131, okurlar\u0131yla birebir etkile\u015fimde bulunmalar\u0131 ve imza da\u011f\u0131tmalar\u0131 i\u00e7in harika bir f\u0131rsat sunuyor.<\/span><\/p><p><span style=\"font-weight: 400;\">Bu etkinlikler, yazarlar\u0131n kendi hikayelerini, yazma s\u00fcre\u00e7lerini ve kitaplar\u0131n\u0131n arkas\u0131ndaki ilham\u0131 payla\u015fmalar\u0131 i\u00e7in samimi bir ortam yarat\u0131yor. Ayn\u0131 zamanda, kat\u0131l\u0131mc\u0131lar i\u00e7in de edebi d\u00fcnyaya dair derinlemesine bir anlay\u0131\u015f ve yazarlarla do\u011frudan etkile\u015fim kurma f\u0131rsat\u0131 sunuyor.<\/span><\/p><p><span style=\"font-weight: 400;\">E\u011fer siz de bu etkinliklerimizde konuk yazar olmak isterseniz, sizi aram\u0131zda g\u00f6rmekten mutluluk duyar\u0131z. Ba\u015fvurular\u0131n\u0131z\u0131 merhaba@leylisanat.org e-posta adresine iletebilirsiniz.<\/span><\/p><p><span style=\"font-weight: 400;\">Edebi yolculu\u011funuzu payla\u015fmak dile\u011fiyle!<\/span><\/p>\t\t\t\t\t\t<\/div>\n\t\t\t\t<\/div>\n\t\t\t\t\t<\/div>\n\t\t<\/div>\n\t\t\t\t\t<\/div>\n\t\t<\/section>\n\t\t<div class=\"elementor-element elementor-element-e7128f6 e-con-full e-flex wpr-particle-no wpr-jarallax-no wpr-parallax-no wpr-sticky-section-no e-con e-parent\" data-id=\"e7128f6\" data-element_type=\"container\">\n\t\t\t\t<div class=\"elementor-element elementor-element-00fd31c elementor-widget elementor-widget-heading\" data-id=\"00fd31c\" data-element_type=\"widget\" data-widget_type=\"heading.default\">\n\t\t\t\t<div class=\"elementor-widget-container\">\n\t\t\t<style>\/*! elementor - v3.23.0 - 05-08-2024 *\/\n.elementor-heading-title{padding:0;margin:0;line-height:1}.elementor-widget-heading .elementor-heading-title[class*=elementor-size-]>a{color:inherit;font-size:inherit;line-height:inherit}.elementor-widget-heading .elementor-heading-title.elementor-size-small{font-size:15px}.elementor-widget-heading .elementor-heading-title.elementor-size-medium{font-size:19px}.elementor-widget-heading .elementor-heading-title.elementor-size-large{font-size:29px}.elementor-widget-heading .elementor-heading-title.elementor-size-xl{font-size:39px}.elementor-widget-heading .elementor-heading-title.elementor-size-xxl{font-size:59px}<\/style><h2 class=\"elementor-heading-title elementor-size-default\">Ge\u00e7mi\u015f Etkinliklerimiz:<\/h2>\t\t<\/div>\n\t\t\t\t<\/div>\n\t\t\t\t<\/div>\n\t\t<div class=\"elementor-element elementor-element-d087f82 e-con-full e-flex wpr-particle-no wpr-jarallax-no wpr-parallax-no wpr-sticky-section-no e-con e-parent\" data-id=\"d087f82\" data-element_type=\"container\">\n\t\t\t\t<div class=\"elementor-element elementor-element-7e1887b gallery-spacing-custom elementor-widget elementor-widget-image-gallery\" data-id=\"7e1887b\" data-element_type=\"widget\" data-widget_type=\"image-gallery.default\">\n\t\t\t\t<div class=\"elementor-widget-container\">\n\t\t\t<style>\/*! elementor - v3.23.0 - 05-08-2024 *\/\n.elementor-image-gallery .gallery-item{display:inline-block;text-align:center;vertical-align:top;width:100%;max-width:100%;margin:0 auto}.elementor-image-gallery .gallery-item img{margin:0 auto}.elementor-image-gallery .gallery-item .gallery-caption{margin:0}.elementor-image-gallery figure img{display:block}.elementor-image-gallery figure figcaption{width:100%}.gallery-spacing-custom .elementor-image-gallery .gallery-icon{padding:0}@media (min-width:768px){.elementor-image-gallery .gallery-columns-2 .gallery-item{max-width:50%}.elementor-image-gallery .gallery-columns-3 .gallery-item{max-width:33.33%}.elementor-image-gallery .gallery-columns-4 .gallery-item{max-width:25%}.elementor-image-gallery .gallery-columns-5 .gallery-item{max-width:20%}.elementor-image-gallery .gallery-columns-6 .gallery-item{max-width:16.666%}.elementor-image-gallery .gallery-columns-7 .gallery-item{max-width:14.28%}.elementor-image-gallery .gallery-columns-8 .gallery-item{max-width:12.5%}.elementor-image-gallery .gallery-columns-9 .gallery-item{max-width:11.11%}.elementor-image-gallery .gallery-columns-10 .gallery-item{max-width:10%}}@media (min-width:480px) and (max-width:767px){.elementor-image-gallery .gallery.gallery-columns-2 .gallery-item,.elementor-image-gallery .gallery.gallery-columns-3 .gallery-item,.elementor-image-gallery .gallery.gallery-columns-4 .gallery-item,.elementor-image-gallery .gallery.gallery-columns-5 .gallery-item,.elementor-image-gallery .gallery.gallery-columns-6 .gallery-item,.elementor-image-gallery .gallery.gallery-columns-7 .gallery-item,.elementor-image-gallery .gallery.gallery-columns-8 .gallery-item,.elementor-image-gallery .gallery.gallery-columns-9 .gallery-item,.elementor-image-gallery .gallery.gallery-columns-10 .gallery-item{max-width:50%}}@media (max-width:479px){.elementor-image-gallery .gallery.gallery-columns-2 .gallery-item,.elementor-image-gallery .gallery.gallery-columns-3 .gallery-item,.elementor-image-gallery .gallery.gallery-columns-4 .gallery-item,.elementor-image-gallery .gallery.gallery-columns-5 .gallery-item,.elementor-image-gallery .gallery.gallery-columns-6 .gallery-item,.elementor-image-gallery .gallery.gallery-columns-7 .gallery-item,.elementor-image-gallery .gallery.gallery-columns-8 .gallery-item,.elementor-image-gallery .gallery.gallery-columns-9 .gallery-item,.elementor-image-gallery .gallery.gallery-columns-10 .gallery-item{max-width:100%}}<\/style>\t\t<div class=\"elementor-image-gallery\">\n\t\t\t\n\t\t<style type=\"text\/css\">\n\t\t\t#gallery-1 {\n\t\t\t\tmargin: auto;\n\t\t\t}\n\t\t\t#gallery-1 .gallery-item {\n\t\t\t\tfloat: left;\n\t\t\t\tmargin-top: 10px;\n\t\t\t\ttext-align: center;\n\t\t\t\twidth: 20%;\n\t\t\t}\n\t\t\t#gallery-1 img {\n\t\t\t\tborder: 2px solid #cfcfcf;\n\t\t\t}\n\t\t\t#gallery-1 .gallery-caption {\n\t\t\t\tmargin-left: 0;\n\t\t\t}\n\t\t\t\/* see gallery_shortcode() in wp-includes\/media.php *\/\n\t\t<\/style>\n\t\t<div id='gallery-1' class='gallery galleryid-6884 gallery-columns-5 gallery-size-medium_large'><dl class='gallery-item'>\n\t\t\t<dt class='gallery-icon portrait'>\n\t\t\t\t<a data-elementor-open-lightbox=\"no\" href='https:\/\/erkanelibol.com.tr\/leylison\/wp-content\/uploads\/2024\/07\/AYTEKI\u0307N-DURAN-AFI\u0307S\u0327-1.jpg'><img fetchpriority=\"high\" decoding=\"async\" width=\"768\" height=\"1086\" src=\"https:\/\/erkanelibol.com.tr\/leylison\/wp-content\/uploads\/2024\/07\/AYTEKI\u0307N-DURAN-AFI\u0307S\u0327-1-768x1086.jpg\" class=\"attachment-medium_large size-medium_large\" alt=\"\" \/><\/a>\n\t\t\t<\/dt><\/dl><dl class='gallery-item'>\n\t\t\t<dt class='gallery-icon portrait'>\n\t\t\t\t<a data-elementor-open-lightbox=\"no\" href='https:\/\/erkanelibol.com.tr\/leylison\/wp-content\/uploads\/2024\/07\/4.png'><img decoding=\"async\" width=\"768\" height=\"1086\" src=\"https:\/\/erkanelibol.com.tr\/leylison\/wp-content\/uploads\/2024\/07\/4-768x1086.png\" class=\"attachment-medium_large size-medium_large\" alt=\"\" \/><\/a>\n\t\t\t<\/dt><\/dl><dl class='gallery-item'>\n\t\t\t<dt class='gallery-icon portrait'>\n\t\t\t\t<a data-elementor-open-lightbox=\"no\" href='https:\/\/erkanelibol.com.tr\/leylison\/wp-content\/uploads\/2024\/07\/3.png'><img decoding=\"async\" width=\"768\" height=\"1086\" src=\"https:\/\/erkanelibol.com.tr\/leylison\/wp-content\/uploads\/2024\/07\/3-768x1086.png\" class=\"attachment-medium_large size-medium_large\" alt=\"\" \/><\/a>\n\t\t\t<\/dt><\/dl><dl class='gallery-item'>\n\t\t\t<dt class='gallery-icon portrait'>\n\t\t\t\t<a data-elementor-open-lightbox=\"no\" href='https:\/\/erkanelibol.com.tr\/leylison\/wp-content\/uploads\/2024\/07\/2.png'><img loading=\"lazy\" decoding=\"async\" width=\"768\" height=\"1086\" src=\"https:\/\/erkanelibol.com.tr\/leylison\/wp-content\/uploads\/2024\/07\/2-768x1086.png\" class=\"attachment-medium_large size-medium_large\" alt=\"\" \/><\/a>\n\t\t\t<\/dt><\/dl><dl class='gallery-item'>\n\t\t\t<dt class='gallery-icon portrait'>\n\t\t\t\t<a data-elementor-open-lightbox=\"no\" href='https:\/\/erkanelibol.com.tr\/leylison\/wp-content\/uploads\/2024\/07\/1.png'><img loading=\"lazy\" decoding=\"async\" width=\"768\" height=\"1086\" src=\"https:\/\/erkanelibol.com.tr\/leylison\/wp-content\/uploads\/2024\/07\/1-768x1086.png\" class=\"attachment-medium_large size-medium_large\" alt=\"\" \/><\/a>\n\t\t\t<\/dt><\/dl><br style=\"clear: both\" \/>\n\t\t<\/div>\n\t\t<\/div>\n\t\t\t\t<\/div>\n\t\t\t\t<\/div>\n\t\t\t\t<\/div>\n\t\t\t\t<\/div>\n\t\t","protected":false},"excerpt":{"rendered":"<p>S\u00f6yle\u015fi &#038; \u0130mza G\u00fcnleri Leyli Sanat Derne\u011fi olarak, edebiyat d\u00fcnyas\u0131na ad\u0131m atan yazarlar\u0131 desteklemek ve ifade \u00f6zg\u00fcrl\u00fc\u011f\u00fcne katk\u0131da bulunmak amac\u0131yla d\u00fczenledi\u011fimiz S\u00f6yle\u015fi ve \u0130mza G\u00fcnleri etkinliklerine ayda bir kez olmak \u00fczere devam ediyoruz.\u00a0 Etkinliklerimizde \u00f6zellikle ilk kitab\u0131n\u0131 yay\u0131mlayan yazarlara \u00f6ncelik veriyoruz. Bu bulu\u015fmalar, yazarlar\u0131n eserlerini tan\u0131tmalar\u0131, okurlar\u0131yla birebir etkile\u015fimde bulunmalar\u0131 ve imza da\u011f\u0131tmalar\u0131 i\u00e7in harika bir f\u0131rsat sunuyor. Bu etkinlikler, yazarlar\u0131n kendi hikayelerini, yazma s\u00fcre\u00e7lerini ve kitaplar\u0131n\u0131n arkas\u0131ndaki ilham\u0131 payla\u015fmalar\u0131 i\u00e7in samimi bir ortam yarat\u0131yor. Ayn\u0131 zamanda, kat\u0131l\u0131mc\u0131lar i\u00e7in de edebi d\u00fcnyaya dair derinlemesine bir anlay\u0131\u015f ve yazarlarla do\u011frudan etkile\u015fim kurma f\u0131rsat\u0131 sunuyor. E\u011fer siz de bu etkinliklerimizde konuk yazar olmak isterseniz, sizi aram\u0131zda g\u00f6rmekten mutluluk duyar\u0131z. Ba\u015fvurular\u0131n\u0131z\u0131 merhaba@leylisanat.org e-posta adresine iletebilirsiniz. Edebi yolculu\u011funuzu payla\u015fmak dile\u011fiyle! Ge\u00e7mi\u015f Etkinliklerimiz:<\/p>\n","protected":false},"author":1,"featured_media":0,"parent":0,"menu_order":0,"comment_status":"closed","ping_status":"closed","template":"elementor_header_footer","meta":{"_piecal_is_event":false,"_piecal_start_date":"","_piecal_end_date":"","_piecal_is_allday":false,"footnotes":""},"class_list":["post-6884","page","type-page","status-publish","hentry"],"jetpack_sharing_enabled":true,"rttpg_featured_image_url":null,"rttpg_author":{"display_name":"Leyli Sanat Derne\u011fi","author_link":"https:\/\/erkanelibol.com.tr\/leylison\/author\/superadmin\/"},"rttpg_comment":0,"rttpg_category":" <a href=\"https:\/\/erkanelibol.com.tr\/leylison\/\" rel=\"tag\">T\u00fcrk\u00e7e<\/a>","rttpg_excerpt":"S\u00f6yle\u015fi &#038; \u0130mza G\u00fcnleri Leyli Sanat Derne\u011fi olarak, edebiyat d\u00fcnyas\u0131na ad\u0131m atan yazarlar\u0131 desteklemek ve ifade \u00f6zg\u00fcrl\u00fc\u011f\u00fcne katk\u0131da bulunmak amac\u0131yla d\u00fczenledi\u011fimiz S\u00f6yle\u015fi ve \u0130mza G\u00fcnleri etkinliklerine ayda bir kez olmak \u00fczere devam ediyoruz.\u00a0 Etkinliklerimizde \u00f6zellikle ilk kitab\u0131n\u0131 yay\u0131mlayan yazarlara \u00f6ncelik veriyoruz. Bu bulu\u015fmalar, yazarlar\u0131n eserlerini tan\u0131tmalar\u0131, okurlar\u0131yla birebir etkile\u015fimde bulunmalar\u0131 ve imza da\u011f\u0131tmalar\u0131 i\u00e7in harika&hellip;","_links":{"self":[{"href":"https:\/\/erkanelibol.com.tr\/leylison\/wp-json\/wp\/v2\/pages\/6884","targetHints":{"allow":["GET"]}}],"collection":[{"href":"https:\/\/erkanelibol.com.tr\/leylison\/wp-json\/wp\/v2\/pages"}],"about":[{"href":"https:\/\/erkanelibol.com.tr\/leylison\/wp-json\/wp\/v2\/types\/page"}],"author":[{"embeddable":true,"href":"https:\/\/erkanelibol.com.tr\/leylison\/wp-json\/wp\/v2\/users\/1"}],"replies":[{"embeddable":true,"href":"https:\/\/erkanelibol.com.tr\/leylison\/wp-json\/wp\/v2\/comments?post=6884"}],"version-history":[{"count":19,"href":"https:\/\/erkanelibol.com.tr\/leylison\/wp-json\/wp\/v2\/pages\/6884\/revisions"}],"predecessor-version":[{"id":8494,"href":"https:\/\/erkanelibol.com.tr\/leylison\/wp-json\/wp\/v2\/pages\/6884\/revisions\/8494"}],"wp:attachment":[{"href":"https:\/\/erkanelibol.com.tr\/leylison\/wp-json\/wp\/v2\/media?parent=6884"}],"curies":[{"name":"wp","href":"https:\/\/api.w.org\/{rel}","templated":true}]}}