{"id":6700,"date":"2024-07-07T02:13:33","date_gmt":"2024-07-06T23:13:33","guid":{"rendered":"https:\/\/erkanelibol.com.tr\/leylison\/?page_id=6700"},"modified":"2024-07-13T00:09:07","modified_gmt":"2024-07-12T21:09:07","slug":"gonullu-formu","status":"publish","type":"page","link":"https:\/\/erkanelibol.com.tr\/leylison\/gonullu-formu\/","title":{"rendered":"G\u00f6n\u00fcll\u00fc Formu"},"content":{"rendered":"\t\t<div data-elementor-type=\"wp-page\" data-elementor-id=\"6700\" class=\"elementor elementor-6700\">\n\t\t\t\t<div class=\"elementor-element elementor-element-8a7c8ab e-flex e-con-boxed wpr-particle-no wpr-jarallax-no wpr-parallax-no wpr-sticky-section-no e-con e-parent\" data-id=\"8a7c8ab\" data-element_type=\"container\">\n\t\t\t\t\t<div class=\"e-con-inner\">\n\t\t\n\t\t<div class=\"elementor-element elementor-element-ad8d025 elementor-widget elementor-widget-heading\" data-id=\"ad8d025\" data-element_type=\"widget\" data-widget_type=\"heading.default\">\n\t\t\t\t<div class=\"elementor-widget-container\">\n\t\t\t<style>\/*! elementor - v3.23.0 - 05-08-2024 *\/\n.elementor-heading-title{padding:0;margin:0;line-height:1}.elementor-widget-heading .elementor-heading-title[class*=elementor-size-]>a{color:inherit;font-size:inherit;line-height:inherit}.elementor-widget-heading .elementor-heading-title.elementor-size-small{font-size:15px}.elementor-widget-heading .elementor-heading-title.elementor-size-medium{font-size:19px}.elementor-widget-heading .elementor-heading-title.elementor-size-large{font-size:29px}.elementor-widget-heading .elementor-heading-title.elementor-size-xl{font-size:39px}.elementor-widget-heading .elementor-heading-title.elementor-size-xxl{font-size:59px}<\/style><h2 class=\"elementor-heading-title elementor-size-default\">G\u00f6n\u00fcll\u00fc Ba\u015fvuru Formu<\/h2>\t\t<\/div>\n\t\t\t\t<\/div>\n\t\t\t\t\t<\/div>\n\t\t\t\t<\/div>\n\t\t<div class=\"elementor-element elementor-element-e8056e5 e-flex e-con-boxed wpr-particle-no wpr-jarallax-no wpr-parallax-no wpr-sticky-section-no e-con e-parent\" data-id=\"e8056e5\" data-element_type=\"container\">\n\t\t\t\t\t<div class=\"e-con-inner\">\n\t\t\t\t<div class=\"elementor-element elementor-element-cbbb802 elementor-widget elementor-widget-text-editor\" data-id=\"cbbb802\" data-element_type=\"widget\" data-widget_type=\"text-editor.default\">\n\t\t\t\t<div class=\"elementor-widget-container\">\n\t\t\t<style>\/*! elementor - v3.23.0 - 05-08-2024 *\/\n.elementor-widget-text-editor.elementor-drop-cap-view-stacked .elementor-drop-cap{background-color:#69727d;color:#fff}.elementor-widget-text-editor.elementor-drop-cap-view-framed .elementor-drop-cap{color:#69727d;border:3px solid;background-color:transparent}.elementor-widget-text-editor:not(.elementor-drop-cap-view-default) .elementor-drop-cap{margin-top:8px}.elementor-widget-text-editor:not(.elementor-drop-cap-view-default) .elementor-drop-cap-letter{width:1em;height:1em}.elementor-widget-text-editor .elementor-drop-cap{float:left;text-align:center;line-height:1;font-size:50px}.elementor-widget-text-editor .elementor-drop-cap-letter{display:inline-block}<\/style>\t\t\t\t<p>Merhaba!<\/p><div>\u00a0<\/div><div>Leyli Sanat Derne\u011fi&#8217;nde g\u00f6n\u00fcll\u00fc olma ba\u015fvurusu yapt\u0131\u011f\u0131n i\u00e7in \u00e7ok mutlu ve heyecanl\u0131y\u0131z!<br \/><br \/>Leyli Sanat Derne\u011fi, <b>ifade \u00f6zg\u00fcrl\u00fc\u011f\u00fc hak temelinde<\/b> \u00e7al\u0131\u015fmalar y\u00fcr\u00fcten, bireylerin duygu ve d\u00fc\u015f\u00fcncelerini k\u00fclt\u00fcr\/sanat arac\u0131l\u0131\u011f\u0131yla <b>payla\u015fmas\u0131na alan ve f\u0131rsat olu\u015fturan<\/b> yeni nesil bir sivil toplum kurulu\u015fudur.<\/div><div>\u00a0<\/div><div>\u00c7al\u0131\u015fmalar\u0131n\u0131 i\u00e7erik \u00fcretimi, etkinlik organizasyonu ve proje geli\u015ftirme ba\u015fl\u0131klar\u0131yla ger\u00e7ekle\u015ftiren olu\u015fum; Nisan 2021\u2019den bu yana \u00e7\u0131kan e-dergiyle edebiyat alan\u0131nda yeni yazarlara alan a\u00e7ma ve ifade \u00f6zg\u00fcrl\u00fc\u011f\u00fcn\u00fc g\u00fc\u00e7lendirme amac\u0131 ta\u015f\u0131rken, yapt\u0131\u011f\u0131 etkinliklerle de bireyleri bir araya getirerek, demokratik ve e\u015fit bir ortamda payla\u015f\u0131mlara alan a\u00e7maktad\u0131r. Dernek g\u00f6n\u00fcll\u00fclerinin haz\u0131rlad\u0131\u011f\u0131 orta ve uzun vadeli projelerde de k\u00fclt\u00fcr\/sanat alan\u0131nda alternatif bir alan olu\u015fturma ve bireyleri bu alanda \u00e7al\u0131\u015fmaya te\u015fvik etme amac\u0131 g\u00fcd\u00fclmektedir.<\/div>\t\t\t\t\t\t<\/div>\n\t\t\t\t<\/div>\n\t\t\t\t\t<\/div>\n\t\t\t\t<\/div>\n\t\t<div class=\"elementor-element elementor-element-0c7fb04 e-con-full e-flex wpr-particle-no wpr-jarallax-no wpr-parallax-no wpr-sticky-section-no e-con e-parent\" data-id=\"0c7fb04\" data-element_type=\"container\">\n\t\t\t\t<div class=\"elementor-element elementor-element-e7efac4 elementor-widget elementor-widget-shortcode\" data-id=\"e7efac4\" data-element_type=\"widget\" data-widget_type=\"shortcode.default\">\n\t\t\t\t<div class=\"elementor-widget-container\">\n\t\t\t\t\t<div class=\"elementor-shortcode\"><div class=\"wpforms-container wpforms-container-full wpforms-render-modern\" id=\"wpforms-6713\"><form id=\"wpforms-form-6713\" class=\"wpforms-validate wpforms-form wpforms-ajax-form\" data-formid=\"6713\" method=\"post\" enctype=\"multipart\/form-data\" action=\"\/leylison\/wp-json\/wp\/v2\/pages\/6700\" data-token=\"4c86476ef912b571c955e7b2f182fe6d\" data-token-time=\"1776520687\"><noscript class=\"wpforms-error-noscript\">Bu formu bitirebilmek i\u00e7in taray\u0131c\u0131n\u0131zda JavaScript&#039;i etkinle\u015ftirin.<\/noscript><div class=\"wpforms-hidden\" id=\"wpforms-error-noscript\">Bu formu bitirebilmek i\u00e7in taray\u0131c\u0131n\u0131zda JavaScript&#039;i etkinle\u015ftirin.<\/div><div class=\"wpforms-field-container\"><div id=\"wpforms-6713-field_1-container\" class=\"wpforms-field wpforms-field-name\" data-field-id=\"1\"><fieldset><legend class=\"wpforms-field-label\">Ad\u0131n\u0131z - Soyad\u0131n\u0131z <span class=\"wpforms-required-label\" aria-hidden=\"true\">*<\/span><\/legend><div class=\"wpforms-field-row wpforms-field-medium\"><div class=\"wpforms-field-row-block wpforms-first wpforms-one-half\"><input type=\"text\" id=\"wpforms-6713-field_1\" class=\"wpforms-field-name-first wpforms-field-required\" name=\"wpforms[fields][1][first]\" aria-errormessage=\"wpforms-6713-field_1-error\" required><label for=\"wpforms-6713-field_1\" class=\"wpforms-field-sublabel after\">Ad<\/label><\/div><div class=\"wpforms-field-row-block wpforms-one-half\"><input type=\"text\" id=\"wpforms-6713-field_1-last\" class=\"wpforms-field-name-last wpforms-field-required\" name=\"wpforms[fields][1][last]\" aria-errormessage=\"wpforms-6713-field_1-last-error\" required><label for=\"wpforms-6713-field_1-last\" class=\"wpforms-field-sublabel after\">Soyad<\/label><\/div><\/div><\/fieldset><\/div><div id=\"wpforms-6713-field_8-container\" class=\"wpforms-field wpforms-field-email\" data-field-id=\"8\"><label class=\"wpforms-field-label\" for=\"wpforms-6713-field_8\">Email <span class=\"wpforms-required-label\" aria-hidden=\"true\">*<\/span><\/label><input type=\"email\" id=\"wpforms-6713-field_8\" class=\"wpforms-field-medium wpforms-field-required\" name=\"wpforms[fields][8]\" spellcheck=\"false\" aria-errormessage=\"wpforms-6713-field_8-error\" required><\/div><div id=\"wpforms-6713-field_9-container\" class=\"wpforms-field wpforms-field-number\" data-field-id=\"9\"><label class=\"wpforms-field-label\" for=\"wpforms-6713-field_9\">Cep Telefonu numaran\u0131z <span class=\"wpforms-required-label\" aria-hidden=\"true\">*<\/span><\/label><input type=\"number\" id=\"wpforms-6713-field_9\" class=\"wpforms-field-medium wpforms-field-required\" name=\"wpforms[fields][9]\" aria-errormessage=\"wpforms-6713-field_9-error\" required><\/div><div id=\"wpforms-6713-field_10-container\" class=\"wpforms-field wpforms-field-number\" data-field-id=\"10\"><label class=\"wpforms-field-label\" for=\"wpforms-6713-field_10\">Dogum Tarihiniz <span class=\"wpforms-required-label\" aria-hidden=\"true\">*<\/span><\/label><input type=\"number\" id=\"wpforms-6713-field_10\" class=\"wpforms-field-medium wpforms-field-required\" name=\"wpforms[fields][10]\" aria-errormessage=\"wpforms-6713-field_10-error\" required><\/div><div id=\"wpforms-6713-field_11-container\" class=\"wpforms-field wpforms-field-select wpforms-field-select-style-classic\" data-field-id=\"11\"><label class=\"wpforms-field-label\" for=\"wpforms-6713-field_11\">Ya\u015fad\u0131\u011f\u0131n\u0131z \u015eehir <span class=\"wpforms-required-label\" aria-hidden=\"true\">*<\/span><\/label><select id=\"wpforms-6713-field_11\" class=\"wpforms-field-medium wpforms-field-required\" name=\"wpforms[fields][11]\" required=\"required\"><option value=\"Adana\" >Adana<\/option><option value=\"Ad\u0131yaman\" >Ad\u0131yaman<\/option><option value=\"Afyonkarahisar\" >Afyonkarahisar<\/option><option value=\"A\u011fr\u0131\" >A\u011fr\u0131<\/option><option value=\"Amasya\" >Amasya<\/option><option value=\"Ankara\" >Ankara<\/option><option value=\"Antalya\" >Antalya<\/option><option value=\"Artvin\" >Artvin<\/option><option value=\"Ayd\u0131n\" >Ayd\u0131n<\/option><option value=\"Bal\u0131kesir\" >Bal\u0131kesir<\/option><option value=\"Bilecik\" >Bilecik<\/option><option value=\"Bing\u00f6l\" >Bing\u00f6l<\/option><option value=\"Bitlis\" >Bitlis<\/option><option value=\"Bolu\" >Bolu<\/option><option value=\"Burdur\" >Burdur<\/option><option value=\"Bursa\" >Bursa<\/option><option value=\"\u00c7anakkale\" >\u00c7anakkale<\/option><option value=\"\u00c7ank\u0131r\u0131\" >\u00c7ank\u0131r\u0131<\/option><option value=\"\u00c7orum\" >\u00c7orum<\/option><option value=\"Denizli\" >Denizli<\/option><option value=\"Diyarbak\u0131r\" >Diyarbak\u0131r<\/option><option value=\"Edirne\" >Edirne<\/option><option value=\"Elaz\u0131\u011f\" >Elaz\u0131\u011f<\/option><option value=\"Erzincan\" >Erzincan<\/option><option value=\"Erzurum\" >Erzurum<\/option><option value=\"Eski\u015fehir\" >Eski\u015fehir<\/option><option value=\"Gaziantep\" >Gaziantep<\/option><option value=\"Giresun\" >Giresun<\/option><option value=\"G\u00fcm\u00fc\u015fhane\" >G\u00fcm\u00fc\u015fhane<\/option><option value=\"Hakkari\" >Hakkari<\/option><option value=\"Hatay\" >Hatay<\/option><option value=\"Isparta\" >Isparta<\/option><option value=\"Mersin\" >Mersin<\/option><option value=\"\u0130stanbul\" >\u0130stanbul<\/option><option value=\"\u0130zmir\" >\u0130zmir<\/option><option value=\"Kars\" >Kars<\/option><option value=\"Kastamonu\" >Kastamonu<\/option><option value=\"Kayseri\" >Kayseri<\/option><option value=\"K\u0131rklareli\" >K\u0131rklareli<\/option><option value=\"K\u0131r\u015fehir\" >K\u0131r\u015fehir<\/option><option value=\"Kocaeli\" >Kocaeli<\/option><option value=\"Konya\" >Konya<\/option><option value=\"K\u00fctahya\" >K\u00fctahya<\/option><option value=\"Malatya\" >Malatya<\/option><option value=\"Manisa\" >Manisa<\/option><option value=\"Kahramanmara\u015f\" >Kahramanmara\u015f<\/option><option value=\"Mardin\" >Mardin<\/option><option value=\"Mu\u011fla\" >Mu\u011fla<\/option><option value=\"Mu\u015f\" >Mu\u015f<\/option><option value=\"Nev\u015fehir\" >Nev\u015fehir<\/option><option value=\"Ni\u011fde\" >Ni\u011fde<\/option><option value=\"Ordu\" >Ordu<\/option><option value=\"Rize\" >Rize<\/option><option value=\"Sakarya\" >Sakarya<\/option><option value=\"Samsun\" >Samsun<\/option><option value=\"Siirt\" >Siirt<\/option><option value=\"Sinop\" >Sinop<\/option><option value=\"Sivas\" >Sivas<\/option><option value=\"Tekirda\u011f\" >Tekirda\u011f<\/option><option value=\"Tokat\" >Tokat<\/option><option value=\"Trabzon\" >Trabzon<\/option><option value=\"Tunceli\" >Tunceli<\/option><option value=\"\u015eanl\u0131urfa\" >\u015eanl\u0131urfa<\/option><option value=\"U\u015fak\" >U\u015fak<\/option><option value=\"Van\" >Van<\/option><option value=\"Yozgat\" >Yozgat<\/option><option value=\"Zonguldak\" >Zonguldak<\/option><option value=\"Aksaray\" >Aksaray<\/option><option value=\"Bayburt\" >Bayburt<\/option><option value=\"Karaman\" >Karaman<\/option><option value=\"K\u0131r\u0131kkale\" >K\u0131r\u0131kkale<\/option><option value=\"Batman\" >Batman<\/option><option value=\"\u015e\u0131rnak\" >\u015e\u0131rnak<\/option><option value=\"Bart\u0131n\" >Bart\u0131n<\/option><option value=\"Ardahan\" >Ardahan<\/option><option value=\"I\u011fd\u0131r\" >I\u011fd\u0131r<\/option><option value=\"Yalova\" >Yalova<\/option><option value=\"Karab\u00fck\" >Karab\u00fck<\/option><option value=\"Kilis\" >Kilis<\/option><option value=\"Osmaniye\" >Osmaniye<\/option><option value=\"D\u00fczce\" >D\u00fczce<\/option><\/select><\/div><div id=\"wpforms-6713-field_12-container\" class=\"wpforms-field wpforms-field-text\" data-field-id=\"12\"><label class=\"wpforms-field-label\" for=\"wpforms-6713-field_12\">Mesle\u011finiz? (\u00d6\u011frenciyseniz okudu\u011funuz okul ve b\u00f6l\u00fcm\u00fc yazabilirsiniz) <span class=\"wpforms-required-label\" aria-hidden=\"true\">*<\/span><\/label><input type=\"text\" id=\"wpforms-6713-field_12\" class=\"wpforms-field-medium wpforms-field-required\" name=\"wpforms[fields][12]\" aria-errormessage=\"wpforms-6713-field_12-error\" required><\/div><div id=\"wpforms-6713-field_13-container\" class=\"wpforms-field wpforms-field-text\" data-field-id=\"13\"><label class=\"wpforms-field-label\" for=\"wpforms-6713-field_13\">Daha \u00f6nce g\u00f6n\u00fcll\u00fcl\u00fck yapt\u0131n\u0131z m\u0131? Yapt\u0131ysan\u0131z detaylar\u0131n\u0131 belirtiniz. * <span class=\"wpforms-required-label\" aria-hidden=\"true\">*<\/span><\/label><input type=\"text\" id=\"wpforms-6713-field_13\" class=\"wpforms-field-medium wpforms-field-required\" name=\"wpforms[fields][13]\" aria-errormessage=\"wpforms-6713-field_13-error\" required><\/div><div id=\"wpforms-6713-field_14-container\" class=\"wpforms-field wpforms-field-checkbox\" data-field-id=\"14\"><fieldset><legend class=\"wpforms-field-label\">Derne\u011fimizde hangi alanlarda g\u00f6n\u00fcll\u00fcl\u00fck yapabilirsiniz? <\/legend><ul id=\"wpforms-6713-field_14\"><li class=\"choice-1 depth-1\"><input type=\"checkbox\" id=\"wpforms-6713-field_14_1\" name=\"wpforms[fields][14][]\" value=\"Proje \u00fcretebilir ve var olan projeyi geli\u015ftirebilirim.\" aria-errormessage=\"wpforms-6713-field_14_1-error\"  ><label class=\"wpforms-field-label-inline\" for=\"wpforms-6713-field_14_1\">Proje \u00fcretebilir ve var olan projeyi geli\u015ftirebilirim.<\/label><\/li><li class=\"choice-2 depth-1\"><input type=\"checkbox\" id=\"wpforms-6713-field_14_2\" name=\"wpforms[fields][14][]\" value=\"Derne\u011fin ekonomik kaynaklar\u0131n\u0131 g\u00fc\u00e7lendirebilirim.\" aria-errormessage=\"wpforms-6713-field_14_2-error\"  ><label class=\"wpforms-field-label-inline\" for=\"wpforms-6713-field_14_2\">Derne\u011fin ekonomik kaynaklar\u0131n\u0131 g\u00fc\u00e7lendirebilirim.<\/label><\/li><li class=\"choice-3 depth-1\"><input type=\"checkbox\" id=\"wpforms-6713-field_14_3\" name=\"wpforms[fields][14][]\" value=\"\u00c7evrimi\u00e7i ve y\u00fcz y\u00fcze etkinlik organizasyonu yapabilirim.\" aria-errormessage=\"wpforms-6713-field_14_3-error\"  ><label class=\"wpforms-field-label-inline\" for=\"wpforms-6713-field_14_3\">\u00c7evrimi\u00e7i ve y\u00fcz y\u00fcze etkinlik organizasyonu yapabilirim.<\/label><\/li><li class=\"choice-4 depth-1\"><input type=\"checkbox\" id=\"wpforms-6713-field_14_4\" name=\"wpforms[fields][14][]\" value=\"Dernek web sitesine veya e-dergiye yaz\u0131 yazabilirim.\" aria-errormessage=\"wpforms-6713-field_14_4-error\"  ><label class=\"wpforms-field-label-inline\" for=\"wpforms-6713-field_14_4\">Dernek web sitesine veya e-dergiye yaz\u0131 yazabilirim.<\/label><\/li><li class=\"choice-5 depth-1\"><input type=\"checkbox\" id=\"wpforms-6713-field_14_5\" name=\"wpforms[fields][14][]\" value=\"Etkinliklerde kolayla\u015ft\u0131r\u0131c\u0131l\u0131k\/e\u011fitmenlik \u00fcstlenebilirim.\" aria-errormessage=\"wpforms-6713-field_14_5-error\"  ><label class=\"wpforms-field-label-inline\" for=\"wpforms-6713-field_14_5\">Etkinliklerde kolayla\u015ft\u0131r\u0131c\u0131l\u0131k\/e\u011fitmenlik \u00fcstlenebilirim.<\/label><\/li><li class=\"choice-6 depth-1\"><input type=\"checkbox\" id=\"wpforms-6713-field_14_6\" name=\"wpforms[fields][14][]\" value=\"Sosyal medya hesaplar\u0131na i\u00e7erik \u00fcretebilirim.\" aria-errormessage=\"wpforms-6713-field_14_6-error\"  ><label class=\"wpforms-field-label-inline\" for=\"wpforms-6713-field_14_6\">Sosyal medya hesaplar\u0131na i\u00e7erik \u00fcretebilirim.<\/label><\/li><li class=\"choice-7 depth-1\"><input type=\"checkbox\" id=\"wpforms-6713-field_14_7\" name=\"wpforms[fields][14][]\" value=\"G\u00f6rsel tasar\u0131m haz\u0131rlayabilirim.\" aria-errormessage=\"wpforms-6713-field_14_7-error\"  ><label class=\"wpforms-field-label-inline\" for=\"wpforms-6713-field_14_7\">G\u00f6rsel tasar\u0131m haz\u0131rlayabilirim.<\/label><\/li><li class=\"choice-10 depth-1\"><input type=\"checkbox\" id=\"wpforms-6713-field_14_10\" name=\"wpforms[fields][14][]\" value=\"Video \u00e7ekip kurgulayabilirim.\" aria-errormessage=\"wpforms-6713-field_14_10-error\"  ><label class=\"wpforms-field-label-inline\" for=\"wpforms-6713-field_14_10\">Video \u00e7ekip kurgulayabilirim.<\/label><\/li><li class=\"choice-9 depth-1\"><input type=\"checkbox\" id=\"wpforms-6713-field_14_9\" name=\"wpforms[fields][14][]\" value=\"Web sitesi tasarlay\u0131p i\u00e7erik y\u00fckleyebilirim.\" aria-errormessage=\"wpforms-6713-field_14_9-error\"  ><label class=\"wpforms-field-label-inline\" for=\"wpforms-6713-field_14_9\">Web sitesi tasarlay\u0131p i\u00e7erik y\u00fckleyebilirim.<\/label><\/li><li class=\"choice-8 depth-1\"><input type=\"checkbox\" id=\"wpforms-6713-field_14_8\" name=\"wpforms[fields][14][]\" value=\"Di\u011fer:\" aria-errormessage=\"wpforms-6713-field_14_8-error\"  ><label class=\"wpforms-field-label-inline\" for=\"wpforms-6713-field_14_8\">Di\u011fer:<\/label><\/li><\/ul><\/fieldset><\/div><div id=\"wpforms-6713-field_4-container\" class=\"wpforms-field wpforms-field-radio\" data-field-id=\"4\"><fieldset><legend class=\"wpforms-field-label\">KVKK <span class=\"wpforms-required-label\" aria-hidden=\"true\">*<\/span><\/legend><ul id=\"wpforms-6713-field_4\" class=\"wpforms-field-required\"><li class=\"choice-1 depth-1\"><input type=\"radio\" id=\"wpforms-6713-field_4_1\" name=\"wpforms[fields][4]\" value=\"&lt;a href=&quot;https:\/\/erkanelibol.com.tr\/leylison\/aydinlatma-metni\/&quot;&gt;Ki\u015fisel Verilerin Korunmas\u0131 Kanunu&lt;\/a&gt; ile ilgili taraf\u0131ma yap\u0131lan bilgilendirmeyi okudum. Ki\u015fisel verilerimin i\u015flenmesini kabul ediyorum.\" aria-errormessage=\"wpforms-6713-field_4_1-error\" required ><label class=\"wpforms-field-label-inline\" for=\"wpforms-6713-field_4_1\"><a href=\"https:\/\/erkanelibol.com.tr\/leylison\/aydinlatma-metni\/\">Ki\u015fisel Verilerin Korunmas\u0131 Kanunu<\/a> ile ilgili taraf\u0131ma yap\u0131lan bilgilendirmeyi okudum. Ki\u015fisel verilerimin i\u015flenmesini kabul ediyorum.<\/label><\/li><\/ul><\/fieldset><\/div><\/div><!-- .wpforms-field-container --><div class=\"wpforms-submit-container\" ><input type=\"hidden\" name=\"wpforms[id]\" value=\"6713\"><input type=\"hidden\" name=\"page_title\" value=\"\"><input type=\"hidden\" name=\"page_url\" value=\"https:\/\/erkanelibol.com.tr\/leylison\/wp-json\/wp\/v2\/pages\/6700\"><button type=\"submit\" name=\"wpforms[submit]\" id=\"wpforms-submit-6713\" class=\"wpforms-submit\" data-alt-text=\"Sending...\" data-submit-text=\"G\u00f6nder\" aria-live=\"assertive\" value=\"wpforms-submit\">G\u00f6nder<\/button><img decoding=\"async\" src=\"https:\/\/erkanelibol.com.tr\/leylison\/wp-content\/plugins\/wpforms-lite\/assets\/images\/submit-spin.svg\" class=\"wpforms-submit-spinner\" style=\"display: none;\" width=\"26\" height=\"26\" alt=\"Y\u00fckleniyor\"><\/div><\/form><\/div>  <!-- .wpforms-container --><\/div>\n\t\t\t\t<\/div>\n\t\t\t\t<\/div>\n\t\t\t\t<\/div>\n\t\t\t\t<\/div>\n\t\t","protected":false},"excerpt":{"rendered":"<p>G\u00f6n\u00fcll\u00fc Ba\u015fvuru Formu Merhaba! \u00a0Leyli Sanat Derne\u011fi&#8217;nde g\u00f6n\u00fcll\u00fc olma ba\u015fvurusu yapt\u0131\u011f\u0131n i\u00e7in \u00e7ok mutlu ve heyecanl\u0131y\u0131z! Leyli Sanat Derne\u011fi, ifade \u00f6zg\u00fcrl\u00fc\u011f\u00fc hak temelinde \u00e7al\u0131\u015fmalar y\u00fcr\u00fcten, bireylerin duygu ve d\u00fc\u015f\u00fcncelerini k\u00fclt\u00fcr\/sanat arac\u0131l\u0131\u011f\u0131yla payla\u015fmas\u0131na alan ve f\u0131rsat olu\u015fturan yeni nesil bir sivil toplum kurulu\u015fudur.\u00a0\u00c7al\u0131\u015fmalar\u0131n\u0131 i\u00e7erik \u00fcretimi, etkinlik organizasyonu ve proje geli\u015ftirme ba\u015fl\u0131klar\u0131yla ger\u00e7ekle\u015ftiren olu\u015fum; Nisan 2021\u2019den bu yana \u00e7\u0131kan e-dergiyle edebiyat alan\u0131nda yeni yazarlara alan a\u00e7ma ve ifade \u00f6zg\u00fcrl\u00fc\u011f\u00fcn\u00fc g\u00fc\u00e7lendirme amac\u0131 ta\u015f\u0131rken, yapt\u0131\u011f\u0131 etkinliklerle de bireyleri bir araya getirerek, demokratik ve e\u015fit bir ortamda payla\u015f\u0131mlara alan a\u00e7maktad\u0131r. Dernek g\u00f6n\u00fcll\u00fclerinin haz\u0131rlad\u0131\u011f\u0131 orta ve uzun vadeli projelerde de k\u00fclt\u00fcr\/sanat alan\u0131nda alternatif bir alan olu\u015fturma ve bireyleri bu alanda \u00e7al\u0131\u015fmaya te\u015fvik etme amac\u0131 g\u00fcd\u00fclmektedir.<\/p>\n","protected":false},"author":1,"featured_media":0,"parent":0,"menu_order":0,"comment_status":"closed","ping_status":"closed","template":"","meta":{"_piecal_is_event":false,"_piecal_start_date":"","_piecal_end_date":"","_piecal_is_allday":false,"footnotes":""},"class_list":["post-6700","page","type-page","status-publish","hentry"],"jetpack_sharing_enabled":true,"rttpg_featured_image_url":null,"rttpg_author":{"display_name":"Leyli Sanat Derne\u011fi","author_link":"https:\/\/erkanelibol.com.tr\/leylison\/author\/superadmin\/"},"rttpg_comment":0,"rttpg_category":" <a href=\"https:\/\/erkanelibol.com.tr\/leylison\/\" rel=\"tag\">T\u00fcrk\u00e7e<\/a>","rttpg_excerpt":"G\u00f6n\u00fcll\u00fc Ba\u015fvuru Formu Merhaba! \u00a0Leyli Sanat Derne\u011fi&#8217;nde g\u00f6n\u00fcll\u00fc olma ba\u015fvurusu yapt\u0131\u011f\u0131n i\u00e7in \u00e7ok mutlu ve heyecanl\u0131y\u0131z! Leyli Sanat Derne\u011fi, ifade \u00f6zg\u00fcrl\u00fc\u011f\u00fc hak temelinde \u00e7al\u0131\u015fmalar y\u00fcr\u00fcten, bireylerin duygu ve d\u00fc\u015f\u00fcncelerini k\u00fclt\u00fcr\/sanat arac\u0131l\u0131\u011f\u0131yla payla\u015fmas\u0131na alan ve f\u0131rsat olu\u015fturan yeni nesil bir sivil toplum kurulu\u015fudur.\u00a0\u00c7al\u0131\u015fmalar\u0131n\u0131 i\u00e7erik \u00fcretimi, etkinlik organizasyonu ve proje geli\u015ftirme ba\u015fl\u0131klar\u0131yla ger\u00e7ekle\u015ftiren olu\u015fum; Nisan 2021\u2019den bu&hellip;","_links":{"self":[{"href":"https:\/\/erkanelibol.com.tr\/leylison\/wp-json\/wp\/v2\/pages\/6700","targetHints":{"allow":["GET"]}}],"collection":[{"href":"https:\/\/erkanelibol.com.tr\/leylison\/wp-json\/wp\/v2\/pages"}],"about":[{"href":"https:\/\/erkanelibol.com.tr\/leylison\/wp-json\/wp\/v2\/types\/page"}],"author":[{"embeddable":true,"href":"https:\/\/erkanelibol.com.tr\/leylison\/wp-json\/wp\/v2\/users\/1"}],"replies":[{"embeddable":true,"href":"https:\/\/erkanelibol.com.tr\/leylison\/wp-json\/wp\/v2\/comments?post=6700"}],"version-history":[{"count":6,"href":"https:\/\/erkanelibol.com.tr\/leylison\/wp-json\/wp\/v2\/pages\/6700\/revisions"}],"predecessor-version":[{"id":7482,"href":"https:\/\/erkanelibol.com.tr\/leylison\/wp-json\/wp\/v2\/pages\/6700\/revisions\/7482"}],"wp:attachment":[{"href":"https:\/\/erkanelibol.com.tr\/leylison\/wp-json\/wp\/v2\/media?parent=6700"}],"curies":[{"name":"wp","href":"https:\/\/api.w.org\/{rel}","templated":true}]}}