{"id":6688,"date":"2024-07-07T01:54:05","date_gmt":"2024-07-06T22:54:05","guid":{"rendered":"https:\/\/erkanelibol.com.tr\/leylison\/?page_id=6688"},"modified":"2024-07-13T00:07:17","modified_gmt":"2024-07-12T21:07:17","slug":"politika-belgelerimiz","status":"publish","type":"page","link":"https:\/\/erkanelibol.com.tr\/leylison\/politika-belgelerimiz\/","title":{"rendered":"Politika Belgelerimiz"},"content":{"rendered":"\t\t<div data-elementor-type=\"wp-page\" data-elementor-id=\"6688\" class=\"elementor elementor-6688\">\n\t\t\t\t<div class=\"elementor-element elementor-element-8e92333 e-flex e-con-boxed wpr-particle-no wpr-jarallax-no wpr-parallax-no wpr-sticky-section-no e-con e-parent\" data-id=\"8e92333\" data-element_type=\"container\" data-settings=\"{&quot;background_background&quot;:&quot;classic&quot;}\">\n\t\t\t\t\t<div class=\"e-con-inner\">\n\t\t\n\t\t<div class=\"elementor-element elementor-element-19652ec elementor-widget elementor-widget-heading\" data-id=\"19652ec\" data-element_type=\"widget\" data-widget_type=\"heading.default\">\n\t\t\t\t<div class=\"elementor-widget-container\">\n\t\t\t<style>\/*! elementor - v3.23.0 - 05-08-2024 *\/\n.elementor-heading-title{padding:0;margin:0;line-height:1}.elementor-widget-heading .elementor-heading-title[class*=elementor-size-]>a{color:inherit;font-size:inherit;line-height:inherit}.elementor-widget-heading .elementor-heading-title.elementor-size-small{font-size:15px}.elementor-widget-heading .elementor-heading-title.elementor-size-medium{font-size:19px}.elementor-widget-heading .elementor-heading-title.elementor-size-large{font-size:29px}.elementor-widget-heading .elementor-heading-title.elementor-size-xl{font-size:39px}.elementor-widget-heading .elementor-heading-title.elementor-size-xxl{font-size:59px}<\/style><h2 class=\"elementor-heading-title elementor-size-default\">Politika Belgelerimiz<\/h2>\t\t<\/div>\n\t\t\t\t<\/div>\n\t\t\t\t\t<\/div>\n\t\t\t\t<\/div>\n\t\t<div class=\"elementor-element elementor-element-3cabc97 e-flex e-con-boxed wpr-particle-no wpr-jarallax-no wpr-parallax-no wpr-sticky-section-no e-con e-parent\" data-id=\"3cabc97\" data-element_type=\"container\">\n\t\t\t\t\t<div class=\"e-con-inner\">\n\t\t<div class=\"elementor-element elementor-element-0b398b7 e-con-full e-flex wpr-particle-no wpr-jarallax-no wpr-parallax-no wpr-sticky-section-no e-con e-child\" data-id=\"0b398b7\" data-element_type=\"container\" data-settings=\"{&quot;background_background&quot;:&quot;classic&quot;}\">\n\t\t\t\t<div class=\"elementor-element elementor-element-00a8867 elementor-widget elementor-widget-heading\" data-id=\"00a8867\" data-element_type=\"widget\" data-widget_type=\"heading.default\">\n\t\t\t\t<div class=\"elementor-widget-container\">\n\t\t\t<h2 class=\"elementor-heading-title elementor-size-default\">Toplumsal Cinsiyet E\u015fitli\u011fi:<\/h2>\t\t<\/div>\n\t\t\t\t<\/div>\n\t\t\t\t<div class=\"elementor-element elementor-element-a1ee99c elementor-widget elementor-widget-text-editor\" data-id=\"a1ee99c\" data-element_type=\"widget\" data-widget_type=\"text-editor.default\">\n\t\t\t\t<div class=\"elementor-widget-container\">\n\t\t\t<style>\/*! elementor - v3.23.0 - 05-08-2024 *\/\n.elementor-widget-text-editor.elementor-drop-cap-view-stacked .elementor-drop-cap{background-color:#69727d;color:#fff}.elementor-widget-text-editor.elementor-drop-cap-view-framed .elementor-drop-cap{color:#69727d;border:3px solid;background-color:transparent}.elementor-widget-text-editor:not(.elementor-drop-cap-view-default) .elementor-drop-cap{margin-top:8px}.elementor-widget-text-editor:not(.elementor-drop-cap-view-default) .elementor-drop-cap-letter{width:1em;height:1em}.elementor-widget-text-editor .elementor-drop-cap{float:left;text-align:center;line-height:1;font-size:50px}.elementor-widget-text-editor .elementor-drop-cap-letter{display:inline-block}<\/style>\t\t\t\t<p>Bu politika belgesinin amac\u0131, Leyli Sanat Derne\u011fi\u2019nin sahip olmay\u0131 ama\u00e7lad\u0131\u011f\u0131 toplumsal cinsiyet duyarl\u0131 ilke, uygulama ve prosed\u00fcrleri ifade etmektir. Cinsiyet ya da cinsel y\u00f6nelim ne olursa olsun, herkes i\u00e7in kapsay\u0131c\u0131 ve e\u015fit f\u0131rsatlar sunacak bir k\u00fclt\u00fcr\u00fc te\u015fvik etmek \u00fczere tasarlanm\u0131\u015ft\u0131r. Bu politika, organizasyon i\u00e7inde eyleme rehberlik etmek ve hesap verebilirlik \u00f6l\u00e7\u00fcs\u00fc olmak \u00fczere hizmet vermektedir.<\/p>\t\t\t\t\t\t<\/div>\n\t\t\t\t<\/div>\n\t\t\t\t<\/div>\n\t\t<div class=\"elementor-element elementor-element-ab1d653 e-con-full e-flex wpr-particle-no wpr-jarallax-no wpr-parallax-no wpr-sticky-section-no e-con e-child\" data-id=\"ab1d653\" data-element_type=\"container\">\n\t\t\t\t<div class=\"elementor-element elementor-element-3738bed elementor-widget elementor-widget-image\" data-id=\"3738bed\" data-element_type=\"widget\" data-widget_type=\"image.default\">\n\t\t\t\t<div class=\"elementor-widget-container\">\n\t\t\t<style>\/*! elementor - v3.23.0 - 05-08-2024 *\/\n.elementor-widget-image{text-align:center}.elementor-widget-image a{display:inline-block}.elementor-widget-image a img[src$=\".svg\"]{width:48px}.elementor-widget-image img{vertical-align:middle;display:inline-block}<\/style>\t\t\t\t\t\t\t\t\t\t\t<a href=\"https:\/\/erkanelibol.com.tr\/leylison\/wp-content\/uploads\/2024\/07\/Leyli-Der-TCE-Politika-Belgesi.pdf\">\n\t\t\t\t\t\t\t<img fetchpriority=\"high\" decoding=\"async\" width=\"212\" height=\"300\" src=\"https:\/\/erkanelibol.com.tr\/leylison\/wp-content\/uploads\/2024\/07\/1-724x1024-1-212x300.jpg\" class=\"attachment-medium size-medium wp-image-6690\" alt=\"\" \/>\t\t\t\t\t\t\t\t<\/a>\n\t\t\t\t\t\t\t\t\t\t\t\t\t<\/div>\n\t\t\t\t<\/div>\n\t\t\t\t<\/div>\n\t\t\t\t\t<\/div>\n\t\t\t\t<\/div>\n\t\t<div class=\"elementor-element elementor-element-d61e7ba e-flex e-con-boxed wpr-particle-no wpr-jarallax-no wpr-parallax-no wpr-sticky-section-no e-con e-parent\" data-id=\"d61e7ba\" data-element_type=\"container\">\n\t\t\t\t\t<div class=\"e-con-inner\">\n\t\t<div class=\"elementor-element elementor-element-f769483 e-con-full e-flex wpr-particle-no wpr-jarallax-no wpr-parallax-no wpr-sticky-section-no e-con e-child\" data-id=\"f769483\" data-element_type=\"container\">\n\t\t\t\t<div class=\"elementor-element elementor-element-caa6637 elementor-widget elementor-widget-image\" data-id=\"caa6637\" data-element_type=\"widget\" data-widget_type=\"image.default\">\n\t\t\t\t<div class=\"elementor-widget-container\">\n\t\t\t\t\t\t\t\t\t\t\t\t\t\t<a href=\"https:\/\/erkanelibol.com.tr\/leylison\/wp-content\/uploads\/2024\/07\/Leyli-Der-Yolsuzlukla-Mucadele-Politika-Belgesi.pdf\">\n\t\t\t\t\t\t\t<img decoding=\"async\" width=\"212\" height=\"300\" src=\"https:\/\/erkanelibol.com.tr\/leylison\/wp-content\/uploads\/2024\/07\/2-724x1024-1-212x300.jpg\" class=\"attachment-medium size-medium wp-image-6689\" alt=\"\" \/>\t\t\t\t\t\t\t\t<\/a>\n\t\t\t\t\t\t\t\t\t\t\t\t\t<\/div>\n\t\t\t\t<\/div>\n\t\t\t\t<\/div>\n\t\t<div class=\"elementor-element elementor-element-31b4cda e-con-full e-flex wpr-particle-no wpr-jarallax-no wpr-parallax-no wpr-sticky-section-no e-con e-child\" data-id=\"31b4cda\" data-element_type=\"container\" data-settings=\"{&quot;background_background&quot;:&quot;classic&quot;}\">\n\t\t\t\t<div class=\"elementor-element elementor-element-6a0c371 elementor-widget elementor-widget-heading\" data-id=\"6a0c371\" data-element_type=\"widget\" data-widget_type=\"heading.default\">\n\t\t\t\t<div class=\"elementor-widget-container\">\n\t\t\t<h2 class=\"elementor-heading-title elementor-size-default\">Yolsuzlukla M\u00fccadele:<\/h2>\t\t<\/div>\n\t\t\t\t<\/div>\n\t\t\t\t<div class=\"elementor-element elementor-element-87f19bb elementor-widget elementor-widget-text-editor\" data-id=\"87f19bb\" data-element_type=\"widget\" data-widget_type=\"text-editor.default\">\n\t\t\t\t<div class=\"elementor-widget-container\">\n\t\t\t\t\t\t\t<p>Bu Yolsuzlukla M\u00fccadele Politikas\u0131\u2019n\u0131n amac\u0131, Leyli Sanat Derne\u011fi\u2019nin yolsuzluk ve mali k\u00f6t\u00fcye kullan\u0131m olmayan bir ortam\u0131 s\u00fcrd\u00fcrme konusunda rehberlik eden ilkeleri ve uygulamalar\u0131 belirlemektir. Bu politika, derne\u011fin mali ve operasyonel y\u00f6nlerinin b\u00fct\u00fcnl\u00fc\u011f\u00fcn\u00fc, hesap verebilirli\u011fini ve \u015feffafl\u0131\u011f\u0131n\u0131 sa\u011flamay\u0131 hedeflemektedir.<\/p>\t\t\t\t\t\t<\/div>\n\t\t\t\t<\/div>\n\t\t\t\t<\/div>\n\t\t\t\t\t<\/div>\n\t\t\t\t<\/div>\n\t\t\t\t<\/div>\n\t\t","protected":false},"excerpt":{"rendered":"<p>Politika Belgelerimiz Toplumsal Cinsiyet E\u015fitli\u011fi: Bu politika belgesinin amac\u0131, Leyli Sanat Derne\u011fi\u2019nin sahip olmay\u0131 ama\u00e7lad\u0131\u011f\u0131 toplumsal cinsiyet duyarl\u0131 ilke, uygulama ve prosed\u00fcrleri ifade etmektir. Cinsiyet ya da cinsel y\u00f6nelim ne olursa olsun, herkes i\u00e7in kapsay\u0131c\u0131 ve e\u015fit f\u0131rsatlar sunacak bir k\u00fclt\u00fcr\u00fc te\u015fvik etmek \u00fczere tasarlanm\u0131\u015ft\u0131r. Bu politika, organizasyon i\u00e7inde eyleme rehberlik etmek ve hesap verebilirlik \u00f6l\u00e7\u00fcs\u00fc olmak \u00fczere hizmet vermektedir. Yolsuzlukla M\u00fccadele: Bu Yolsuzlukla M\u00fccadele Politikas\u0131\u2019n\u0131n amac\u0131, Leyli Sanat Derne\u011fi\u2019nin yolsuzluk ve mali k\u00f6t\u00fcye kullan\u0131m olmayan bir ortam\u0131 s\u00fcrd\u00fcrme konusunda rehberlik eden ilkeleri ve uygulamalar\u0131 belirlemektir. Bu politika, derne\u011fin mali ve operasyonel y\u00f6nlerinin b\u00fct\u00fcnl\u00fc\u011f\u00fcn\u00fc, hesap verebilirli\u011fini ve \u015feffafl\u0131\u011f\u0131n\u0131 sa\u011flamay\u0131 hedeflemektedir.<\/p>\n","protected":false},"author":1,"featured_media":0,"parent":0,"menu_order":0,"comment_status":"closed","ping_status":"closed","template":"","meta":{"_piecal_is_event":false,"_piecal_start_date":"","_piecal_end_date":"","_piecal_is_allday":false,"footnotes":""},"class_list":["post-6688","page","type-page","status-publish","hentry"],"jetpack_sharing_enabled":true,"rttpg_featured_image_url":null,"rttpg_author":{"display_name":"Leyli Sanat Derne\u011fi","author_link":"https:\/\/erkanelibol.com.tr\/leylison\/author\/superadmin\/"},"rttpg_comment":0,"rttpg_category":" <a href=\"https:\/\/erkanelibol.com.tr\/leylison\/\" rel=\"tag\">T\u00fcrk\u00e7e<\/a>","rttpg_excerpt":"Politika Belgelerimiz Toplumsal Cinsiyet E\u015fitli\u011fi: Bu politika belgesinin amac\u0131, Leyli Sanat Derne\u011fi\u2019nin sahip olmay\u0131 ama\u00e7lad\u0131\u011f\u0131 toplumsal cinsiyet duyarl\u0131 ilke, uygulama ve prosed\u00fcrleri ifade etmektir. Cinsiyet ya da cinsel y\u00f6nelim ne olursa olsun, herkes i\u00e7in kapsay\u0131c\u0131 ve e\u015fit f\u0131rsatlar sunacak bir k\u00fclt\u00fcr\u00fc te\u015fvik etmek \u00fczere tasarlanm\u0131\u015ft\u0131r. Bu politika, organizasyon i\u00e7inde eyleme rehberlik etmek ve hesap verebilirlik&hellip;","_links":{"self":[{"href":"https:\/\/erkanelibol.com.tr\/leylison\/wp-json\/wp\/v2\/pages\/6688","targetHints":{"allow":["GET"]}}],"collection":[{"href":"https:\/\/erkanelibol.com.tr\/leylison\/wp-json\/wp\/v2\/pages"}],"about":[{"href":"https:\/\/erkanelibol.com.tr\/leylison\/wp-json\/wp\/v2\/types\/page"}],"author":[{"embeddable":true,"href":"https:\/\/erkanelibol.com.tr\/leylison\/wp-json\/wp\/v2\/users\/1"}],"replies":[{"embeddable":true,"href":"https:\/\/erkanelibol.com.tr\/leylison\/wp-json\/wp\/v2\/comments?post=6688"}],"version-history":[{"count":6,"href":"https:\/\/erkanelibol.com.tr\/leylison\/wp-json\/wp\/v2\/pages\/6688\/revisions"}],"predecessor-version":[{"id":7480,"href":"https:\/\/erkanelibol.com.tr\/leylison\/wp-json\/wp\/v2\/pages\/6688\/revisions\/7480"}],"wp:attachment":[{"href":"https:\/\/erkanelibol.com.tr\/leylison\/wp-json\/wp\/v2\/media?parent=6688"}],"curies":[{"name":"wp","href":"https:\/\/api.w.org\/{rel}","templated":true}]}}