{"id":6464,"date":"2020-12-22T01:55:39","date_gmt":"2020-12-22T01:55:39","guid":{"rendered":"https:\/\/erkanelibol.com.tr\/leylison\/?page_id=3865"},"modified":"2024-07-11T02:14:13","modified_gmt":"2024-07-10T23:14:13","slug":"dijitallesme-ve-kapasite-gelistirmeye-adim-adim","status":"publish","type":"page","link":"https:\/\/erkanelibol.com.tr\/leylison\/dijitallesme-ve-kapasite-gelistirmeye-adim-adim\/","title":{"rendered":"\u201cLEYL\u0130-DER Dijitalle\u015fme ve Kapasite Geli\u015ftirmeye Ad\u0131m Ad\u0131m\u201d Projesi"},"content":{"rendered":"\t\t<div data-elementor-type=\"wp-page\" data-elementor-id=\"6464\" class=\"elementor elementor-6464\">\n\t\t\t\t<div class=\"elementor-element elementor-element-60fb9da e-con-full e-flex wpr-particle-no wpr-jarallax-no wpr-parallax-no wpr-sticky-section-no e-con e-parent\" data-id=\"60fb9da\" data-element_type=\"container\">\n\t\t\n\t\t<div class=\"elementor-element elementor-element-28f6167 elementor-widget elementor-widget-image\" data-id=\"28f6167\" data-element_type=\"widget\" data-widget_type=\"image.default\">\n\t\t\t\t<div class=\"elementor-widget-container\">\n\t\t\t<style>\/*! elementor - v3.23.0 - 05-08-2024 *\/\n.elementor-widget-image{text-align:center}.elementor-widget-image a{display:inline-block}.elementor-widget-image a img[src$=\".svg\"]{width:48px}.elementor-widget-image img{vertical-align:middle;display:inline-block}<\/style>\t\t\t\t\t\t\t\t\t\t<img decoding=\"async\" src=\"https:\/\/erkanelibol.com.tr\/leylison\/wp-content\/uploads\/elementor\/thumbs\/3d-abstract-landscape-cubes-with-depth-field-scaled-qqqjs9ekcdm9wm64bqrrnphsgh4pi71cqgp1t3tx1k.jpg\" title=\"3D abstract landscape of cubes with depth of field\" alt=\"3D render of an abstract landscape of cubes with depth of field\" loading=\"lazy\" \/>\t\t\t\t\t\t\t\t\t\t\t\t\t<\/div>\n\t\t\t\t<\/div>\n\t\t\t\t<\/div>\n\t\t\t\t<section class=\"elementor-section elementor-top-section elementor-element elementor-element-e9ef306 elementor-section-stretched elementor-section-boxed elementor-section-height-default elementor-section-height-default wpr-particle-no wpr-jarallax-no wpr-parallax-no wpr-sticky-section-no\" data-id=\"e9ef306\" data-element_type=\"section\" data-settings=\"{&quot;stretch_section&quot;:&quot;section-stretched&quot;,&quot;background_background&quot;:&quot;classic&quot;}\">\n\t\t\t\t\t\t\t<div class=\"elementor-background-overlay\"><\/div>\n\t\t\t\t\t\t\t<div class=\"elementor-container elementor-column-gap-default\">\n\t\t\t\t\t<div class=\"elementor-column elementor-col-100 elementor-top-column elementor-element elementor-element-5369442\" data-id=\"5369442\" data-element_type=\"column\" data-settings=\"{&quot;background_background&quot;:&quot;classic&quot;}\">\n\t\t\t<div class=\"elementor-widget-wrap elementor-element-populated\">\n\t\t\t\t\t\t<div class=\"elementor-element elementor-element-9cf020d elementor-widget elementor-widget-ova_heading\" data-id=\"9cf020d\" data-element_type=\"widget\" data-widget_type=\"ova_heading.default\">\n\t\t\t\t<div class=\"elementor-widget-container\">\n\t\t\t\t\t<div class=\"ova-heading\">\n\t\t\t\n\t\t\t\t\t\t\t<h3 class=\"title second_font\">LEYL\u0130-DER Dijitalle\u015fme ve Kapasite Geli\u015ftirmeye Ad\u0131m Ad\u0131m<\/h3>\n\t\t\t\n\t\t\t\n\t\t<\/div>\n\t\t\t\t<\/div>\n\t\t\t\t<\/div>\n\t\t\t\t\t<\/div>\n\t\t<\/div>\n\t\t\t\t\t<\/div>\n\t\t<\/section>\n\t\t\t\t<section class=\"elementor-section elementor-top-section elementor-element elementor-element-8623e01 elementor-section-boxed elementor-section-height-default elementor-section-height-default wpr-particle-no wpr-jarallax-no wpr-parallax-no wpr-sticky-section-no\" data-id=\"8623e01\" data-element_type=\"section\" data-settings=\"{&quot;background_background&quot;:&quot;classic&quot;}\">\n\t\t\t\t\t\t<div class=\"elementor-container elementor-column-gap-default\">\n\t\t\t\t\t<div class=\"elementor-column elementor-col-50 elementor-top-column elementor-element elementor-element-7aa6200 egovt_stretch_column_left\" data-id=\"7aa6200\" data-element_type=\"column\" data-settings=\"{&quot;background_background&quot;:&quot;classic&quot;}\">\n\t\t\t<div class=\"elementor-widget-wrap\">\n\t\t\t\t\t\t\t<\/div>\n\t\t<\/div>\n\t\t\t\t<div class=\"elementor-column elementor-col-50 elementor-top-column elementor-element elementor-element-cb99764\" data-id=\"cb99764\" data-element_type=\"column\" data-settings=\"{&quot;background_background&quot;:&quot;classic&quot;}\">\n\t\t\t<div class=\"elementor-widget-wrap elementor-element-populated\">\n\t\t\t\t\t\t<div class=\"elementor-element elementor-element-a06f7ff elementor-widget elementor-widget-heading\" data-id=\"a06f7ff\" data-element_type=\"widget\" data-widget_type=\"heading.default\">\n\t\t\t\t<div class=\"elementor-widget-container\">\n\t\t\t<style>\/*! elementor - v3.23.0 - 05-08-2024 *\/\n.elementor-heading-title{padding:0;margin:0;line-height:1}.elementor-widget-heading .elementor-heading-title[class*=elementor-size-]>a{color:inherit;font-size:inherit;line-height:inherit}.elementor-widget-heading .elementor-heading-title.elementor-size-small{font-size:15px}.elementor-widget-heading .elementor-heading-title.elementor-size-medium{font-size:19px}.elementor-widget-heading .elementor-heading-title.elementor-size-large{font-size:29px}.elementor-widget-heading .elementor-heading-title.elementor-size-xl{font-size:39px}.elementor-widget-heading .elementor-heading-title.elementor-size-xxl{font-size:59px}<\/style><h2 class=\"elementor-heading-title elementor-size-default\">Proje Detaylar\u0131<\/h2>\t\t<\/div>\n\t\t\t\t<\/div>\n\t\t\t\t<div class=\"elementor-element elementor-element-4452d53 elementor-widget elementor-widget-text-editor\" data-id=\"4452d53\" data-element_type=\"widget\" data-widget_type=\"text-editor.default\">\n\t\t\t\t<div class=\"elementor-widget-container\">\n\t\t\t<style>\/*! elementor - v3.23.0 - 05-08-2024 *\/\n.elementor-widget-text-editor.elementor-drop-cap-view-stacked .elementor-drop-cap{background-color:#69727d;color:#fff}.elementor-widget-text-editor.elementor-drop-cap-view-framed .elementor-drop-cap{color:#69727d;border:3px solid;background-color:transparent}.elementor-widget-text-editor:not(.elementor-drop-cap-view-default) .elementor-drop-cap{margin-top:8px}.elementor-widget-text-editor:not(.elementor-drop-cap-view-default) .elementor-drop-cap-letter{width:1em;height:1em}.elementor-widget-text-editor .elementor-drop-cap{float:left;text-align:center;line-height:1;font-size:50px}.elementor-widget-text-editor .elementor-drop-cap-letter{display:inline-block}<\/style>\t\t\t\t<p><span style=\"font-weight: 400;\">Leyli Sanat Derne\u011fi olarak, k\u00fclt\u00fcr ve sanat alan\u0131ndaki etkinliklerimizi daha geni\u015f kitlelere ula\u015ft\u0131rmak amac\u0131yla ve Sivil D\u00fc\u015f\u00fcn\u2019\u00fcn de\u011ferli deste\u011fiyle &#8220;Dijitalle\u015fme ve Kapasite Geli\u015ftirmeye Ad\u0131m Ad\u0131m&#8221; projesini hayata ge\u00e7irdik ve ba\u015far\u0131yla tamamlad\u0131k. Bu proje kapsam\u0131nda, derne\u011fimizin dijital becerilerini art\u0131rarak, g\u00f6n\u00fcll\u00fc, destek\u00e7i ve payda\u015f a\u011f\u0131m\u0131z\u0131 geni\u015flettik.<\/span><\/p><p><span style=\"font-weight: 400;\">Projemizin temel amac\u0131, dijital platformlar\u0131m\u0131z\u0131n etkinli\u011fini art\u0131rarak daha geni\u015f kitlelere ula\u015fmak ve daha b\u00fcy\u00fck kapsaml\u0131 projeler ger\u00e7ekle\u015ftirmekti. Bu do\u011frultuda, dijital becerilerimizi geli\u015ftirerek web sitemizin ve e-dergimizin kullan\u0131m\u0131n\u0131 ve eri\u015filebilirli\u011fini art\u0131rmay\u0131, g\u00f6n\u00fcll\u00fc ve destek\u00e7i a\u011f\u0131m\u0131z\u0131 geni\u015fleterek hem i\u00e7erik \u00fcretimini hem de organizasyonumuzu g\u00fc\u00e7lendirmeyi hedefledik. <\/span><\/p>\t\t\t\t\t\t<\/div>\n\t\t\t\t<\/div>\n\t\t\t\t\t<\/div>\n\t\t<\/div>\n\t\t\t\t\t<\/div>\n\t\t<\/section>\n\t\t\t\t<section class=\"elementor-section elementor-top-section elementor-element elementor-element-b53293d elementor-section-boxed elementor-section-height-default elementor-section-height-default wpr-particle-no wpr-jarallax-no wpr-parallax-no wpr-sticky-section-no\" data-id=\"b53293d\" data-element_type=\"section\" data-settings=\"{&quot;background_background&quot;:&quot;classic&quot;}\">\n\t\t\t\t\t\t<div class=\"elementor-container elementor-column-gap-default\">\n\t\t\t\t\t<div class=\"elementor-column elementor-col-50 elementor-top-column elementor-element elementor-element-3695783\" data-id=\"3695783\" data-element_type=\"column\" data-settings=\"{&quot;background_background&quot;:&quot;classic&quot;}\">\n\t\t\t<div class=\"elementor-widget-wrap elementor-element-populated\">\n\t\t\t\t\t\t<div class=\"elementor-element elementor-element-4eebf76 elementor-widget elementor-widget-text-editor\" data-id=\"4eebf76\" data-element_type=\"widget\" data-widget_type=\"text-editor.default\">\n\t\t\t\t<div class=\"elementor-widget-container\">\n\t\t\t\t\t\t\t<p><span style=\"font-weight: 400;\">Leyli Sanat Derne\u011fi olarak, web sitemiz ve e-dergimiz arac\u0131l\u0131\u011f\u0131yla k\u00fclt\u00fcrel i\u00e7erikler sunuyor, y\u00fcz y\u00fcze ve online etkinlikler d\u00fczenliyorduk ancak, dijital alandaki s\u0131n\u0131rl\u0131 kaynaklar\u0131m\u0131z ve algoritmalar\u0131n etkisiyle yeterli g\u00f6r\u00fcn\u00fcrl\u00fc\u011fe ula\u015fmakta zorluk \u00e7ekiyorduk. Proje kapsam\u0131nda, web sitemizi ve sosyal medya kanallar\u0131m\u0131z\u0131 optimize ederek, daha kullan\u0131c\u0131 dostu ve eri\u015filebilir hale getirdik; i\u00e7eriklerimizin etki alan\u0131n\u0131 art\u0131rd\u0131k ve g\u00f6n\u00fcll\u00fc a\u011f\u0131m\u0131z\u0131 g\u00fc\u00e7lendirdik.<\/span><\/p><p><span style=\"font-weight: 400;\">Proje s\u00fcresince, kullan\u0131c\u0131 deneyimini ve aray\u00fcz\u00fcn\u00fc iyile\u015ftirerek web sitemizi yeniden tasarlad\u0131k. Ayr\u0131ca, kaliteli ve etkile\u015fimli i\u00e7erikler \u00fcrettik ve sosyal medya kampanyalar\u0131 ile projemizi duyurarak, geni\u015f kitlelere ula\u015fmay\u0131 ba\u015fard\u0131k.\u00a0<\/span><\/p><p><span style=\"font-weight: 400;\">Bu proje, Leyli Sanat Derne\u011fi&#8217;nin dijitalle\u015fme yolunda \u00f6nemli bir ad\u0131m atmas\u0131n\u0131 sa\u011flad\u0131 ve k\u00fclt\u00fcr-sanat alan\u0131nda daha geni\u015f kitlelere ula\u015farak, daha b\u00fcy\u00fck bir fark yaratmam\u0131z\u0131 m\u00fcmk\u00fcn k\u0131ld\u0131. Sivil D\u00fc\u015f\u00fcn deste\u011fi ile hayata ge\u00e7irdi\u011fimiz bu proje, derne\u011fimizin gelecekteki \u00e7al\u0131\u015fmalar\u0131na da \u0131\u015f\u0131k tutacak.<\/span><\/p>\t\t\t\t\t\t<\/div>\n\t\t\t\t<\/div>\n\t\t\t\t\t<\/div>\n\t\t<\/div>\n\t\t\t\t<div class=\"elementor-column elementor-col-50 elementor-top-column elementor-element elementor-element-f47eadf\" data-id=\"f47eadf\" data-element_type=\"column\">\n\t\t\t<div class=\"elementor-widget-wrap\">\n\t\t\t\t\t\t\t<\/div>\n\t\t<\/div>\n\t\t\t\t\t<\/div>\n\t\t<\/section>\n\t\t\t\t<\/div>\n\t\t","protected":false},"excerpt":{"rendered":"<p>LEYL\u0130-DER Dijitalle\u015fme ve Kapasite Geli\u015ftirmeye Ad\u0131m Ad\u0131m Proje Detaylar\u0131 Leyli Sanat Derne\u011fi olarak, k\u00fclt\u00fcr ve sanat alan\u0131ndaki etkinliklerimizi daha geni\u015f kitlelere ula\u015ft\u0131rmak amac\u0131yla ve Sivil D\u00fc\u015f\u00fcn\u2019\u00fcn de\u011ferli deste\u011fiyle &#8220;Dijitalle\u015fme ve Kapasite Geli\u015ftirmeye Ad\u0131m Ad\u0131m&#8221; projesini hayata ge\u00e7irdik ve ba\u015far\u0131yla tamamlad\u0131k. Bu proje kapsam\u0131nda, derne\u011fimizin dijital becerilerini art\u0131rarak, g\u00f6n\u00fcll\u00fc, destek\u00e7i ve payda\u015f a\u011f\u0131m\u0131z\u0131 geni\u015flettik. Projemizin temel amac\u0131, dijital platformlar\u0131m\u0131z\u0131n etkinli\u011fini art\u0131rarak daha geni\u015f kitlelere ula\u015fmak ve daha b\u00fcy\u00fck kapsaml\u0131 projeler ger\u00e7ekle\u015ftirmekti. Bu do\u011frultuda, dijital becerilerimizi geli\u015ftirerek web sitemizin ve e-dergimizin kullan\u0131m\u0131n\u0131 ve eri\u015filebilirli\u011fini art\u0131rmay\u0131, g\u00f6n\u00fcll\u00fc ve destek\u00e7i a\u011f\u0131m\u0131z\u0131 geni\u015fleterek hem i\u00e7erik \u00fcretimini hem de organizasyonumuzu g\u00fc\u00e7lendirmeyi hedefledik. Leyli Sanat Derne\u011fi olarak, web sitemiz ve e-dergimiz arac\u0131l\u0131\u011f\u0131yla k\u00fclt\u00fcrel i\u00e7erikler sunuyor, y\u00fcz y\u00fcze ve online etkinlikler d\u00fczenliyorduk ancak, dijital alandaki s\u0131n\u0131rl\u0131 kaynaklar\u0131m\u0131z ve algoritmalar\u0131n etkisiyle yeterli g\u00f6r\u00fcn\u00fcrl\u00fc\u011fe ula\u015fmakta zorluk \u00e7ekiyorduk. Proje kapsam\u0131nda, web sitemizi ve sosyal medya kanallar\u0131m\u0131z\u0131 optimize ederek, daha kullan\u0131c\u0131 dostu ve eri\u015filebilir hale getirdik; i\u00e7eriklerimizin etki alan\u0131n\u0131 art\u0131rd\u0131k ve g\u00f6n\u00fcll\u00fc a\u011f\u0131m\u0131z\u0131 g\u00fc\u00e7lendirdik. Proje s\u00fcresince, kullan\u0131c\u0131 deneyimini ve aray\u00fcz\u00fcn\u00fc iyile\u015ftirerek web sitemizi yeniden tasarlad\u0131k. Ayr\u0131ca, kaliteli ve etkile\u015fimli i\u00e7erikler \u00fcrettik ve sosyal medya kampanyalar\u0131 ile projemizi duyurarak, geni\u015f kitlelere ula\u015fmay\u0131 ba\u015fard\u0131k.\u00a0 Bu proje, Leyli Sanat Derne\u011fi&#8217;nin dijitalle\u015fme yolunda \u00f6nemli bir ad\u0131m atmas\u0131n\u0131 sa\u011flad\u0131 ve k\u00fclt\u00fcr-sanat alan\u0131nda daha geni\u015f kitlelere ula\u015farak, daha b\u00fcy\u00fck bir fark yaratmam\u0131z\u0131 m\u00fcmk\u00fcn k\u0131ld\u0131. Sivil D\u00fc\u015f\u00fcn deste\u011fi ile hayata ge\u00e7irdi\u011fimiz bu proje, derne\u011fimizin gelecekteki \u00e7al\u0131\u015fmalar\u0131na da \u0131\u015f\u0131k tutacak.<\/p>\n","protected":false},"author":1,"featured_media":0,"parent":0,"menu_order":0,"comment_status":"closed","ping_status":"closed","template":"elementor_header_footer","meta":{"_piecal_is_event":false,"_piecal_start_date":"","_piecal_end_date":"","_piecal_is_allday":false,"footnotes":""},"class_list":["post-6464","page","type-page","status-publish","hentry"],"jetpack_sharing_enabled":true,"rttpg_featured_image_url":null,"rttpg_author":{"display_name":"Leyli Sanat Derne\u011fi","author_link":"https:\/\/erkanelibol.com.tr\/leylison\/author\/superadmin\/"},"rttpg_comment":0,"rttpg_category":" <a href=\"https:\/\/erkanelibol.com.tr\/leylison\/\" rel=\"tag\">T\u00fcrk\u00e7e<\/a>","rttpg_excerpt":"LEYL\u0130-DER Dijitalle\u015fme ve Kapasite Geli\u015ftirmeye Ad\u0131m Ad\u0131m Proje Detaylar\u0131 Leyli Sanat Derne\u011fi olarak, k\u00fclt\u00fcr ve sanat alan\u0131ndaki etkinliklerimizi daha geni\u015f kitlelere ula\u015ft\u0131rmak amac\u0131yla ve Sivil D\u00fc\u015f\u00fcn\u2019\u00fcn de\u011ferli deste\u011fiyle &#8220;Dijitalle\u015fme ve Kapasite Geli\u015ftirmeye Ad\u0131m Ad\u0131m&#8221; projesini hayata ge\u00e7irdik ve ba\u015far\u0131yla tamamlad\u0131k. Bu proje kapsam\u0131nda, derne\u011fimizin dijital becerilerini art\u0131rarak, g\u00f6n\u00fcll\u00fc, destek\u00e7i ve payda\u015f a\u011f\u0131m\u0131z\u0131 geni\u015flettik. Projemizin temel&hellip;","_links":{"self":[{"href":"https:\/\/erkanelibol.com.tr\/leylison\/wp-json\/wp\/v2\/pages\/6464","targetHints":{"allow":["GET"]}}],"collection":[{"href":"https:\/\/erkanelibol.com.tr\/leylison\/wp-json\/wp\/v2\/pages"}],"about":[{"href":"https:\/\/erkanelibol.com.tr\/leylison\/wp-json\/wp\/v2\/types\/page"}],"author":[{"embeddable":true,"href":"https:\/\/erkanelibol.com.tr\/leylison\/wp-json\/wp\/v2\/users\/1"}],"replies":[{"embeddable":true,"href":"https:\/\/erkanelibol.com.tr\/leylison\/wp-json\/wp\/v2\/comments?post=6464"}],"version-history":[{"count":18,"href":"https:\/\/erkanelibol.com.tr\/leylison\/wp-json\/wp\/v2\/pages\/6464\/revisions"}],"predecessor-version":[{"id":7387,"href":"https:\/\/erkanelibol.com.tr\/leylison\/wp-json\/wp\/v2\/pages\/6464\/revisions\/7387"}],"wp:attachment":[{"href":"https:\/\/erkanelibol.com.tr\/leylison\/wp-json\/wp\/v2\/media?parent=6464"}],"curies":[{"name":"wp","href":"https:\/\/api.w.org\/{rel}","templated":true}]}}