{"id":6450,"date":"2020-08-19T15:28:20","date_gmt":"2020-08-19T15:28:20","guid":{"rendered":"https:\/\/erkanelibol.com.tr\/leylison\/?page_id=1265"},"modified":"2024-08-06T20:31:52","modified_gmt":"2024-08-06T17:31:52","slug":"hikayemiz","status":"publish","type":"page","link":"https:\/\/erkanelibol.com.tr\/leylison\/hikayemiz\/","title":{"rendered":"Hikayemiz"},"content":{"rendered":"\t\t<div data-elementor-type=\"wp-page\" data-elementor-id=\"6450\" class=\"elementor elementor-6450\">\n\t\t\t\t\t\t<section class=\"elementor-section elementor-top-section elementor-element elementor-element-fb6b705 elementor-section-boxed elementor-section-height-default elementor-section-height-default wpr-particle-no wpr-jarallax-no wpr-parallax-no wpr-sticky-section-no\" data-id=\"fb6b705\" data-element_type=\"section\">\n\t\t\t\t\t\t<div class=\"elementor-container elementor-column-gap-default\">\n\t\t\t\t\t<div class=\"elementor-column elementor-col-100 elementor-top-column elementor-element elementor-element-ece7293\" data-id=\"ece7293\" data-element_type=\"column\">\n\t\t\t<div class=\"elementor-widget-wrap elementor-element-populated\">\n\t\t\t\t\n\t\t<div class=\"elementor-element elementor-element-a5136a4 elementor-widget elementor-widget-ova_heading\" data-id=\"a5136a4\" data-element_type=\"widget\" data-widget_type=\"ova_heading.default\">\n\t\t\t\t<div class=\"elementor-widget-container\">\n\t\t\t\t\t<div class=\"ova-heading\">\n\t\t\t\n\t\t\t\t\t\t\t<h3 class=\"title second_font\">Leyli'nin Hikayesi<\/h3>\n\t\t\t\n\t\t\t\t\t\t\t<p class=\"sub-title \">2017 de ba\u015flayan yolculu\u011fumuz...<\/p>\n\t\t\t\n\t\t<\/div>\n\t\t\t\t<\/div>\n\t\t\t\t<\/div>\n\t\t\t\t<div class=\"elementor-element elementor-element-e228250 elementor-widget elementor-widget-ova_history\" data-id=\"e228250\" data-element_type=\"widget\" data-widget_type=\"ova_history.default\">\n\t\t\t\t<div class=\"elementor-widget-container\">\n\t\t\t\n\t\t<div class=\"ova-history \">\n\t\t\t\t\t\t\t\t\t\t\t\t<div class=\"wp-item\">\n\t\t\t\t\t\t<div class=\"wp-content\">\n\t\t\t\t\t\t\t\n\t\t\t\t\t\t\t<div class=\"content\">\n\t\t\t\t\t\t\t\t<div class=\"ova-media\">\n\t\t\t\t\t\t\t\t\t<img decoding=\"async\" src=\"https:\/\/erkanelibol.com.tr\/leylison\/wp-content\/uploads\/2024\/07\/leyli-Sanat-2-1620x1080-1.jpg\" alt=\"\">\n\t\t\t\t\t\t\t\t<\/div>\n\t\t\t\t\t\t\t<\/div>\n\t\t\t\t\t\t<\/div>\n\t\t\t\t\t\t<div class=\"wp-year\">\n\t\t\t\t\t\t\t<span class=\"dot\">\n\t\t\t\t\t\t\t\t<span class=\"dot1\"><\/span>\n\t\t\t\t\t\t\t\t<span  class=\"dot2\"><\/span>\n\t\t\t\t\t\t\t\t<span  class=\"dot3\"><\/span>\n\t\t\t\t\t\t\t\t<span  class=\"dot4\"><\/span>\n\t\t\t\t\t\t\t<\/span>\n\n\t\t\t\t\t\t\t<p class=\"year second_font\">2017<\/p>\n\n\t\t\t\t\t\t\t<div class=\"title\">\n\t\t\t\t\t\t\t\t\t\t\t\t\t\t\t\t\t<h3>Fikir Nas\u0131l Olu\u015ftu?<\/h3>\n\t\t\t\t\t\t\t\t\t\t\t\t\t\t\t<\/div>\n\n\t\t\t\t\t\t\t<div class=\"desc\">\n\t\t\t\t\t\t\t\t<p>Leyli Sanat, 1 Aral\u0131k 2017 gecesinde ak\u0131llara d\u00fc\u015ft\u00fc; ana ak\u0131m \u00fcretim alanlar\u0131nda yer bulamama endi\u015fesiyle, bir &quot;alternatif \u00fcretim alan\u0131&quot; hayali olarak do\u011fdu.  &#160;&#160;&#160;&#160;&#160;&#160;&#160;&#160;&#160;&#160;&#160;&#160;&#160;&#160;&#160;&#160;&#160;&#160;&#160;&#160;&#160;&#160;&#160;&#160;&#160;&#160;&#160;&#160;&#160;&#160;&#160;&#160;&#160;&#160;&#160;&#160;&#160;&#160;&#160;&#160;&#160;&#160;&#160;&#160;&#160;&#160;&#160;&#160;&#160;&#160;&#160;&#160;&#160;&#160;&#160;&#160;&#160;&#160;&#160;&#160;&#160;&#160;&#160;&#160;&#160;&#160;&#160;&#160;&#160;&#160;&#160;&#160;&#160;&#160;&#160;&#160;&#160;&#160;&#160;&#160;&#160;&#160;&#160;&#160;&#160;&#160;&#160;&#160;&#160;&#160;&#160;&#160;&#160;&#160;&#160;&#160;&#160;&#160;&#160;&#160;&#160;&#160;&#160;&#160;&#160;&#160;&#160;&#160;&#160;&#160;&#160;&#160;&#160;&#160;&#160;&#160;&#160;\n\nSinema b\u00f6l\u00fcm\u00fc \u00f6\u011frencisi olan Ufuk, bu fikir \u00fczerine sabaha kadar \u00e7al\u0131\u015ft\u0131, notlar ald\u0131 ve sabah arkada\u015flar\u0131yla payla\u015ft\u0131. Sosyal medya \u00fczerinden de duyurdu\u011fu bu fikir, k\u0131sa s\u00fcrede ilgi g\u00f6rd\u00fc ve toplant\u0131lar yap\u0131larak derne\u011fin temelleri at\u0131lmaya ba\u015fland\u0131. \u201cGece\u201d anlam\u0131na gelen &quot;Leyli&quot; ismi, geceleyin yap\u0131lan yarat\u0131c\u0131 \u00e7al\u0131\u015fmalar\u0131n ilham\u0131ndan geldi.&#160;&#160;&#160;&#160;&#160;&#160;&#160;&#160;&#160;&#160;&#160;&#160;&#160;&#160;&#160;&#160;&#160;&#160;&#160;&#160;&#160;&#160;&#160;&#160;&#160;&#160;&#160;&#160;&#160;&#160;&#160;&#160;&#160;&#160;&#160;&#160;&#160;&#160;&#160;&#160;&#160;&#160;&#160;&#160;&#160;&#160;&#160;&#160;&#160;&#160;&#160;&#160;<\/p>\n\t\t\t\t\t\t\t<\/div>\n\n\t\t\t\t\t\t<\/div>\n\t\t\t\t\t<\/div>\n\t\t\t\t\t\t\t\t\t<div class=\"wp-item\">\n\t\t\t\t\t\t<div class=\"wp-content\">\n\t\t\t\t\t\t\t\n\t\t\t\t\t\t\t<div class=\"content\">\n\t\t\t\t\t\t\t\t<div class=\"ova-media\">\n\t\t\t\t\t\t\t\t\t<img decoding=\"async\" src=\"https:\/\/erkanelibol.com.tr\/leylison\/wp-content\/uploads\/2024\/07\/200495576260186-img.jpg\" alt=\"\">\n\t\t\t\t\t\t\t\t<\/div>\n\t\t\t\t\t\t\t<\/div>\n\t\t\t\t\t\t<\/div>\n\t\t\t\t\t\t<div class=\"wp-year\">\n\t\t\t\t\t\t\t<span class=\"dot\">\n\t\t\t\t\t\t\t\t<span class=\"dot1\"><\/span>\n\t\t\t\t\t\t\t\t<span  class=\"dot2\"><\/span>\n\t\t\t\t\t\t\t\t<span  class=\"dot3\"><\/span>\n\t\t\t\t\t\t\t\t<span  class=\"dot4\"><\/span>\n\t\t\t\t\t\t\t<\/span>\n\n\t\t\t\t\t\t\t<p class=\"year second_font\">2018<\/p>\n\n\t\t\t\t\t\t\t<div class=\"title\">\n\t\t\t\t\t\t\t\t\t\t\t\t\t\t\t\t\t<h3>Kurulu\u015f<\/h3>\n\t\t\t\t\t\t\t\t\t\t\t\t\t\t\t<\/div>\n\n\t\t\t\t\t\t\t<div class=\"desc\">\n\t\t\t\t\t\t\t\t<p>Leyli Sanat, 1 Aral\u0131k 2018&#039;de resmi olarak kuruldu\u011funu duyurdu, g\u00f6n\u00fcll\u00fc \u00e7a\u011fr\u0131lar\u0131na ba\u015flad\u0131 ve etkinlikler d\u00fczenledi. K\u0131sa s\u00fcrede ba\u011f\u0131n\u0131 kuvvetlendiren g\u00f6n\u00fcll\u00fc ekip, STGM Derne\u011finin bir\u00e7ok etkinli\u011fine kat\u0131ld\u0131 ve platformun kapasitesini artt\u0131rarak sivil toplum alan\u0131nda daha \u00f6zg\u00fcvenli hale geldi. 2019&#039;da Sivil Sesler Festivali&#039;ne kat\u0131lan Leyli Sanat\u2019\u0131n di\u011fer sivil toplum \u00f6rg\u00fctleriyle i\u015fbirlikleri de g\u00fc\u00e7lendi.<\/p>\n\t\t\t\t\t\t\t<\/div>\n\n\t\t\t\t\t\t<\/div>\n\t\t\t\t\t<\/div>\n\t\t\t\t\t\t\t\t\t<div class=\"wp-item\">\n\t\t\t\t\t\t<div class=\"wp-content\">\n\t\t\t\t\t\t\t\n\t\t\t\t\t\t\t<div class=\"content\">\n\t\t\t\t\t\t\t\t<div class=\"ova-media\">\n\t\t\t\t\t\t\t\t\t<img decoding=\"async\" src=\"https:\/\/erkanelibol.com.tr\/leylison\/wp-content\/uploads\/2024\/07\/SEK7865-min-1536x1024-1.jpg\" alt=\"\">\n\t\t\t\t\t\t\t\t<\/div>\n\t\t\t\t\t\t\t<\/div>\n\t\t\t\t\t\t<\/div>\n\t\t\t\t\t\t<div class=\"wp-year\">\n\t\t\t\t\t\t\t<span class=\"dot\">\n\t\t\t\t\t\t\t\t<span class=\"dot1\"><\/span>\n\t\t\t\t\t\t\t\t<span  class=\"dot2\"><\/span>\n\t\t\t\t\t\t\t\t<span  class=\"dot3\"><\/span>\n\t\t\t\t\t\t\t\t<span  class=\"dot4\"><\/span>\n\t\t\t\t\t\t\t<\/span>\n\n\t\t\t\t\t\t\t<p class=\"year second_font\">2021<\/p>\n\n\t\t\t\t\t\t\t<div class=\"title\">\n\t\t\t\t\t\t\t\t\t\t\t\t\t\t\t\t\t<h3>Resmi Dernek Stat\u00fcs\u00fc<\/h3>\n\t\t\t\t\t\t\t\t\t\t\t\t\t\t\t<\/div>\n\n\t\t\t\t\t\t\t<div class=\"desc\">\n\t\t\t\t\t\t\t\t<p>Leyli Sanat, 15 Ocak 2021&#039;de resmi dernek stat\u00fcs\u00fc kazand\u0131 ve \u0130stanbul Kartal&#039;daki ilk ofisinde, k\u0131s\u0131tl\u0131 ekonomik kaynaklara ra\u011fmen, belediyeler ve \u00f6zel kurumlarla i\u015fbirlikleri yaparak etkinliklerini daha profesyonel hale getirdi ve binlerce ki\u015fiye ula\u015ft\u0131.<\/p>\n\t\t\t\t\t\t\t<\/div>\n\n\t\t\t\t\t\t<\/div>\n\t\t\t\t\t<\/div>\n\t\t\t\t\t\t\t\t\t<div class=\"wp-item\">\n\t\t\t\t\t\t<div class=\"wp-content\">\n\t\t\t\t\t\t\t\n\t\t\t\t\t\t\t<div class=\"content\">\n\t\t\t\t\t\t\t\t<div class=\"ova-media\">\n\t\t\t\t\t\t\t\t\t<img decoding=\"async\" src=\"https:\/\/erkanelibol.com.tr\/leylison\/wp-content\/uploads\/2024\/07\/leyli-sanat-dernegi-kadikoy-de-ofis-acti.jpg\" alt=\"\">\n\t\t\t\t\t\t\t\t<\/div>\n\t\t\t\t\t\t\t<\/div>\n\t\t\t\t\t\t<\/div>\n\t\t\t\t\t\t<div class=\"wp-year\">\n\t\t\t\t\t\t\t<span class=\"dot\">\n\t\t\t\t\t\t\t\t<span class=\"dot1\"><\/span>\n\t\t\t\t\t\t\t\t<span  class=\"dot2\"><\/span>\n\t\t\t\t\t\t\t\t<span  class=\"dot3\"><\/span>\n\t\t\t\t\t\t\t\t<span  class=\"dot4\"><\/span>\n\t\t\t\t\t\t\t<\/span>\n\n\t\t\t\t\t\t\t<p class=\"year second_font\">Ocak 2024<\/p>\n\n\t\t\t\t\t\t\t<div class=\"title\">\n\t\t\t\t\t\t\t\t\t\t\t\t\t\t\t\t\t<h3>Kad\u0131k\u00f6y'deki Yeni Ofisimize Ta\u015f\u0131nd\u0131k<\/h3>\n\t\t\t\t\t\t\t\t\t\t\t\t\t\t\t<\/div>\n\n\t\t\t\t\t\t\t<div class=\"desc\">\n\t\t\t\t\t\t\t\t<p>Kad\u0131k\u00f6y ve Beyo\u011flu gibi \u00e7ok k\u00fclt\u00fcrl\u00fc il\u00e7elerde bir\u00e7ok etkinlik ger\u00e7ekle\u015ftirdikten sonra, dernek ofisi daha geni\u015f kitlelere ula\u015fmak amac\u0131yla Kad\u0131k\u00f6y&#039;e ta\u015f\u0131nd\u0131. Leyli Sanat Derne\u011fi, \u015eubat 2024 itibariyle Kad\u0131k\u00f6y Osmana\u011fa&#039;daki ofisinde aktif bir \u015fekilde faaliyetlerini s\u00fcrd\u00fcr\u00fcyor.<\/p>\n\t\t\t\t\t\t\t<\/div>\n\n\t\t\t\t\t\t<\/div>\n\t\t\t\t\t<\/div>\n\t\t\t\t\t\t\t\t\t<div class=\"wp-item\">\n\t\t\t\t\t\t<div class=\"wp-content\">\n\t\t\t\t\t\t\t\n\t\t\t\t\t\t\t<div class=\"content\">\n\t\t\t\t\t\t\t\t<div class=\"ova-media\">\n\t\t\t\t\t\t\t\t\t<img decoding=\"async\" src=\"https:\/\/erkanelibol.com.tr\/leylison\/wp-content\/uploads\/2024\/07\/siyadergitarih.jpg\" alt=\"\">\n\t\t\t\t\t\t\t\t<\/div>\n\t\t\t\t\t\t\t<\/div>\n\t\t\t\t\t\t<\/div>\n\t\t\t\t\t\t<div class=\"wp-year\">\n\t\t\t\t\t\t\t<span class=\"dot\">\n\t\t\t\t\t\t\t\t<span class=\"dot1\"><\/span>\n\t\t\t\t\t\t\t\t<span  class=\"dot2\"><\/span>\n\t\t\t\t\t\t\t\t<span  class=\"dot3\"><\/span>\n\t\t\t\t\t\t\t\t<span  class=\"dot4\"><\/span>\n\t\t\t\t\t\t\t<\/span>\n\n\t\t\t\t\t\t\t<p class=\"year second_font\">\u015eubat 2024<\/p>\n\n\t\t\t\t\t\t\t<div class=\"title\">\n\t\t\t\t\t\t\t\t\t\t\t\t\t\t\t\t\t<h3>Sanat ve Sivil Toplum Bir Arada: S\u0130YAH E-Dergi<\/h3>\n\t\t\t\t\t\t\t\t\t\t\t\t\t\t\t<\/div>\n\n\t\t\t\t\t\t\t<div class=\"desc\">\n\t\t\t\t\t\t\t\t<p>S\u0130YAH (Sanat, \u0130lham, Ya\u015fam, Adalet, Hak) adl\u0131 e-dergi projesiyle k\u00fclt\u00fcr-sanat ve sivil toplum alanlar\u0131n\u0131 birle\u015ftirerek, nitelikli, kapsay\u0131c\u0131 ve \u00e7e\u015fitli i\u00e7erikler yay\u0131mlamaya devam ediyor.<\/p>\n\t\t\t\t\t\t\t<\/div>\n\n\t\t\t\t\t\t<\/div>\n\t\t\t\t\t<\/div>\n\t\t\t\t\t\t\t\t\t<div class=\"wp-item\">\n\t\t\t\t\t\t<div class=\"wp-content\">\n\t\t\t\t\t\t\t\n\t\t\t\t\t\t\t<div class=\"content\">\n\t\t\t\t\t\t\t\t<div class=\"ova-media\">\n\t\t\t\t\t\t\t\t\t<img decoding=\"async\" src=\"https:\/\/erkanelibol.com.tr\/leylison\/wp-content\/uploads\/2024\/07\/european-union-flag-blue-background-scaled.jpg\" alt=\"\">\n\t\t\t\t\t\t\t\t<\/div>\n\t\t\t\t\t\t\t<\/div>\n\t\t\t\t\t\t<\/div>\n\t\t\t\t\t\t<div class=\"wp-year\">\n\t\t\t\t\t\t\t<span class=\"dot\">\n\t\t\t\t\t\t\t\t<span class=\"dot1\"><\/span>\n\t\t\t\t\t\t\t\t<span  class=\"dot2\"><\/span>\n\t\t\t\t\t\t\t\t<span  class=\"dot3\"><\/span>\n\t\t\t\t\t\t\t\t<span  class=\"dot4\"><\/span>\n\t\t\t\t\t\t\t<\/span>\n\n\t\t\t\t\t\t\t<p class=\"year second_font\">Nisan 2024<\/p>\n\n\t\t\t\t\t\t\t<div class=\"title\">\n\t\t\t\t\t\t\t\t\t\t\t\t\t\t\t\t\t<h3>\u0130lk Avrupa Birli\u011fi  Projesi<\/h3>\n\t\t\t\t\t\t\t\t\t\t\t\t\t\t\t<\/div>\n\n\t\t\t\t\t\t\t<div class=\"desc\">\n\t\t\t\t\t\t\t\t<p>Nisan 2024&#039;te derne\u011fin ilk projesi Avrupa Birli\u011fi Sivil D\u00fc\u015f\u00fcn Program\u0131 deste\u011fiyle hayata ge\u00e7irildi. <\/p>\n\t\t\t\t\t\t\t<\/div>\n\n\t\t\t\t\t\t<\/div>\n\t\t\t\t\t<\/div>\n\t\t\t\t\t\t\t\t\t<\/div>\n\n\t\t\t\t<\/div>\n\t\t\t\t<\/div>\n\t\t\t\t\t<\/div>\n\t\t<\/div>\n\t\t\t\t\t<\/div>\n\t\t<\/section>\n\t\t\t\t<\/div>\n\t\t","protected":false},"excerpt":{"rendered":"<p>Leyli&#8217;nin Hikayesi 2017 de ba\u015flayan yolculu\u011fumuz&#8230; 2017 Fikir Nas\u0131l Olu\u015ftu? Leyli Sanat, 1 Aral\u0131k 2017 gecesinde ak\u0131llara d\u00fc\u015ft\u00fc; ana ak\u0131m \u00fcretim alanlar\u0131nda yer bulamama endi\u015fesiyle, bir &quot;alternatif \u00fcretim alan\u0131&quot; hayali olarak do\u011fdu. &#160;&#160;&#160;&#160;&#160;&#160;&#160;&#160;&#160;&#160;&#160;&#160;&#160;&#160;&#160;&#160;&#160;&#160;&#160;&#160;&#160;&#160;&#160;&#160;&#160;&#160;&#160;&#160;&#160;&#160;&#160;&#160;&#160;&#160;&#160;&#160;&#160;&#160;&#160;&#160;&#160;&#160;&#160;&#160;&#160;&#160;&#160;&#160;&#160;&#160;&#160;&#160;&#160;&#160;&#160;&#160;&#160;&#160;&#160;&#160;&#160;&#160;&#160;&#160;&#160;&#160;&#160;&#160;&#160;&#160;&#160;&#160;&#160;&#160;&#160;&#160;&#160;&#160;&#160;&#160;&#160;&#160;&#160;&#160;&#160;&#160;&#160;&#160;&#160;&#160;&#160;&#160;&#160;&#160;&#160;&#160;&#160;&#160;&#160;&#160;&#160;&#160;&#160;&#160;&#160;&#160;&#160;&#160;&#160;&#160;&#160;&#160;&#160;&#160;&#160;&#160;&#160; Sinema b\u00f6l\u00fcm\u00fc \u00f6\u011frencisi olan Ufuk, bu fikir \u00fczerine sabaha kadar \u00e7al\u0131\u015ft\u0131, notlar ald\u0131 ve sabah arkada\u015flar\u0131yla payla\u015ft\u0131. Sosyal medya \u00fczerinden de duyurdu\u011fu bu fikir, k\u0131sa s\u00fcrede ilgi g\u00f6rd\u00fc ve toplant\u0131lar yap\u0131larak derne\u011fin temelleri at\u0131lmaya ba\u015fland\u0131. \u201cGece\u201d anlam\u0131na gelen &quot;Leyli&quot; ismi, geceleyin yap\u0131lan yarat\u0131c\u0131 \u00e7al\u0131\u015fmalar\u0131n ilham\u0131ndan geldi.&#160;&#160;&#160;&#160;&#160;&#160;&#160;&#160;&#160;&#160;&#160;&#160;&#160;&#160;&#160;&#160;&#160;&#160;&#160;&#160;&#160;&#160;&#160;&#160;&#160;&#160;&#160;&#160;&#160;&#160;&#160;&#160;&#160;&#160;&#160;&#160;&#160;&#160;&#160;&#160;&#160;&#160;&#160;&#160;&#160;&#160;&#160;&#160;&#160;&#160;&#160;&#160; 2018 Kurulu\u015f Leyli Sanat, 1 Aral\u0131k 2018&#039;de resmi olarak kuruldu\u011funu duyurdu, g\u00f6n\u00fcll\u00fc \u00e7a\u011fr\u0131lar\u0131na ba\u015flad\u0131 ve etkinlikler d\u00fczenledi. K\u0131sa s\u00fcrede ba\u011f\u0131n\u0131 kuvvetlendiren g\u00f6n\u00fcll\u00fc ekip, STGM Derne\u011finin bir\u00e7ok etkinli\u011fine kat\u0131ld\u0131 ve platformun kapasitesini artt\u0131rarak sivil toplum alan\u0131nda daha \u00f6zg\u00fcvenli hale geldi. 2019&#039;da Sivil Sesler Festivali&#039;ne kat\u0131lan Leyli Sanat\u2019\u0131n di\u011fer sivil toplum \u00f6rg\u00fctleriyle i\u015fbirlikleri de g\u00fc\u00e7lendi. 2021 Resmi Dernek Stat\u00fcs\u00fc Leyli Sanat, 15 Ocak 2021&#039;de resmi dernek stat\u00fcs\u00fc kazand\u0131 ve \u0130stanbul Kartal&#039;daki ilk ofisinde, k\u0131s\u0131tl\u0131 ekonomik kaynaklara ra\u011fmen, belediyeler ve \u00f6zel kurumlarla i\u015fbirlikleri yaparak etkinliklerini daha profesyonel hale getirdi ve binlerce ki\u015fiye ula\u015ft\u0131. Ocak 2024 Kad\u0131k\u00f6y&#8217;deki Yeni Ofisimize Ta\u015f\u0131nd\u0131k Kad\u0131k\u00f6y ve Beyo\u011flu gibi \u00e7ok k\u00fclt\u00fcrl\u00fc il\u00e7elerde bir\u00e7ok etkinlik ger\u00e7ekle\u015ftirdikten sonra, dernek ofisi daha geni\u015f kitlelere ula\u015fmak amac\u0131yla Kad\u0131k\u00f6y&#039;e ta\u015f\u0131nd\u0131. Leyli Sanat Derne\u011fi, \u015eubat 2024 itibariyle Kad\u0131k\u00f6y Osmana\u011fa&#039;daki ofisinde aktif bir \u015fekilde faaliyetlerini s\u00fcrd\u00fcr\u00fcyor. \u015eubat 2024 Sanat ve Sivil Toplum Bir Arada: S\u0130YAH E-Dergi S\u0130YAH (Sanat, \u0130lham, Ya\u015fam, Adalet, Hak) adl\u0131 e-dergi projesiyle k\u00fclt\u00fcr-sanat ve sivil toplum alanlar\u0131n\u0131 birle\u015ftirerek, nitelikli, kapsay\u0131c\u0131 ve \u00e7e\u015fitli i\u00e7erikler yay\u0131mlamaya devam ediyor. Nisan 2024 \u0130lk Avrupa Birli\u011fi Projesi Nisan 2024&#039;te derne\u011fin ilk projesi Avrupa Birli\u011fi Sivil D\u00fc\u015f\u00fcn Program\u0131 deste\u011fiyle hayata ge\u00e7irildi.<\/p>\n","protected":false},"author":1,"featured_media":5904,"parent":0,"menu_order":0,"comment_status":"closed","ping_status":"closed","template":"elementor_header_footer","meta":{"_piecal_is_event":false,"_piecal_start_date":"","_piecal_end_date":"","_piecal_is_allday":false,"footnotes":""},"class_list":["post-6450","page","type-page","status-publish","has-post-thumbnail","hentry"],"jetpack_sharing_enabled":true,"rttpg_featured_image_url":{"full":["https:\/\/erkanelibol.com.tr\/leylison\/wp-content\/uploads\/2020\/08\/history_bg_header-1.jpg",1920,300,false],"landscape":["https:\/\/erkanelibol.com.tr\/leylison\/wp-content\/uploads\/2020\/08\/history_bg_header-1.jpg",1920,300,false],"portraits":["https:\/\/erkanelibol.com.tr\/leylison\/wp-content\/uploads\/2020\/08\/history_bg_header-1.jpg",1920,300,false],"thumbnail":["https:\/\/erkanelibol.com.tr\/leylison\/wp-content\/uploads\/2020\/08\/history_bg_header-1-150x150.jpg",150,150,true],"medium":["https:\/\/erkanelibol.com.tr\/leylison\/wp-content\/uploads\/2020\/08\/history_bg_header-1-300x47.jpg",300,47,true],"large":["https:\/\/erkanelibol.com.tr\/leylison\/wp-content\/uploads\/2020\/08\/history_bg_header-1-1024x160.jpg",1024,160,true],"meafe-featured-page":["https:\/\/erkanelibol.com.tr\/leylison\/wp-content\/uploads\/2020\/08\/history_bg_header-1.jpg",500,78,false],"meafe-testimonial-two":["https:\/\/erkanelibol.com.tr\/leylison\/wp-content\/uploads\/2020\/08\/history_bg_header-1.jpg",272,43,false],"meafe-blog-one":["https:\/\/erkanelibol.com.tr\/leylison\/wp-content\/uploads\/2020\/08\/history_bg_header-1.jpg",370,58,false],"meafe-blog-two":["https:\/\/erkanelibol.com.tr\/leylison\/wp-content\/uploads\/2020\/08\/history_bg_header-1.jpg",197,31,false],"meafe-category-tab":["https:\/\/erkanelibol.com.tr\/leylison\/wp-content\/uploads\/2020\/08\/history_bg_header-1.jpg",355,55,false],"meafe-category-grid":["https:\/\/erkanelibol.com.tr\/leylison\/wp-content\/uploads\/2020\/08\/history_bg_header-1.jpg",370,58,false],"meafe-category-grid-one":["https:\/\/erkanelibol.com.tr\/leylison\/wp-content\/uploads\/2020\/08\/history_bg_header-1.jpg",570,89,false],"meafe-category-grid-two":["https:\/\/erkanelibol.com.tr\/leylison\/wp-content\/uploads\/2020\/08\/history_bg_header-1.jpg",270,42,false],"meafe-category-grid-three":["https:\/\/erkanelibol.com.tr\/leylison\/wp-content\/uploads\/2020\/08\/history_bg_header-1.jpg",570,89,false],"meafe-category-grid-lay-three":["https:\/\/erkanelibol.com.tr\/leylison\/wp-content\/uploads\/2020\/08\/history_bg_header-1.jpg",170,27,false],"meafe-post-modules-small-img":["https:\/\/erkanelibol.com.tr\/leylison\/wp-content\/uploads\/2020\/08\/history_bg_header-1.jpg",300,47,false],"1536x1536":["https:\/\/erkanelibol.com.tr\/leylison\/wp-content\/uploads\/2020\/08\/history_bg_header-1-1536x240.jpg",1536,240,true],"2048x2048":["https:\/\/erkanelibol.com.tr\/leylison\/wp-content\/uploads\/2020\/08\/history_bg_header-1.jpg",1920,300,false],"egovt_portfolio_thumb":["https:\/\/erkanelibol.com.tr\/leylison\/wp-content\/uploads\/2020\/08\/history_bg_header-1-600x94.jpg",600,94,true],"egovt_blog_thumb":["https:\/\/erkanelibol.com.tr\/leylison\/wp-content\/uploads\/2020\/08\/history_bg_header-1-560x88.jpg",560,88,true],"jeg-360x540":["https:\/\/erkanelibol.com.tr\/leylison\/wp-content\/uploads\/2020\/08\/history_bg_header-1.jpg",360,56,false],"jeg-360x480":["https:\/\/erkanelibol.com.tr\/leylison\/wp-content\/uploads\/2020\/08\/history_bg_header-1.jpg",360,56,false],"jeg-90x90":["https:\/\/erkanelibol.com.tr\/leylison\/wp-content\/uploads\/2020\/08\/history_bg_header-1.jpg",90,14,false],"jeg-370x370":["https:\/\/erkanelibol.com.tr\/leylison\/wp-content\/uploads\/2020\/08\/history_bg_header-1.jpg",370,58,false],"jeg-featured-750":["https:\/\/erkanelibol.com.tr\/leylison\/wp-content\/uploads\/2020\/08\/history_bg_header-1.jpg",750,117,false],"jeg-featured-1140":["https:\/\/erkanelibol.com.tr\/leylison\/wp-content\/uploads\/2020\/08\/history_bg_header-1.jpg",1140,178,false],"jeg-120x96":["https:\/\/erkanelibol.com.tr\/leylison\/wp-content\/uploads\/2020\/08\/history_bg_header-1.jpg",120,19,false],"jeg-370x296":["https:\/\/erkanelibol.com.tr\/leylison\/wp-content\/uploads\/2020\/08\/history_bg_header-1.jpg",370,58,false],"jeg-750x536":["https:\/\/erkanelibol.com.tr\/leylison\/wp-content\/uploads\/2020\/08\/history_bg_header-1.jpg",750,117,false],"jeg-360x180":["https:\/\/erkanelibol.com.tr\/leylison\/wp-content\/uploads\/2020\/08\/history_bg_header-1.jpg",360,56,false],"jeg-800x400":["https:\/\/erkanelibol.com.tr\/leylison\/wp-content\/uploads\/2020\/08\/history_bg_header-1.jpg",800,125,false],"jeg-1140x570":["https:\/\/erkanelibol.com.tr\/leylison\/wp-content\/uploads\/2020\/08\/history_bg_header-1.jpg",1140,178,false]},"rttpg_author":{"display_name":"Leyli Sanat Derne\u011fi","author_link":"https:\/\/erkanelibol.com.tr\/leylison\/author\/superadmin\/"},"rttpg_comment":0,"rttpg_category":" <a href=\"https:\/\/erkanelibol.com.tr\/leylison\/\" rel=\"tag\">T\u00fcrk\u00e7e<\/a>","rttpg_excerpt":"Leyli&#8217;nin Hikayesi 2017 de ba\u015flayan yolculu\u011fumuz&#8230; 2017 Fikir Nas\u0131l Olu\u015ftu? Leyli Sanat, 1 Aral\u0131k 2017 gecesinde ak\u0131llara d\u00fc\u015ft\u00fc; ana ak\u0131m \u00fcretim alanlar\u0131nda yer bulamama endi\u015fesiyle, bir &quot;alternatif \u00fcretim alan\u0131&quot; hayali olarak do\u011fdu. &#160;&#160;&#160;&#160;&#160;&#160;&#160;&#160;&#160;&#160;&#160;&#160;&#160;&#160;&#160;&#160;&#160;&#160;&#160;&#160;&#160;&#160;&#160;&#160;&#160;&#160;&#160;&#160;&#160;&#160;&#160;&#160;&#160;&#160;&#160;&#160;&#160;&#160;&#160;&#160;&#160;&#160;&#160;&#160;&#160;&#160;&#160;&#160;&#160;&#160;&#160;&#160;&#160;&#160;&#160;&#160;&#160;&#160;&#160;&#160;&#160;&#160;&#160;&#160;&#160;&#160;&#160;&#160;&#160;&#160;&#160;&#160;&#160;&#160;&#160;&#160;&#160;&#160;&#160;&#160;&#160;&#160;&#160;&#160;&#160;&#160;&#160;&#160;&#160;&#160;&#160;&#160;&#160;&#160;&#160;&#160;&#160;&#160;&#160;&#160;&#160;&#160;&#160;&#160;&#160;&#160;&#160;&#160;&#160;&#160;&#160;&#160;&#160;&#160;&#160;&#160;&#160; Sinema b\u00f6l\u00fcm\u00fc \u00f6\u011frencisi olan Ufuk, bu fikir \u00fczerine sabaha kadar \u00e7al\u0131\u015ft\u0131, notlar ald\u0131 ve sabah arkada\u015flar\u0131yla payla\u015ft\u0131. Sosyal medya \u00fczerinden de duyurdu\u011fu&hellip;","_links":{"self":[{"href":"https:\/\/erkanelibol.com.tr\/leylison\/wp-json\/wp\/v2\/pages\/6450","targetHints":{"allow":["GET"]}}],"collection":[{"href":"https:\/\/erkanelibol.com.tr\/leylison\/wp-json\/wp\/v2\/pages"}],"about":[{"href":"https:\/\/erkanelibol.com.tr\/leylison\/wp-json\/wp\/v2\/types\/page"}],"author":[{"embeddable":true,"href":"https:\/\/erkanelibol.com.tr\/leylison\/wp-json\/wp\/v2\/users\/1"}],"replies":[{"embeddable":true,"href":"https:\/\/erkanelibol.com.tr\/leylison\/wp-json\/wp\/v2\/comments?post=6450"}],"version-history":[{"count":24,"href":"https:\/\/erkanelibol.com.tr\/leylison\/wp-json\/wp\/v2\/pages\/6450\/revisions"}],"predecessor-version":[{"id":8518,"href":"https:\/\/erkanelibol.com.tr\/leylison\/wp-json\/wp\/v2\/pages\/6450\/revisions\/8518"}],"wp:featuredmedia":[{"embeddable":true,"href":"https:\/\/erkanelibol.com.tr\/leylison\/wp-json\/wp\/v2\/media\/5904"}],"wp:attachment":[{"href":"https:\/\/erkanelibol.com.tr\/leylison\/wp-json\/wp\/v2\/media?parent=6450"}],"curies":[{"name":"wp","href":"https:\/\/api.w.org\/{rel}","templated":true}]}}